{"id":1641,"date":"2019-05-30T20:42:44","date_gmt":"2019-05-30T18:42:44","guid":{"rendered":"http:\/\/visualreklama.pl\/?page_id=1641"},"modified":"2019-06-24T16:28:28","modified_gmt":"2019-06-24T14:28:28","slug":"lacobele","status":"publish","type":"page","link":"https:\/\/visualreklama.pl\/index.php\/elementy-aranzacji-wnetrz\/lacobele\/","title":{"rendered":"Lacobele"},"content":{"rendered":"\t\t<div data-elementor-type=\"wp-post\" data-elementor-id=\"1641\" class=\"elementor elementor-1641\" data-elementor-post-type=\"page\">\n\t\t\t\t\t\t<section class=\"elementor-section elementor-top-section elementor-element elementor-element-3d96354a elementor-hidden-desktop elementor-hidden-tablet elementor-section-boxed elementor-section-height-default elementor-section-height-default\" data-id=\"3d96354a\" data-element_type=\"section\" data-e-type=\"section\" data-settings=\"{&quot;background_background&quot;:&quot;classic&quot;}\">\n\t\t\t\t\t\t<div class=\"elementor-container elementor-column-gap-no\">\n\t\t\t\t\t<div class=\"elementor-column elementor-col-100 elementor-top-column elementor-element elementor-element-4eea0bb1\" data-id=\"4eea0bb1\" data-element_type=\"column\" data-e-type=\"column\">\n\t\t\t<div class=\"elementor-widget-wrap elementor-element-populated\">\n\t\t\t\t\t\t<div class=\"elementor-element elementor-element-115a95d4 elementor-widget elementor-widget-image\" data-id=\"115a95d4\" data-element_type=\"widget\" data-e-type=\"widget\" data-widget_type=\"image.default\">\n\t\t\t\t<div class=\"elementor-widget-container\">\n\t\t\t\t\t\t\t\t\t\t\t\t\t\t\t<img fetchpriority=\"high\" decoding=\"async\" width=\"768\" height=\"512\" src=\"https:\/\/visualreklama.pl\/wp-content\/uploads\/2019\/06\/zdj\u0119cie-lacobele-768x512.jpg\" class=\"attachment-medium_large size-medium_large wp-image-1700\" alt=\"\" srcset=\"https:\/\/visualreklama.pl\/wp-content\/uploads\/2019\/06\/zdj\u0119cie-lacobele-768x512.jpg 768w, https:\/\/visualreklama.pl\/wp-content\/uploads\/2019\/06\/zdj\u0119cie-lacobele-300x200.jpg 300w, https:\/\/visualreklama.pl\/wp-content\/uploads\/2019\/06\/zdj\u0119cie-lacobele-1024x683.jpg 1024w, https:\/\/visualreklama.pl\/wp-content\/uploads\/2019\/06\/zdj\u0119cie-lacobele-e1561194582798.jpg 1500w\" sizes=\"(max-width: 768px) 100vw, 768px\" \/>\t\t\t\t\t\t\t\t\t\t\t\t\t\t\t<\/div>\n\t\t\t\t<\/div>\n\t\t\t\t<div class=\"elementor-element elementor-element-233d4d40 elementor-widget elementor-widget-heading\" data-id=\"233d4d40\" data-element_type=\"widget\" data-e-type=\"widget\" data-widget_type=\"heading.default\">\n\t\t\t\t<div class=\"elementor-widget-container\">\n\t\t\t\t\t<h2 class=\"elementor-heading-title elementor-size-default\">Lacobele<\/h2>\t\t\t\t<\/div>\n\t\t\t\t<\/div>\n\t\t\t\t<div class=\"elementor-element elementor-element-2a014910 section-about-services elementor-widget elementor-widget-text-editor\" data-id=\"2a014910\" data-element_type=\"widget\" data-e-type=\"widget\" data-widget_type=\"text-editor.default\">\n\t\t\t\t<div class=\"elementor-widget-container\">\n\t\t\t\t\t\t\t\t\t<p>Funkcjonalne i estetyczne szk\u0142o lakierowane na jeden kolor. Mo\u017cna je zastosowa\u0107 na \u015bcianie jako jednolit\u0105 du\u017c\u0105 powierzchni\u0119 lub zaprojektowa\u0107 uk\u0142ad mniejszych paneli szklanych, kt\u00f3re mog\u0105 by\u0107 uk\u0142adane w taki sam spos\u00f3b jak typowe p\u0142ytki ceramiczne lub wstawki ze zdj\u0119ciami pomi\u0119dzy tradycyjnymi p\u0142ytkami. Panele szklane w jednolitym kolorze doskonale wygl\u0105daj\u0105 w prostych wn\u0119trzach o klasycznym wystroju. Z drugiej strony, mog\u0105 stanowi\u0107 r\u00f3wnowag\u0119 dla barwnego i bardziej krzykliwego otoczenia. Wybieraj\u0105c szk\u0142o lacobel w odcieniach bieli mo\u017cna by\u0107 pewnym \u017ce sprawdzi si\u0119 ono w towarzystwie praktycznie wszystkich kolor\u00f3w jak i faktur, stanowi\u0105c dla nich doskona\u0142e t\u0142o. B\u0119dzie odpowiednie, je\u015bli stawiamy na funkcjonalno\u015b\u0107. Niew\u0105tpliw\u0105 zalet\u0105 jest ich trwa\u0142o\u015b\u0107 i estetyka. Warstwa lakieru na szklanej tafli jest umieszczona po stronie struktury no\u015bnej, od spodu. Ten spos\u00f3b pozwala zabezpieczy\u0107 kolor szk\u0142a i jest \u0142atwy w utrzymaniu czysto\u015bci. Zastosowanie lacobeli: Ok\u0142adziny \u015bcian w kuchni, \u0142azience (jako panele szklane), pomieszczeniach biurowych i u\u017cyteczno\u015bci publicznej. Wype\u0142nienie drzwi przesuwnych w szafach, front\u00f3w mebli kuchennych i pokojowych, blaty sto\u0142\u00f3w. Inne elementy aran\u017cacji wn\u0119trz.<\/p>\t\t\t\t\t\t\t\t<\/div>\n\t\t\t\t<\/div>\n\t\t\t\t<div class=\"elementor-element elementor-element-b2b34fd elementor-nav-menu__text-align-center elementor-widget elementor-widget-nav-menu\" data-id=\"b2b34fd\" data-element_type=\"widget\" data-e-type=\"widget\" data-settings=\"{&quot;layout&quot;:&quot;dropdown&quot;,&quot;submenu_icon&quot;:{&quot;value&quot;:&quot;&lt;i class=\\&quot;fa fa-caret-down\\&quot; aria-hidden=\\&quot;true\\&quot;&gt;&lt;\\\/i&gt;&quot;,&quot;library&quot;:&quot;fa-solid&quot;}}\" data-widget_type=\"nav-menu.default\">\n\t\t\t\t<div class=\"elementor-widget-container\">\n\t\t\t\t\t\t\t\t<nav class=\"elementor-nav-menu--dropdown elementor-nav-menu__container\" aria-hidden=\"true\">\n\t\t\t\t<ul id=\"menu-2-b2b34fd\" class=\"elementor-nav-menu\"><li class=\"menu-item menu-item-type-post_type menu-item-object-page menu-item-694\"><a href=\"https:\/\/visualreklama.pl\/index.php\/elementy-aranzacji-wnetrz\/\" class=\"elementor-item\" tabindex=\"-1\">Elementy aran\u017cacji wn\u0119trz<\/a><\/li>\n<li class=\"menu-item menu-item-type-post_type menu-item-object-page menu-item-695\"><a href=\"https:\/\/visualreklama.pl\/index.php\/elementy-aranzacji-wnetrz\/projekty-graficzne-i-wizualizacje\/\" class=\"elementor-item\" tabindex=\"-1\">Projekty graficzne i wizualizacje<\/a><\/li>\n<li class=\"menu-item menu-item-type-post_type menu-item-object-page menu-item-696\"><a href=\"https:\/\/visualreklama.pl\/index.php\/elementy-aranzacji-wnetrz\/fototapety-z-montazem\/\" class=\"elementor-item\" tabindex=\"-1\">Fototapety z monta\u017cem<\/a><\/li>\n<li class=\"menu-item menu-item-type-post_type menu-item-object-page menu-item-697\"><a href=\"https:\/\/visualreklama.pl\/index.php\/elementy-aranzacji-wnetrz\/panele-szklane-lacobele\/\" class=\"elementor-item\" tabindex=\"-1\">Panele szklane<\/a><\/li>\n<li class=\"menu-item menu-item-type-post_type menu-item-object-page menu-item-1654\"><a href=\"https:\/\/visualreklama.pl\/index.php\/elementy-aranzacji-wnetrz\/lacobele\/\" class=\"elementor-item\" tabindex=\"-1\">Lacobele<\/a><\/li>\n<li class=\"menu-item menu-item-type-post_type menu-item-object-page menu-item-1653\"><a href=\"https:\/\/visualreklama.pl\/index.php\/elementy-aranzacji-wnetrz\/nadruki-na-plytach-meblowych\/\" class=\"elementor-item\" tabindex=\"-1\">Nadruki na p\u0142ytach meblowych<\/a><\/li>\n<li class=\"menu-item menu-item-type-post_type menu-item-object-page menu-item-698\"><a href=\"https:\/\/visualreklama.pl\/index.php\/elementy-aranzacji-wnetrz\/obrazy-na-szkle-i-plexi\/\" class=\"elementor-item\" tabindex=\"-1\">Obrazy na szkle i plexi<\/a><\/li>\n<li class=\"menu-item menu-item-type-post_type menu-item-object-page menu-item-699\"><a href=\"https:\/\/visualreklama.pl\/index.php\/elementy-aranzacji-wnetrz\/obrazy-na-plotnie\/\" class=\"elementor-item\" tabindex=\"-1\">Obrazy na p\u0142\u00f3tnie<\/a><\/li>\n<li class=\"menu-item menu-item-type-post_type menu-item-object-page menu-item-700\"><a href=\"https:\/\/visualreklama.pl\/index.php\/elementy-aranzacji-wnetrz\/systemy-wystawiennicze\/\" class=\"elementor-item\" tabindex=\"-1\">Systemy wystawiennicze<\/a><\/li>\n<li class=\"menu-item menu-item-type-post_type menu-item-object-page menu-item-701\"><a href=\"https:\/\/visualreklama.pl\/index.php\/elementy-aranzacji-wnetrz\/identyfikacja-wizualna\/\" class=\"elementor-item\" tabindex=\"-1\">Identyfikacja wizualna<\/a><\/li>\n<li class=\"menu-item menu-item-type-post_type menu-item-object-page menu-item-702\"><a href=\"https:\/\/visualreklama.pl\/index.php\/elementy-aranzacji-wnetrz\/fotografia-uzytkowa\/\" class=\"elementor-item\" tabindex=\"-1\">Fotografia u\u017cytkowa<\/a><\/li>\n<\/ul>\t\t\t<\/nav>\n\t\t\t\t\t\t<\/div>\n\t\t\t\t<\/div>\n\t\t\t\t\t<\/div>\n\t\t<\/div>\n\t\t\t\t\t<\/div>\n\t\t<\/section>\n\t\t\t\t<div class=\"elementor-section elementor-top-section elementor-element elementor-element-1c5ee8a6 elementor-section-height-full elementor-section-items-stretch elementor-section-full_width elementor-hidden-phone elementor-section-height-default\" data-id=\"1c5ee8a6\" data-element_type=\"section\" data-e-type=\"section\">\n\t\t\t\t\t\t\t<div class=\"elementor-background-overlay\"><\/div>\n\t\t\t\t\t\t\t<div class=\"elementor-container elementor-column-gap-default\">\n\t\t\t\t\t<div class=\"elementor-column elementor-col-50 elementor-top-column elementor-element elementor-element-604cee1b\" data-id=\"604cee1b\" data-element_type=\"column\" data-e-type=\"column\" data-settings=\"{&quot;background_background&quot;:&quot;classic&quot;}\">\n\t\t\t<div class=\"elementor-widget-wrap elementor-element-populated\">\n\t\t\t\t\t\t<div class=\"elementor-element elementor-element-56202988 elementor-nav-menu__align-start section-menu elementor-nav-menu__text-align-center elementor-nav-menu--dropdown-tablet elementor-nav-menu--toggle elementor-nav-menu--burger elementor-widget elementor-widget-nav-menu\" data-id=\"56202988\" data-element_type=\"widget\" data-e-type=\"widget\" data-settings=\"{&quot;layout&quot;:&quot;vertical&quot;,&quot;submenu_icon&quot;:{&quot;value&quot;:&quot;&lt;i class=\\&quot;fa fa-caret-down\\&quot; aria-hidden=\\&quot;true\\&quot;&gt;&lt;\\\/i&gt;&quot;,&quot;library&quot;:&quot;fa-solid&quot;},&quot;toggle&quot;:&quot;burger&quot;}\" data-widget_type=\"nav-menu.default\">\n\t\t\t\t<div class=\"elementor-widget-container\">\n\t\t\t\t\t\t\t\t<nav aria-label=\"Menu\" class=\"elementor-nav-menu--main elementor-nav-menu__container elementor-nav-menu--layout-vertical e--pointer-background e--animation-none\">\n\t\t\t\t<ul id=\"menu-1-56202988\" class=\"elementor-nav-menu sm-vertical\"><li class=\"menu-item menu-item-type-post_type menu-item-object-page menu-item-694\"><a href=\"https:\/\/visualreklama.pl\/index.php\/elementy-aranzacji-wnetrz\/\" class=\"elementor-item\">Elementy aran\u017cacji wn\u0119trz<\/a><\/li>\n<li class=\"menu-item menu-item-type-post_type menu-item-object-page menu-item-695\"><a href=\"https:\/\/visualreklama.pl\/index.php\/elementy-aranzacji-wnetrz\/projekty-graficzne-i-wizualizacje\/\" class=\"elementor-item\">Projekty graficzne i wizualizacje<\/a><\/li>\n<li class=\"menu-item menu-item-type-post_type menu-item-object-page menu-item-696\"><a href=\"https:\/\/visualreklama.pl\/index.php\/elementy-aranzacji-wnetrz\/fototapety-z-montazem\/\" class=\"elementor-item\">Fototapety z monta\u017cem<\/a><\/li>\n<li class=\"menu-item menu-item-type-post_type menu-item-object-page menu-item-697\"><a href=\"https:\/\/visualreklama.pl\/index.php\/elementy-aranzacji-wnetrz\/panele-szklane-lacobele\/\" class=\"elementor-item\">Panele szklane<\/a><\/li>\n<li class=\"menu-item menu-item-type-post_type menu-item-object-page menu-item-1654\"><a href=\"https:\/\/visualreklama.pl\/index.php\/elementy-aranzacji-wnetrz\/lacobele\/\" class=\"elementor-item\">Lacobele<\/a><\/li>\n<li class=\"menu-item menu-item-type-post_type menu-item-object-page menu-item-1653\"><a href=\"https:\/\/visualreklama.pl\/index.php\/elementy-aranzacji-wnetrz\/nadruki-na-plytach-meblowych\/\" class=\"elementor-item\">Nadruki na p\u0142ytach meblowych<\/a><\/li>\n<li class=\"menu-item menu-item-type-post_type menu-item-object-page menu-item-698\"><a href=\"https:\/\/visualreklama.pl\/index.php\/elementy-aranzacji-wnetrz\/obrazy-na-szkle-i-plexi\/\" class=\"elementor-item\">Obrazy na szkle i plexi<\/a><\/li>\n<li class=\"menu-item menu-item-type-post_type menu-item-object-page menu-item-699\"><a href=\"https:\/\/visualreklama.pl\/index.php\/elementy-aranzacji-wnetrz\/obrazy-na-plotnie\/\" class=\"elementor-item\">Obrazy na p\u0142\u00f3tnie<\/a><\/li>\n<li class=\"menu-item menu-item-type-post_type menu-item-object-page menu-item-700\"><a href=\"https:\/\/visualreklama.pl\/index.php\/elementy-aranzacji-wnetrz\/systemy-wystawiennicze\/\" class=\"elementor-item\">Systemy wystawiennicze<\/a><\/li>\n<li class=\"menu-item menu-item-type-post_type menu-item-object-page menu-item-701\"><a href=\"https:\/\/visualreklama.pl\/index.php\/elementy-aranzacji-wnetrz\/identyfikacja-wizualna\/\" class=\"elementor-item\">Identyfikacja wizualna<\/a><\/li>\n<li class=\"menu-item menu-item-type-post_type menu-item-object-page menu-item-702\"><a href=\"https:\/\/visualreklama.pl\/index.php\/elementy-aranzacji-wnetrz\/fotografia-uzytkowa\/\" class=\"elementor-item\">Fotografia u\u017cytkowa<\/a><\/li>\n<\/ul>\t\t\t<\/nav>\n\t\t\t\t\t<div class=\"elementor-menu-toggle\" role=\"button\" tabindex=\"0\" aria-label=\"Menu Toggle\" aria-expanded=\"false\">\n\t\t\t<i aria-hidden=\"true\" role=\"presentation\" class=\"elementor-menu-toggle__icon--open eicon-menu-bar\"><\/i><i aria-hidden=\"true\" role=\"presentation\" class=\"elementor-menu-toggle__icon--close eicon-close\"><\/i>\t\t<\/div>\n\t\t\t\t\t<nav class=\"elementor-nav-menu--dropdown elementor-nav-menu__container\" aria-hidden=\"true\">\n\t\t\t\t<ul id=\"menu-2-56202988\" class=\"elementor-nav-menu sm-vertical\"><li class=\"menu-item menu-item-type-post_type menu-item-object-page menu-item-694\"><a href=\"https:\/\/visualreklama.pl\/index.php\/elementy-aranzacji-wnetrz\/\" class=\"elementor-item\" tabindex=\"-1\">Elementy aran\u017cacji wn\u0119trz<\/a><\/li>\n<li class=\"menu-item menu-item-type-post_type menu-item-object-page menu-item-695\"><a href=\"https:\/\/visualreklama.pl\/index.php\/elementy-aranzacji-wnetrz\/projekty-graficzne-i-wizualizacje\/\" class=\"elementor-item\" tabindex=\"-1\">Projekty graficzne i wizualizacje<\/a><\/li>\n<li class=\"menu-item menu-item-type-post_type menu-item-object-page menu-item-696\"><a href=\"https:\/\/visualreklama.pl\/index.php\/elementy-aranzacji-wnetrz\/fototapety-z-montazem\/\" class=\"elementor-item\" tabindex=\"-1\">Fototapety z monta\u017cem<\/a><\/li>\n<li class=\"menu-item menu-item-type-post_type menu-item-object-page menu-item-697\"><a href=\"https:\/\/visualreklama.pl\/index.php\/elementy-aranzacji-wnetrz\/panele-szklane-lacobele\/\" class=\"elementor-item\" tabindex=\"-1\">Panele szklane<\/a><\/li>\n<li class=\"menu-item menu-item-type-post_type menu-item-object-page menu-item-1654\"><a href=\"https:\/\/visualreklama.pl\/index.php\/elementy-aranzacji-wnetrz\/lacobele\/\" class=\"elementor-item\" tabindex=\"-1\">Lacobele<\/a><\/li>\n<li class=\"menu-item menu-item-type-post_type menu-item-object-page menu-item-1653\"><a href=\"https:\/\/visualreklama.pl\/index.php\/elementy-aranzacji-wnetrz\/nadruki-na-plytach-meblowych\/\" class=\"elementor-item\" tabindex=\"-1\">Nadruki na p\u0142ytach meblowych<\/a><\/li>\n<li class=\"menu-item menu-item-type-post_type menu-item-object-page menu-item-698\"><a href=\"https:\/\/visualreklama.pl\/index.php\/elementy-aranzacji-wnetrz\/obrazy-na-szkle-i-plexi\/\" class=\"elementor-item\" tabindex=\"-1\">Obrazy na szkle i plexi<\/a><\/li>\n<li class=\"menu-item menu-item-type-post_type menu-item-object-page menu-item-699\"><a href=\"https:\/\/visualreklama.pl\/index.php\/elementy-aranzacji-wnetrz\/obrazy-na-plotnie\/\" class=\"elementor-item\" tabindex=\"-1\">Obrazy na p\u0142\u00f3tnie<\/a><\/li>\n<li class=\"menu-item menu-item-type-post_type menu-item-object-page menu-item-700\"><a href=\"https:\/\/visualreklama.pl\/index.php\/elementy-aranzacji-wnetrz\/systemy-wystawiennicze\/\" class=\"elementor-item\" tabindex=\"-1\">Systemy wystawiennicze<\/a><\/li>\n<li class=\"menu-item menu-item-type-post_type menu-item-object-page menu-item-701\"><a href=\"https:\/\/visualreklama.pl\/index.php\/elementy-aranzacji-wnetrz\/identyfikacja-wizualna\/\" class=\"elementor-item\" tabindex=\"-1\">Identyfikacja wizualna<\/a><\/li>\n<li class=\"menu-item menu-item-type-post_type menu-item-object-page menu-item-702\"><a href=\"https:\/\/visualreklama.pl\/index.php\/elementy-aranzacji-wnetrz\/fotografia-uzytkowa\/\" class=\"elementor-item\" tabindex=\"-1\">Fotografia u\u017cytkowa<\/a><\/li>\n<\/ul>\t\t\t<\/nav>\n\t\t\t\t\t\t<\/div>\n\t\t\t\t<\/div>\n\t\t\t\t\t<\/div>\n\t\t<\/div>\n\t\t\t\t<div class=\"elementor-column elementor-col-50 elementor-top-column elementor-element elementor-element-7b54f9a7\" data-id=\"7b54f9a7\" data-element_type=\"column\" data-e-type=\"column\" data-settings=\"{&quot;background_background&quot;:&quot;classic&quot;}\">\n\t\t\t<div class=\"elementor-widget-wrap elementor-element-populated\">\n\t\t\t\t\t<div class=\"elementor-background-overlay\"><\/div>\n\t\t\t\t\t\t<section class=\"elementor-section elementor-inner-section elementor-element elementor-element-4aa06033 elementor-section-boxed elementor-section-height-default elementor-section-height-default\" data-id=\"4aa06033\" data-element_type=\"section\" data-e-type=\"section\">\n\t\t\t\t\t\t<div class=\"elementor-container elementor-column-gap-no\">\n\t\t\t\t\t<div class=\"elementor-column elementor-col-100 elementor-inner-column elementor-element elementor-element-75626cf7\" data-id=\"75626cf7\" data-element_type=\"column\" data-e-type=\"column\">\n\t\t\t<div class=\"elementor-widget-wrap elementor-element-populated\">\n\t\t\t\t\t\t<div class=\"elementor-element elementor-element-25491855 elementor-widget-divider--view-line elementor-widget elementor-widget-divider\" data-id=\"25491855\" data-element_type=\"widget\" data-e-type=\"widget\" data-widget_type=\"divider.default\">\n\t\t\t\t<div class=\"elementor-widget-container\">\n\t\t\t\t\t\t\t<div class=\"elementor-divider\">\n\t\t\t<span class=\"elementor-divider-separator\">\n\t\t\t\t\t\t<\/span>\n\t\t<\/div>\n\t\t\t\t\t\t<\/div>\n\t\t\t\t<\/div>\n\t\t\t\t<div class=\"elementor-element elementor-element-33f75231 section-about-services elementor-widget elementor-widget-text-editor\" data-id=\"33f75231\" data-element_type=\"widget\" data-e-type=\"widget\" data-widget_type=\"text-editor.default\">\n\t\t\t\t<div class=\"elementor-widget-container\">\n\t\t\t\t\t\t\t\t\t<p>Funkcjonalne i estetyczne szk\u0142o lakierowane na jeden kolor. Mo\u017cna je zastosowa\u0107 na \u015bcianie jako jednolit\u0105 du\u017c\u0105 powierzchni\u0119 lub zaprojektowa\u0107 uk\u0142ad mniejszych paneli szklanych, kt\u00f3re mog\u0105 by\u0107 uk\u0142adane w taki sam spos\u00f3b jak typowe p\u0142ytki ceramiczne lub wstawki ze zdj\u0119ciami pomi\u0119dzy tradycyjnymi p\u0142ytkami. Panele szklane w jednolitym kolorze doskonale wygl\u0105daj\u0105 w prostych wn\u0119trzach o klasycznym wystroju. Z drugiej strony, mog\u0105 stanowi\u0107 r\u00f3wnowag\u0119 dla barwnego i bardziej krzykliwego otoczenia. Wybieraj\u0105c szk\u0142o lacobel w odcieniach bieli mo\u017cna by\u0107 pewnym \u017ce sprawdzi si\u0119 ono w towarzystwie praktycznie wszystkich kolor\u00f3w jak i faktur, stanowi\u0105c dla nich doskona\u0142e t\u0142o. B\u0119dzie odpowiednie, je\u015bli stawiamy na funkcjonalno\u015b\u0107. Niew\u0105tpliw\u0105 zalet\u0105 jest ich trwa\u0142o\u015b\u0107 i estetyka. Warstwa lakieru na szklanej tafli jest umieszczona po stronie struktury no\u015bnej, od spodu. Ten spos\u00f3b pozwala zabezpieczy\u0107 kolor szk\u0142a i jest \u0142atwy w utrzymaniu czysto\u015bci. Zastosowanie lacobeli: Ok\u0142adziny \u015bcian w kuchni, \u0142azience (jako panele szklane), pomieszczeniach biurowych i u\u017cyteczno\u015bci publicznej. Wype\u0142nienie drzwi przesuwnych w szafach, front\u00f3w mebli kuchennych i pokojowych, blaty sto\u0142\u00f3w. Inne elementy aran\u017cacji wn\u0119trz.<\/p>\t\t\t\t\t\t\t\t<\/div>\n\t\t\t\t<\/div>\n\t\t\t\t\t<\/div>\n\t\t<\/div>\n\t\t\t\t\t<\/div>\n\t\t<\/section>\n\t\t\t\t\t<\/div>\n\t\t<\/div>\n\t\t\t\t\t<\/div>\n\t\t<\/div>\n\t\t\t\t<\/div>\n\t\t","protected":false},"excerpt":{"rendered":"<p>Lacobele Funkcjonalne i estetyczne szk\u0142o lakierowane na jeden kolor. Mo\u017cna je zastosowa\u0107 na \u015bcianie jako jednolit\u0105 du\u017c\u0105 powierzchni\u0119 lub zaprojektowa\u0107 uk\u0142ad mniejszych paneli szklanych, kt\u00f3re mog\u0105 by\u0107 uk\u0142adane w taki sam spos\u00f3b jak typowe p\u0142ytki ceramiczne lub wstawki ze zdj\u0119ciami pomi\u0119dzy tradycyjnymi p\u0142ytkami. Panele szklane w jednolitym kolorze doskonale wygl\u0105daj\u0105 w prostych wn\u0119trzach o klasycznym [&hellip;]<\/p>\n","protected":false},"author":1,"featured_media":0,"parent":377,"menu_order":4,"comment_status":"closed","ping_status":"closed","template":"elementor_header_footer","meta":{"footnotes":""},"class_list":["post-1641","page","type-page","status-publish","hentry"],"_links":{"self":[{"href":"https:\/\/visualreklama.pl\/index.php\/wp-json\/wp\/v2\/pages\/1641","targetHints":{"allow":["GET"]}}],"collection":[{"href":"https:\/\/visualreklama.pl\/index.php\/wp-json\/wp\/v2\/pages"}],"about":[{"href":"https:\/\/visualreklama.pl\/index.php\/wp-json\/wp\/v2\/types\/page"}],"author":[{"embeddable":true,"href":"https:\/\/visualreklama.pl\/index.php\/wp-json\/wp\/v2\/users\/1"}],"replies":[{"embeddable":true,"href":"https:\/\/visualreklama.pl\/index.php\/wp-json\/wp\/v2\/comments?post=1641"}],"version-history":[{"count":32,"href":"https:\/\/visualreklama.pl\/index.php\/wp-json\/wp\/v2\/pages\/1641\/revisions"}],"predecessor-version":[{"id":2512,"href":"https:\/\/visualreklama.pl\/index.php\/wp-json\/wp\/v2\/pages\/1641\/revisions\/2512"}],"up":[{"embeddable":true,"href":"https:\/\/visualreklama.pl\/index.php\/wp-json\/wp\/v2\/pages\/377"}],"wp:attachment":[{"href":"https:\/\/visualreklama.pl\/index.php\/wp-json\/wp\/v2\/media?parent=1641"}],"curies":[{"name":"wp","href":"https:\/\/api.w.org\/{rel}","templated":true}]}}