{"id":1649,"date":"2019-05-30T20:52:32","date_gmt":"2019-05-30T18:52:32","guid":{"rendered":"http:\/\/visualreklama.pl\/?page_id=1649"},"modified":"2019-06-24T16:28:41","modified_gmt":"2019-06-24T14:28:41","slug":"nadruki-na-plytach-meblowych","status":"publish","type":"page","link":"https:\/\/visualreklama.pl\/index.php\/elementy-aranzacji-wnetrz\/nadruki-na-plytach-meblowych\/","title":{"rendered":"Nadruki na p\u0142ytach meblowych"},"content":{"rendered":"\t\t<div data-elementor-type=\"wp-post\" data-elementor-id=\"1649\" class=\"elementor elementor-1649\" data-elementor-post-type=\"page\">\n\t\t\t\t\t\t<section class=\"elementor-section elementor-top-section elementor-element elementor-element-195b8fb8 elementor-hidden-desktop elementor-hidden-tablet elementor-section-boxed elementor-section-height-default elementor-section-height-default\" data-id=\"195b8fb8\" data-element_type=\"section\" data-e-type=\"section\" data-settings=\"{&quot;background_background&quot;:&quot;classic&quot;}\">\n\t\t\t\t\t\t<div class=\"elementor-container elementor-column-gap-no\">\n\t\t\t\t\t<div class=\"elementor-column elementor-col-100 elementor-top-column elementor-element elementor-element-5ebe676\" data-id=\"5ebe676\" data-element_type=\"column\" data-e-type=\"column\">\n\t\t\t<div class=\"elementor-widget-wrap elementor-element-populated\">\n\t\t\t\t\t\t<div class=\"elementor-element elementor-element-1be6bf5b elementor-widget elementor-widget-image\" data-id=\"1be6bf5b\" data-element_type=\"widget\" data-e-type=\"widget\" data-widget_type=\"image.default\">\n\t\t\t\t<div class=\"elementor-widget-container\">\n\t\t\t\t\t\t\t\t\t\t\t\t\t\t\t<img fetchpriority=\"high\" decoding=\"async\" width=\"768\" height=\"461\" src=\"https:\/\/visualreklama.pl\/wp-content\/uploads\/2019\/06\/zdj\u0119cie-nadruki-na-p\u0142ytach-meblowych-768x461.jpg\" class=\"attachment-medium_large size-medium_large wp-image-1755\" alt=\"\" srcset=\"https:\/\/visualreklama.pl\/wp-content\/uploads\/2019\/06\/zdj\u0119cie-nadruki-na-p\u0142ytach-meblowych-768x461.jpg 768w, https:\/\/visualreklama.pl\/wp-content\/uploads\/2019\/06\/zdj\u0119cie-nadruki-na-p\u0142ytach-meblowych-300x180.jpg 300w, https:\/\/visualreklama.pl\/wp-content\/uploads\/2019\/06\/zdj\u0119cie-nadruki-na-p\u0142ytach-meblowych-1024x614.jpg 1024w, https:\/\/visualreklama.pl\/wp-content\/uploads\/2019\/06\/zdj\u0119cie-nadruki-na-p\u0142ytach-meblowych-e1561194321506.jpg 1500w\" sizes=\"(max-width: 768px) 100vw, 768px\" \/>\t\t\t\t\t\t\t\t\t\t\t\t\t\t\t<\/div>\n\t\t\t\t<\/div>\n\t\t\t\t<div class=\"elementor-element elementor-element-5b4dad85 elementor-widget elementor-widget-heading\" data-id=\"5b4dad85\" data-element_type=\"widget\" data-e-type=\"widget\" data-widget_type=\"heading.default\">\n\t\t\t\t<div class=\"elementor-widget-container\">\n\t\t\t\t\t<h2 class=\"elementor-heading-title elementor-size-default\">Nadruki na p\u0142ytach meblowych<\/h2>\t\t\t\t<\/div>\n\t\t\t\t<\/div>\n\t\t\t\t<div class=\"elementor-element elementor-element-4de7bf2c section-about-services elementor-widget elementor-widget-text-editor\" data-id=\"4de7bf2c\" data-element_type=\"widget\" data-e-type=\"widget\" data-widget_type=\"text-editor.default\">\n\t\t\t\t<div class=\"elementor-widget-container\">\n\t\t\t\t\t\t\t\t\t<p>Proponujemy nadruk na wszelkiego rodzaju p\u0142ytach i frontach stosowanych w przemy\u015ble meblarskim oraz sklejce.<\/p><p>Bezpo\u015brednio zadrukowana powierzchnia metod\u0105 druku UV schnie b\u0142yskawicznie i charakteryzuje si\u0119 wysok\u0105 odporno\u015bci\u0105 na \u015bcieranie, warunki atmosferyczne i promieniowanie UV. Jako\u015b\u0107 druku zadowoli najbardziej wymagaj\u0105cych.<\/p><p>Zastosowanie:<\/p><ul><li>Fronty meblowe<\/li><li>Drzwi przesuwne<\/li><li>\u015acianki dzia\u0142owe<\/li><li>Obrazy \u015bcienne<\/li><li>Tablice z logo itp.<\/li><\/ul>\t\t\t\t\t\t\t\t<\/div>\n\t\t\t\t<\/div>\n\t\t\t\t<div class=\"elementor-element elementor-element-6b33d79f elementor-nav-menu__text-align-center elementor-widget elementor-widget-nav-menu\" data-id=\"6b33d79f\" data-element_type=\"widget\" data-e-type=\"widget\" data-settings=\"{&quot;layout&quot;:&quot;dropdown&quot;,&quot;submenu_icon&quot;:{&quot;value&quot;:&quot;&lt;i class=\\&quot;fa fa-caret-down\\&quot; aria-hidden=\\&quot;true\\&quot;&gt;&lt;\\\/i&gt;&quot;,&quot;library&quot;:&quot;fa-solid&quot;}}\" data-widget_type=\"nav-menu.default\">\n\t\t\t\t<div class=\"elementor-widget-container\">\n\t\t\t\t\t\t\t\t<nav class=\"elementor-nav-menu--dropdown elementor-nav-menu__container\" aria-hidden=\"true\">\n\t\t\t\t<ul id=\"menu-2-6b33d79f\" class=\"elementor-nav-menu\"><li class=\"menu-item menu-item-type-post_type menu-item-object-page menu-item-694\"><a href=\"https:\/\/visualreklama.pl\/index.php\/elementy-aranzacji-wnetrz\/\" class=\"elementor-item\" tabindex=\"-1\">Elementy aran\u017cacji wn\u0119trz<\/a><\/li>\n<li class=\"menu-item menu-item-type-post_type menu-item-object-page menu-item-695\"><a href=\"https:\/\/visualreklama.pl\/index.php\/elementy-aranzacji-wnetrz\/projekty-graficzne-i-wizualizacje\/\" class=\"elementor-item\" tabindex=\"-1\">Projekty graficzne i wizualizacje<\/a><\/li>\n<li class=\"menu-item menu-item-type-post_type menu-item-object-page menu-item-696\"><a href=\"https:\/\/visualreklama.pl\/index.php\/elementy-aranzacji-wnetrz\/fototapety-z-montazem\/\" class=\"elementor-item\" tabindex=\"-1\">Fototapety z monta\u017cem<\/a><\/li>\n<li class=\"menu-item menu-item-type-post_type menu-item-object-page menu-item-697\"><a href=\"https:\/\/visualreklama.pl\/index.php\/elementy-aranzacji-wnetrz\/panele-szklane-lacobele\/\" class=\"elementor-item\" tabindex=\"-1\">Panele szklane<\/a><\/li>\n<li class=\"menu-item menu-item-type-post_type menu-item-object-page menu-item-1654\"><a href=\"https:\/\/visualreklama.pl\/index.php\/elementy-aranzacji-wnetrz\/lacobele\/\" class=\"elementor-item\" tabindex=\"-1\">Lacobele<\/a><\/li>\n<li class=\"menu-item menu-item-type-post_type menu-item-object-page menu-item-1653\"><a href=\"https:\/\/visualreklama.pl\/index.php\/elementy-aranzacji-wnetrz\/nadruki-na-plytach-meblowych\/\" class=\"elementor-item\" tabindex=\"-1\">Nadruki na p\u0142ytach meblowych<\/a><\/li>\n<li class=\"menu-item menu-item-type-post_type menu-item-object-page menu-item-698\"><a href=\"https:\/\/visualreklama.pl\/index.php\/elementy-aranzacji-wnetrz\/obrazy-na-szkle-i-plexi\/\" class=\"elementor-item\" tabindex=\"-1\">Obrazy na szkle i plexi<\/a><\/li>\n<li class=\"menu-item menu-item-type-post_type menu-item-object-page menu-item-699\"><a href=\"https:\/\/visualreklama.pl\/index.php\/elementy-aranzacji-wnetrz\/obrazy-na-plotnie\/\" class=\"elementor-item\" tabindex=\"-1\">Obrazy na p\u0142\u00f3tnie<\/a><\/li>\n<li class=\"menu-item menu-item-type-post_type menu-item-object-page menu-item-700\"><a href=\"https:\/\/visualreklama.pl\/index.php\/elementy-aranzacji-wnetrz\/systemy-wystawiennicze\/\" class=\"elementor-item\" tabindex=\"-1\">Systemy wystawiennicze<\/a><\/li>\n<li class=\"menu-item menu-item-type-post_type menu-item-object-page menu-item-701\"><a href=\"https:\/\/visualreklama.pl\/index.php\/elementy-aranzacji-wnetrz\/identyfikacja-wizualna\/\" class=\"elementor-item\" tabindex=\"-1\">Identyfikacja wizualna<\/a><\/li>\n<li class=\"menu-item menu-item-type-post_type menu-item-object-page menu-item-702\"><a href=\"https:\/\/visualreklama.pl\/index.php\/elementy-aranzacji-wnetrz\/fotografia-uzytkowa\/\" class=\"elementor-item\" tabindex=\"-1\">Fotografia u\u017cytkowa<\/a><\/li>\n<\/ul>\t\t\t<\/nav>\n\t\t\t\t\t\t<\/div>\n\t\t\t\t<\/div>\n\t\t\t\t\t<\/div>\n\t\t<\/div>\n\t\t\t\t\t<\/div>\n\t\t<\/section>\n\t\t\t\t<div class=\"elementor-section elementor-top-section elementor-element elementor-element-12b136a2 elementor-section-height-full elementor-section-items-stretch elementor-section-full_width elementor-hidden-phone elementor-section-height-default\" data-id=\"12b136a2\" data-element_type=\"section\" data-e-type=\"section\">\n\t\t\t\t\t\t\t<div class=\"elementor-background-overlay\"><\/div>\n\t\t\t\t\t\t\t<div class=\"elementor-container elementor-column-gap-default\">\n\t\t\t\t\t<div class=\"elementor-column elementor-col-50 elementor-top-column elementor-element elementor-element-7ff1dcd2\" data-id=\"7ff1dcd2\" data-element_type=\"column\" data-e-type=\"column\" data-settings=\"{&quot;background_background&quot;:&quot;classic&quot;}\">\n\t\t\t<div class=\"elementor-widget-wrap elementor-element-populated\">\n\t\t\t\t\t\t<div class=\"elementor-element elementor-element-204ce24e elementor-nav-menu__align-start section-menu elementor-nav-menu__text-align-center elementor-nav-menu--dropdown-tablet elementor-nav-menu--toggle elementor-nav-menu--burger elementor-widget elementor-widget-nav-menu\" data-id=\"204ce24e\" data-element_type=\"widget\" data-e-type=\"widget\" data-settings=\"{&quot;layout&quot;:&quot;vertical&quot;,&quot;submenu_icon&quot;:{&quot;value&quot;:&quot;&lt;i class=\\&quot;fa fa-caret-down\\&quot; aria-hidden=\\&quot;true\\&quot;&gt;&lt;\\\/i&gt;&quot;,&quot;library&quot;:&quot;fa-solid&quot;},&quot;toggle&quot;:&quot;burger&quot;}\" data-widget_type=\"nav-menu.default\">\n\t\t\t\t<div class=\"elementor-widget-container\">\n\t\t\t\t\t\t\t\t<nav aria-label=\"Menu\" class=\"elementor-nav-menu--main elementor-nav-menu__container elementor-nav-menu--layout-vertical e--pointer-background e--animation-none\">\n\t\t\t\t<ul id=\"menu-1-204ce24e\" class=\"elementor-nav-menu sm-vertical\"><li class=\"menu-item menu-item-type-post_type menu-item-object-page menu-item-694\"><a href=\"https:\/\/visualreklama.pl\/index.php\/elementy-aranzacji-wnetrz\/\" class=\"elementor-item\">Elementy aran\u017cacji wn\u0119trz<\/a><\/li>\n<li class=\"menu-item menu-item-type-post_type menu-item-object-page menu-item-695\"><a href=\"https:\/\/visualreklama.pl\/index.php\/elementy-aranzacji-wnetrz\/projekty-graficzne-i-wizualizacje\/\" class=\"elementor-item\">Projekty graficzne i wizualizacje<\/a><\/li>\n<li class=\"menu-item menu-item-type-post_type menu-item-object-page menu-item-696\"><a href=\"https:\/\/visualreklama.pl\/index.php\/elementy-aranzacji-wnetrz\/fototapety-z-montazem\/\" class=\"elementor-item\">Fototapety z monta\u017cem<\/a><\/li>\n<li class=\"menu-item menu-item-type-post_type menu-item-object-page menu-item-697\"><a href=\"https:\/\/visualreklama.pl\/index.php\/elementy-aranzacji-wnetrz\/panele-szklane-lacobele\/\" class=\"elementor-item\">Panele szklane<\/a><\/li>\n<li class=\"menu-item menu-item-type-post_type menu-item-object-page menu-item-1654\"><a href=\"https:\/\/visualreklama.pl\/index.php\/elementy-aranzacji-wnetrz\/lacobele\/\" class=\"elementor-item\">Lacobele<\/a><\/li>\n<li class=\"menu-item menu-item-type-post_type menu-item-object-page menu-item-1653\"><a href=\"https:\/\/visualreklama.pl\/index.php\/elementy-aranzacji-wnetrz\/nadruki-na-plytach-meblowych\/\" class=\"elementor-item\">Nadruki na p\u0142ytach meblowych<\/a><\/li>\n<li class=\"menu-item menu-item-type-post_type menu-item-object-page menu-item-698\"><a href=\"https:\/\/visualreklama.pl\/index.php\/elementy-aranzacji-wnetrz\/obrazy-na-szkle-i-plexi\/\" class=\"elementor-item\">Obrazy na szkle i plexi<\/a><\/li>\n<li class=\"menu-item menu-item-type-post_type menu-item-object-page menu-item-699\"><a href=\"https:\/\/visualreklama.pl\/index.php\/elementy-aranzacji-wnetrz\/obrazy-na-plotnie\/\" class=\"elementor-item\">Obrazy na p\u0142\u00f3tnie<\/a><\/li>\n<li class=\"menu-item menu-item-type-post_type menu-item-object-page menu-item-700\"><a href=\"https:\/\/visualreklama.pl\/index.php\/elementy-aranzacji-wnetrz\/systemy-wystawiennicze\/\" class=\"elementor-item\">Systemy wystawiennicze<\/a><\/li>\n<li class=\"menu-item menu-item-type-post_type menu-item-object-page menu-item-701\"><a href=\"https:\/\/visualreklama.pl\/index.php\/elementy-aranzacji-wnetrz\/identyfikacja-wizualna\/\" class=\"elementor-item\">Identyfikacja wizualna<\/a><\/li>\n<li class=\"menu-item menu-item-type-post_type menu-item-object-page menu-item-702\"><a href=\"https:\/\/visualreklama.pl\/index.php\/elementy-aranzacji-wnetrz\/fotografia-uzytkowa\/\" class=\"elementor-item\">Fotografia u\u017cytkowa<\/a><\/li>\n<\/ul>\t\t\t<\/nav>\n\t\t\t\t\t<div class=\"elementor-menu-toggle\" role=\"button\" tabindex=\"0\" aria-label=\"Menu Toggle\" aria-expanded=\"false\">\n\t\t\t<i aria-hidden=\"true\" role=\"presentation\" class=\"elementor-menu-toggle__icon--open eicon-menu-bar\"><\/i><i aria-hidden=\"true\" role=\"presentation\" class=\"elementor-menu-toggle__icon--close eicon-close\"><\/i>\t\t<\/div>\n\t\t\t\t\t<nav class=\"elementor-nav-menu--dropdown elementor-nav-menu__container\" aria-hidden=\"true\">\n\t\t\t\t<ul id=\"menu-2-204ce24e\" class=\"elementor-nav-menu sm-vertical\"><li class=\"menu-item menu-item-type-post_type menu-item-object-page menu-item-694\"><a href=\"https:\/\/visualreklama.pl\/index.php\/elementy-aranzacji-wnetrz\/\" class=\"elementor-item\" tabindex=\"-1\">Elementy aran\u017cacji wn\u0119trz<\/a><\/li>\n<li class=\"menu-item menu-item-type-post_type menu-item-object-page menu-item-695\"><a href=\"https:\/\/visualreklama.pl\/index.php\/elementy-aranzacji-wnetrz\/projekty-graficzne-i-wizualizacje\/\" class=\"elementor-item\" tabindex=\"-1\">Projekty graficzne i wizualizacje<\/a><\/li>\n<li class=\"menu-item menu-item-type-post_type menu-item-object-page menu-item-696\"><a href=\"https:\/\/visualreklama.pl\/index.php\/elementy-aranzacji-wnetrz\/fototapety-z-montazem\/\" class=\"elementor-item\" tabindex=\"-1\">Fototapety z monta\u017cem<\/a><\/li>\n<li class=\"menu-item menu-item-type-post_type menu-item-object-page menu-item-697\"><a href=\"https:\/\/visualreklama.pl\/index.php\/elementy-aranzacji-wnetrz\/panele-szklane-lacobele\/\" class=\"elementor-item\" tabindex=\"-1\">Panele szklane<\/a><\/li>\n<li class=\"menu-item menu-item-type-post_type menu-item-object-page menu-item-1654\"><a href=\"https:\/\/visualreklama.pl\/index.php\/elementy-aranzacji-wnetrz\/lacobele\/\" class=\"elementor-item\" tabindex=\"-1\">Lacobele<\/a><\/li>\n<li class=\"menu-item menu-item-type-post_type menu-item-object-page menu-item-1653\"><a href=\"https:\/\/visualreklama.pl\/index.php\/elementy-aranzacji-wnetrz\/nadruki-na-plytach-meblowych\/\" class=\"elementor-item\" tabindex=\"-1\">Nadruki na p\u0142ytach meblowych<\/a><\/li>\n<li class=\"menu-item menu-item-type-post_type menu-item-object-page menu-item-698\"><a href=\"https:\/\/visualreklama.pl\/index.php\/elementy-aranzacji-wnetrz\/obrazy-na-szkle-i-plexi\/\" class=\"elementor-item\" tabindex=\"-1\">Obrazy na szkle i plexi<\/a><\/li>\n<li class=\"menu-item menu-item-type-post_type menu-item-object-page menu-item-699\"><a href=\"https:\/\/visualreklama.pl\/index.php\/elementy-aranzacji-wnetrz\/obrazy-na-plotnie\/\" class=\"elementor-item\" tabindex=\"-1\">Obrazy na p\u0142\u00f3tnie<\/a><\/li>\n<li class=\"menu-item menu-item-type-post_type menu-item-object-page menu-item-700\"><a href=\"https:\/\/visualreklama.pl\/index.php\/elementy-aranzacji-wnetrz\/systemy-wystawiennicze\/\" class=\"elementor-item\" tabindex=\"-1\">Systemy wystawiennicze<\/a><\/li>\n<li class=\"menu-item menu-item-type-post_type menu-item-object-page menu-item-701\"><a href=\"https:\/\/visualreklama.pl\/index.php\/elementy-aranzacji-wnetrz\/identyfikacja-wizualna\/\" class=\"elementor-item\" tabindex=\"-1\">Identyfikacja wizualna<\/a><\/li>\n<li class=\"menu-item menu-item-type-post_type menu-item-object-page menu-item-702\"><a href=\"https:\/\/visualreklama.pl\/index.php\/elementy-aranzacji-wnetrz\/fotografia-uzytkowa\/\" class=\"elementor-item\" tabindex=\"-1\">Fotografia u\u017cytkowa<\/a><\/li>\n<\/ul>\t\t\t<\/nav>\n\t\t\t\t\t\t<\/div>\n\t\t\t\t<\/div>\n\t\t\t\t\t<\/div>\n\t\t<\/div>\n\t\t\t\t<div class=\"elementor-column elementor-col-50 elementor-top-column elementor-element elementor-element-7d04c43a\" data-id=\"7d04c43a\" data-element_type=\"column\" data-e-type=\"column\" data-settings=\"{&quot;background_background&quot;:&quot;classic&quot;}\">\n\t\t\t<div class=\"elementor-widget-wrap elementor-element-populated\">\n\t\t\t\t\t<div class=\"elementor-background-overlay\"><\/div>\n\t\t\t\t\t\t<section class=\"elementor-section elementor-inner-section elementor-element elementor-element-4fa7e956 elementor-section-boxed elementor-section-height-default elementor-section-height-default\" data-id=\"4fa7e956\" data-element_type=\"section\" data-e-type=\"section\">\n\t\t\t\t\t\t<div class=\"elementor-container elementor-column-gap-no\">\n\t\t\t\t\t<div class=\"elementor-column elementor-col-100 elementor-inner-column elementor-element elementor-element-5fdbded7\" data-id=\"5fdbded7\" data-element_type=\"column\" data-e-type=\"column\">\n\t\t\t<div class=\"elementor-widget-wrap elementor-element-populated\">\n\t\t\t\t\t\t<div class=\"elementor-element elementor-element-2861a9e8 elementor-widget-divider--view-line elementor-widget elementor-widget-divider\" data-id=\"2861a9e8\" data-element_type=\"widget\" data-e-type=\"widget\" data-widget_type=\"divider.default\">\n\t\t\t\t<div class=\"elementor-widget-container\">\n\t\t\t\t\t\t\t<div class=\"elementor-divider\">\n\t\t\t<span class=\"elementor-divider-separator\">\n\t\t\t\t\t\t<\/span>\n\t\t<\/div>\n\t\t\t\t\t\t<\/div>\n\t\t\t\t<\/div>\n\t\t\t\t<div class=\"elementor-element elementor-element-9ebca8c section-about-services elementor-widget elementor-widget-text-editor\" data-id=\"9ebca8c\" data-element_type=\"widget\" data-e-type=\"widget\" data-widget_type=\"text-editor.default\">\n\t\t\t\t<div class=\"elementor-widget-container\">\n\t\t\t\t\t\t\t\t\t<p>Proponujemy nadruk na wszelkiego rodzaju p\u0142ytach i frontach stosowanych w przemy\u015ble meblarskim oraz sklejce.<\/p><p>Bezpo\u015brednio zadrukowana powierzchnia metod\u0105 druku UV schnie b\u0142yskawicznie i charakteryzuje si\u0119 wysok\u0105 odporno\u015bci\u0105 na \u015bcieranie, warunki atmosferyczne i promieniowanie UV. Jako\u015b\u0107 druku zadowoli najbardziej wymagaj\u0105cych.<\/p><p>Zastosowanie:<\/p><ul><li>Fronty meblowe<\/li><li>Drzwi przesuwne<\/li><li>\u015acianki dzia\u0142owe<\/li><li>Obrazy \u015bcienne<\/li><li>Tablice z logo itp<\/li><\/ul>\t\t\t\t\t\t\t\t<\/div>\n\t\t\t\t<\/div>\n\t\t\t\t\t<\/div>\n\t\t<\/div>\n\t\t\t\t\t<\/div>\n\t\t<\/section>\n\t\t\t\t\t<\/div>\n\t\t<\/div>\n\t\t\t\t\t<\/div>\n\t\t<\/div>\n\t\t\t\t<\/div>\n\t\t","protected":false},"excerpt":{"rendered":"<p>Nadruki na p\u0142ytach meblowych Proponujemy nadruk na wszelkiego rodzaju p\u0142ytach i frontach stosowanych w przemy\u015ble meblarskim oraz sklejce. Bezpo\u015brednio zadrukowana powierzchnia metod\u0105 druku UV schnie b\u0142yskawicznie i charakteryzuje si\u0119 wysok\u0105 odporno\u015bci\u0105 na \u015bcieranie, warunki atmosferyczne i promieniowanie UV. Jako\u015b\u0107 druku zadowoli najbardziej wymagaj\u0105cych. Zastosowanie: Fronty meblowe Drzwi przesuwne \u015acianki dzia\u0142owe Obrazy \u015bcienne Tablice z logo [&hellip;]<\/p>\n","protected":false},"author":1,"featured_media":0,"parent":377,"menu_order":5,"comment_status":"closed","ping_status":"closed","template":"elementor_header_footer","meta":{"footnotes":""},"class_list":["post-1649","page","type-page","status-publish","hentry"],"_links":{"self":[{"href":"https:\/\/visualreklama.pl\/index.php\/wp-json\/wp\/v2\/pages\/1649","targetHints":{"allow":["GET"]}}],"collection":[{"href":"https:\/\/visualreklama.pl\/index.php\/wp-json\/wp\/v2\/pages"}],"about":[{"href":"https:\/\/visualreklama.pl\/index.php\/wp-json\/wp\/v2\/types\/page"}],"author":[{"embeddable":true,"href":"https:\/\/visualreklama.pl\/index.php\/wp-json\/wp\/v2\/users\/1"}],"replies":[{"embeddable":true,"href":"https:\/\/visualreklama.pl\/index.php\/wp-json\/wp\/v2\/comments?post=1649"}],"version-history":[{"count":39,"href":"https:\/\/visualreklama.pl\/index.php\/wp-json\/wp\/v2\/pages\/1649\/revisions"}],"predecessor-version":[{"id":2513,"href":"https:\/\/visualreklama.pl\/index.php\/wp-json\/wp\/v2\/pages\/1649\/revisions\/2513"}],"up":[{"embeddable":true,"href":"https:\/\/visualreklama.pl\/index.php\/wp-json\/wp\/v2\/pages\/377"}],"wp:attachment":[{"href":"https:\/\/visualreklama.pl\/index.php\/wp-json\/wp\/v2\/media?parent=1649"}],"curies":[{"name":"wp","href":"https:\/\/api.w.org\/{rel}","templated":true}]}}