{"id":377,"date":"2019-01-24T15:10:38","date_gmt":"2019-01-24T14:10:38","guid":{"rendered":"http:\/\/visualreklama.pl\/?page_id=377"},"modified":"2019-06-24T16:27:44","modified_gmt":"2019-06-24T14:27:44","slug":"elementy-aranzacji-wnetrz","status":"publish","type":"page","link":"https:\/\/visualreklama.pl\/index.php\/elementy-aranzacji-wnetrz\/","title":{"rendered":"Elementy aran\u017cacji wn\u0119trz"},"content":{"rendered":"\t\t<div data-elementor-type=\"wp-post\" data-elementor-id=\"377\" class=\"elementor elementor-377\" data-elementor-post-type=\"page\">\n\t\t\t\t\t\t<section class=\"elementor-section elementor-top-section elementor-element elementor-element-1c1ec832 elementor-section-full_width elementor-hidden-desktop elementor-hidden-tablet elementor-section-height-default elementor-section-height-default\" data-id=\"1c1ec832\" data-element_type=\"section\" data-e-type=\"section\" data-settings=\"{&quot;background_background&quot;:&quot;classic&quot;}\">\n\t\t\t\t\t\t<div class=\"elementor-container elementor-column-gap-no\">\n\t\t\t\t\t<div class=\"elementor-column elementor-col-100 elementor-top-column elementor-element elementor-element-5d9d4c6c\" data-id=\"5d9d4c6c\" data-element_type=\"column\" data-e-type=\"column\">\n\t\t\t<div class=\"elementor-widget-wrap elementor-element-populated\">\n\t\t\t\t\t\t<div class=\"elementor-element elementor-element-2ae4f034 elementor-widget elementor-widget-image\" data-id=\"2ae4f034\" data-element_type=\"widget\" data-e-type=\"widget\" data-widget_type=\"image.default\">\n\t\t\t\t<div class=\"elementor-widget-container\">\n\t\t\t\t\t\t\t\t\t\t\t\t\t\t\t<img fetchpriority=\"high\" decoding=\"async\" width=\"768\" height=\"552\" src=\"https:\/\/visualreklama.pl\/wp-content\/uploads\/2019\/04\/3-zdj\u0119cie-odniesienie-ELEMENTY-ARAN\u017bACJI-768x552.jpg\" class=\"attachment-medium_large size-medium_large wp-image-1365\" alt=\"\" srcset=\"https:\/\/visualreklama.pl\/wp-content\/uploads\/2019\/04\/3-zdj\u0119cie-odniesienie-ELEMENTY-ARAN\u017bACJI-768x552.jpg 768w, https:\/\/visualreklama.pl\/wp-content\/uploads\/2019\/04\/3-zdj\u0119cie-odniesienie-ELEMENTY-ARAN\u017bACJI-300x216.jpg 300w, https:\/\/visualreklama.pl\/wp-content\/uploads\/2019\/04\/3-zdj\u0119cie-odniesienie-ELEMENTY-ARAN\u017bACJI-1024x736.jpg 1024w, https:\/\/visualreklama.pl\/wp-content\/uploads\/2019\/04\/3-zdj\u0119cie-odniesienie-ELEMENTY-ARAN\u017bACJI-e1560594234622.jpg 1000w\" sizes=\"(max-width: 768px) 100vw, 768px\" \/>\t\t\t\t\t\t\t\t\t\t\t\t\t\t\t<\/div>\n\t\t\t\t<\/div>\n\t\t\t\t<div class=\"elementor-element elementor-element-2cedce9 section-about-services elementor-widget elementor-widget-text-editor\" data-id=\"2cedce9\" data-element_type=\"widget\" data-e-type=\"widget\" data-widget_type=\"text-editor.default\">\n\t\t\t\t<div class=\"elementor-widget-container\">\n\t\t\t\t\t\t\t\t\t<p>Wzbogacimy wygl\u0105d ka\u017cdego wn\u0119trza o odpowiednio dobrane nowatorskie elementy wyko\u0144czeniowe. Na \u017cyczenie klienta przedstawimy je formie wizualizacji. Przygotujemy i wykonamy produkty, kt\u00f3re nadadz\u0105 wn\u0119trzu niepowtarzalny klimat i oryginalno\u015b\u0107.<br \/>Wszystkie nasze propozycje r\u00f3wnie dobrze sprawdz\u0105 si\u0119 w aran\u017cacjach klasycznych, opartych na tradycyjnych za\u0142o\u017ceniach oraz w nowoczesnych i designerskich wn\u0119trzach. Odpowiednio dobrane lub indywidualnie zaprojektowane stworz\u0105 nowy wygl\u0105d, nadadz\u0105 pomieszczeniom firmowym i obiektom u\u017cyteczno\u015bci publicznej wyj\u0105tkowego charakteru.<br \/>Zaprojektujemy, wydrukujemy i zamontujemy wybrane dekoracje. Wsp\u00f3\u0142pracujemy z architektami wn\u0119trz.<\/p>\t\t\t\t\t\t\t\t<\/div>\n\t\t\t\t<\/div>\n\t\t\t\t<div class=\"elementor-element elementor-element-1e360df elementor-nav-menu__align-center elementor-nav-menu__text-align-center elementor-nav-menu--dropdown-mobile elementor-widget elementor-widget-nav-menu\" data-id=\"1e360df\" data-element_type=\"widget\" data-e-type=\"widget\" data-settings=\"{&quot;layout&quot;:&quot;vertical&quot;,&quot;submenu_icon&quot;:{&quot;value&quot;:&quot;&lt;i class=\\&quot;fa fa-caret-down\\&quot; aria-hidden=\\&quot;true\\&quot;&gt;&lt;\\\/i&gt;&quot;,&quot;library&quot;:&quot;fa-solid&quot;}}\" data-widget_type=\"nav-menu.default\">\n\t\t\t\t<div class=\"elementor-widget-container\">\n\t\t\t\t\t\t\t\t<nav aria-label=\"Menu\" class=\"elementor-nav-menu--main elementor-nav-menu__container elementor-nav-menu--layout-vertical e--pointer-background e--animation-none\">\n\t\t\t\t<ul id=\"menu-1-1e360df\" class=\"elementor-nav-menu sm-vertical\"><li class=\"menu-item menu-item-type-post_type menu-item-object-page menu-item-694\"><a href=\"https:\/\/visualreklama.pl\/index.php\/elementy-aranzacji-wnetrz\/\" class=\"elementor-item\">Elementy aran\u017cacji wn\u0119trz<\/a><\/li>\n<li class=\"menu-item menu-item-type-post_type menu-item-object-page menu-item-695\"><a href=\"https:\/\/visualreklama.pl\/index.php\/elementy-aranzacji-wnetrz\/projekty-graficzne-i-wizualizacje\/\" class=\"elementor-item\">Projekty graficzne i wizualizacje<\/a><\/li>\n<li class=\"menu-item menu-item-type-post_type menu-item-object-page menu-item-696\"><a href=\"https:\/\/visualreklama.pl\/index.php\/elementy-aranzacji-wnetrz\/fototapety-z-montazem\/\" class=\"elementor-item\">Fototapety z monta\u017cem<\/a><\/li>\n<li class=\"menu-item menu-item-type-post_type menu-item-object-page menu-item-697\"><a href=\"https:\/\/visualreklama.pl\/index.php\/elementy-aranzacji-wnetrz\/panele-szklane-lacobele\/\" class=\"elementor-item\">Panele szklane<\/a><\/li>\n<li class=\"menu-item menu-item-type-post_type menu-item-object-page menu-item-1654\"><a href=\"https:\/\/visualreklama.pl\/index.php\/elementy-aranzacji-wnetrz\/lacobele\/\" class=\"elementor-item\">Lacobele<\/a><\/li>\n<li class=\"menu-item menu-item-type-post_type menu-item-object-page menu-item-1653\"><a href=\"https:\/\/visualreklama.pl\/index.php\/elementy-aranzacji-wnetrz\/nadruki-na-plytach-meblowych\/\" class=\"elementor-item\">Nadruki na p\u0142ytach meblowych<\/a><\/li>\n<li class=\"menu-item menu-item-type-post_type menu-item-object-page menu-item-698\"><a href=\"https:\/\/visualreklama.pl\/index.php\/elementy-aranzacji-wnetrz\/obrazy-na-szkle-i-plexi\/\" class=\"elementor-item\">Obrazy na szkle i plexi<\/a><\/li>\n<li class=\"menu-item menu-item-type-post_type menu-item-object-page menu-item-699\"><a href=\"https:\/\/visualreklama.pl\/index.php\/elementy-aranzacji-wnetrz\/obrazy-na-plotnie\/\" class=\"elementor-item\">Obrazy na p\u0142\u00f3tnie<\/a><\/li>\n<li class=\"menu-item menu-item-type-post_type menu-item-object-page menu-item-700\"><a href=\"https:\/\/visualreklama.pl\/index.php\/elementy-aranzacji-wnetrz\/systemy-wystawiennicze\/\" class=\"elementor-item\">Systemy wystawiennicze<\/a><\/li>\n<li class=\"menu-item menu-item-type-post_type menu-item-object-page menu-item-701\"><a href=\"https:\/\/visualreklama.pl\/index.php\/elementy-aranzacji-wnetrz\/identyfikacja-wizualna\/\" class=\"elementor-item\">Identyfikacja wizualna<\/a><\/li>\n<li class=\"menu-item menu-item-type-post_type menu-item-object-page menu-item-702\"><a href=\"https:\/\/visualreklama.pl\/index.php\/elementy-aranzacji-wnetrz\/fotografia-uzytkowa\/\" class=\"elementor-item\">Fotografia u\u017cytkowa<\/a><\/li>\n<\/ul>\t\t\t<\/nav>\n\t\t\t\t\t\t<nav class=\"elementor-nav-menu--dropdown elementor-nav-menu__container\" aria-hidden=\"true\">\n\t\t\t\t<ul id=\"menu-2-1e360df\" class=\"elementor-nav-menu sm-vertical\"><li class=\"menu-item menu-item-type-post_type menu-item-object-page menu-item-694\"><a href=\"https:\/\/visualreklama.pl\/index.php\/elementy-aranzacji-wnetrz\/\" class=\"elementor-item\" tabindex=\"-1\">Elementy aran\u017cacji wn\u0119trz<\/a><\/li>\n<li class=\"menu-item menu-item-type-post_type menu-item-object-page menu-item-695\"><a href=\"https:\/\/visualreklama.pl\/index.php\/elementy-aranzacji-wnetrz\/projekty-graficzne-i-wizualizacje\/\" class=\"elementor-item\" tabindex=\"-1\">Projekty graficzne i wizualizacje<\/a><\/li>\n<li class=\"menu-item menu-item-type-post_type menu-item-object-page menu-item-696\"><a href=\"https:\/\/visualreklama.pl\/index.php\/elementy-aranzacji-wnetrz\/fototapety-z-montazem\/\" class=\"elementor-item\" tabindex=\"-1\">Fototapety z monta\u017cem<\/a><\/li>\n<li class=\"menu-item menu-item-type-post_type menu-item-object-page menu-item-697\"><a href=\"https:\/\/visualreklama.pl\/index.php\/elementy-aranzacji-wnetrz\/panele-szklane-lacobele\/\" class=\"elementor-item\" tabindex=\"-1\">Panele szklane<\/a><\/li>\n<li class=\"menu-item menu-item-type-post_type menu-item-object-page menu-item-1654\"><a href=\"https:\/\/visualreklama.pl\/index.php\/elementy-aranzacji-wnetrz\/lacobele\/\" class=\"elementor-item\" tabindex=\"-1\">Lacobele<\/a><\/li>\n<li class=\"menu-item menu-item-type-post_type menu-item-object-page menu-item-1653\"><a href=\"https:\/\/visualreklama.pl\/index.php\/elementy-aranzacji-wnetrz\/nadruki-na-plytach-meblowych\/\" class=\"elementor-item\" tabindex=\"-1\">Nadruki na p\u0142ytach meblowych<\/a><\/li>\n<li class=\"menu-item menu-item-type-post_type menu-item-object-page menu-item-698\"><a href=\"https:\/\/visualreklama.pl\/index.php\/elementy-aranzacji-wnetrz\/obrazy-na-szkle-i-plexi\/\" class=\"elementor-item\" tabindex=\"-1\">Obrazy na szkle i plexi<\/a><\/li>\n<li class=\"menu-item menu-item-type-post_type menu-item-object-page menu-item-699\"><a href=\"https:\/\/visualreklama.pl\/index.php\/elementy-aranzacji-wnetrz\/obrazy-na-plotnie\/\" class=\"elementor-item\" tabindex=\"-1\">Obrazy na p\u0142\u00f3tnie<\/a><\/li>\n<li class=\"menu-item menu-item-type-post_type menu-item-object-page menu-item-700\"><a href=\"https:\/\/visualreklama.pl\/index.php\/elementy-aranzacji-wnetrz\/systemy-wystawiennicze\/\" class=\"elementor-item\" tabindex=\"-1\">Systemy wystawiennicze<\/a><\/li>\n<li class=\"menu-item menu-item-type-post_type menu-item-object-page menu-item-701\"><a href=\"https:\/\/visualreklama.pl\/index.php\/elementy-aranzacji-wnetrz\/identyfikacja-wizualna\/\" class=\"elementor-item\" tabindex=\"-1\">Identyfikacja wizualna<\/a><\/li>\n<li class=\"menu-item menu-item-type-post_type menu-item-object-page menu-item-702\"><a href=\"https:\/\/visualreklama.pl\/index.php\/elementy-aranzacji-wnetrz\/fotografia-uzytkowa\/\" class=\"elementor-item\" tabindex=\"-1\">Fotografia u\u017cytkowa<\/a><\/li>\n<\/ul>\t\t\t<\/nav>\n\t\t\t\t\t\t<\/div>\n\t\t\t\t<\/div>\n\t\t\t\t\t<\/div>\n\t\t<\/div>\n\t\t\t\t\t<\/div>\n\t\t<\/section>\n\t\t\t\t<div class=\"elementor-section elementor-top-section elementor-element elementor-element-32370f44 elementor-section-height-full elementor-section-items-stretch elementor-section-full_width elementor-hidden-phone elementor-section-height-default\" data-id=\"32370f44\" data-element_type=\"section\" data-e-type=\"section\" data-settings=\"{&quot;background_background&quot;:&quot;classic&quot;}\">\n\t\t\t\t\t\t\t<div class=\"elementor-background-overlay\"><\/div>\n\t\t\t\t\t\t\t<div class=\"elementor-container elementor-column-gap-default\">\n\t\t\t\t\t<div class=\"elementor-column elementor-col-50 elementor-top-column elementor-element elementor-element-7e9a914d\" data-id=\"7e9a914d\" data-element_type=\"column\" data-e-type=\"column\" data-settings=\"{&quot;background_background&quot;:&quot;classic&quot;}\">\n\t\t\t<div class=\"elementor-widget-wrap elementor-element-populated\">\n\t\t\t\t\t\t<div class=\"elementor-element elementor-element-2ab230bf elementor-nav-menu__align-start section-menu elementor-nav-menu__text-align-center elementor-nav-menu--dropdown-tablet elementor-nav-menu--toggle elementor-nav-menu--burger elementor-widget elementor-widget-nav-menu\" data-id=\"2ab230bf\" data-element_type=\"widget\" data-e-type=\"widget\" data-settings=\"{&quot;layout&quot;:&quot;vertical&quot;,&quot;submenu_icon&quot;:{&quot;value&quot;:&quot;&lt;i class=\\&quot;fa fa-caret-down\\&quot; aria-hidden=\\&quot;true\\&quot;&gt;&lt;\\\/i&gt;&quot;,&quot;library&quot;:&quot;fa-solid&quot;},&quot;toggle&quot;:&quot;burger&quot;}\" data-widget_type=\"nav-menu.default\">\n\t\t\t\t<div class=\"elementor-widget-container\">\n\t\t\t\t\t\t\t\t<nav aria-label=\"Menu\" class=\"elementor-nav-menu--main elementor-nav-menu__container elementor-nav-menu--layout-vertical e--pointer-background e--animation-none\">\n\t\t\t\t<ul id=\"menu-1-2ab230bf\" class=\"elementor-nav-menu sm-vertical\"><li class=\"menu-item menu-item-type-post_type menu-item-object-page menu-item-694\"><a href=\"https:\/\/visualreklama.pl\/index.php\/elementy-aranzacji-wnetrz\/\" class=\"elementor-item\">Elementy aran\u017cacji wn\u0119trz<\/a><\/li>\n<li class=\"menu-item menu-item-type-post_type menu-item-object-page menu-item-695\"><a href=\"https:\/\/visualreklama.pl\/index.php\/elementy-aranzacji-wnetrz\/projekty-graficzne-i-wizualizacje\/\" class=\"elementor-item\">Projekty graficzne i wizualizacje<\/a><\/li>\n<li class=\"menu-item menu-item-type-post_type menu-item-object-page menu-item-696\"><a href=\"https:\/\/visualreklama.pl\/index.php\/elementy-aranzacji-wnetrz\/fototapety-z-montazem\/\" class=\"elementor-item\">Fototapety z monta\u017cem<\/a><\/li>\n<li class=\"menu-item menu-item-type-post_type menu-item-object-page menu-item-697\"><a href=\"https:\/\/visualreklama.pl\/index.php\/elementy-aranzacji-wnetrz\/panele-szklane-lacobele\/\" class=\"elementor-item\">Panele szklane<\/a><\/li>\n<li class=\"menu-item menu-item-type-post_type menu-item-object-page menu-item-1654\"><a href=\"https:\/\/visualreklama.pl\/index.php\/elementy-aranzacji-wnetrz\/lacobele\/\" class=\"elementor-item\">Lacobele<\/a><\/li>\n<li class=\"menu-item menu-item-type-post_type menu-item-object-page menu-item-1653\"><a href=\"https:\/\/visualreklama.pl\/index.php\/elementy-aranzacji-wnetrz\/nadruki-na-plytach-meblowych\/\" class=\"elementor-item\">Nadruki na p\u0142ytach meblowych<\/a><\/li>\n<li class=\"menu-item menu-item-type-post_type menu-item-object-page menu-item-698\"><a href=\"https:\/\/visualreklama.pl\/index.php\/elementy-aranzacji-wnetrz\/obrazy-na-szkle-i-plexi\/\" class=\"elementor-item\">Obrazy na szkle i plexi<\/a><\/li>\n<li class=\"menu-item menu-item-type-post_type menu-item-object-page menu-item-699\"><a href=\"https:\/\/visualreklama.pl\/index.php\/elementy-aranzacji-wnetrz\/obrazy-na-plotnie\/\" class=\"elementor-item\">Obrazy na p\u0142\u00f3tnie<\/a><\/li>\n<li class=\"menu-item menu-item-type-post_type menu-item-object-page menu-item-700\"><a href=\"https:\/\/visualreklama.pl\/index.php\/elementy-aranzacji-wnetrz\/systemy-wystawiennicze\/\" class=\"elementor-item\">Systemy wystawiennicze<\/a><\/li>\n<li class=\"menu-item menu-item-type-post_type menu-item-object-page menu-item-701\"><a href=\"https:\/\/visualreklama.pl\/index.php\/elementy-aranzacji-wnetrz\/identyfikacja-wizualna\/\" class=\"elementor-item\">Identyfikacja wizualna<\/a><\/li>\n<li class=\"menu-item menu-item-type-post_type menu-item-object-page menu-item-702\"><a href=\"https:\/\/visualreklama.pl\/index.php\/elementy-aranzacji-wnetrz\/fotografia-uzytkowa\/\" class=\"elementor-item\">Fotografia u\u017cytkowa<\/a><\/li>\n<\/ul>\t\t\t<\/nav>\n\t\t\t\t\t<div class=\"elementor-menu-toggle\" role=\"button\" tabindex=\"0\" aria-label=\"Menu Toggle\" aria-expanded=\"false\">\n\t\t\t<i aria-hidden=\"true\" role=\"presentation\" class=\"elementor-menu-toggle__icon--open eicon-menu-bar\"><\/i><i aria-hidden=\"true\" role=\"presentation\" class=\"elementor-menu-toggle__icon--close eicon-close\"><\/i>\t\t<\/div>\n\t\t\t\t\t<nav class=\"elementor-nav-menu--dropdown elementor-nav-menu__container\" aria-hidden=\"true\">\n\t\t\t\t<ul id=\"menu-2-2ab230bf\" class=\"elementor-nav-menu sm-vertical\"><li class=\"menu-item menu-item-type-post_type menu-item-object-page menu-item-694\"><a href=\"https:\/\/visualreklama.pl\/index.php\/elementy-aranzacji-wnetrz\/\" class=\"elementor-item\" tabindex=\"-1\">Elementy aran\u017cacji wn\u0119trz<\/a><\/li>\n<li class=\"menu-item menu-item-type-post_type menu-item-object-page menu-item-695\"><a href=\"https:\/\/visualreklama.pl\/index.php\/elementy-aranzacji-wnetrz\/projekty-graficzne-i-wizualizacje\/\" class=\"elementor-item\" tabindex=\"-1\">Projekty graficzne i wizualizacje<\/a><\/li>\n<li class=\"menu-item menu-item-type-post_type menu-item-object-page menu-item-696\"><a href=\"https:\/\/visualreklama.pl\/index.php\/elementy-aranzacji-wnetrz\/fototapety-z-montazem\/\" class=\"elementor-item\" tabindex=\"-1\">Fototapety z monta\u017cem<\/a><\/li>\n<li class=\"menu-item menu-item-type-post_type menu-item-object-page menu-item-697\"><a href=\"https:\/\/visualreklama.pl\/index.php\/elementy-aranzacji-wnetrz\/panele-szklane-lacobele\/\" class=\"elementor-item\" tabindex=\"-1\">Panele szklane<\/a><\/li>\n<li class=\"menu-item menu-item-type-post_type menu-item-object-page menu-item-1654\"><a href=\"https:\/\/visualreklama.pl\/index.php\/elementy-aranzacji-wnetrz\/lacobele\/\" class=\"elementor-item\" tabindex=\"-1\">Lacobele<\/a><\/li>\n<li class=\"menu-item menu-item-type-post_type menu-item-object-page menu-item-1653\"><a href=\"https:\/\/visualreklama.pl\/index.php\/elementy-aranzacji-wnetrz\/nadruki-na-plytach-meblowych\/\" class=\"elementor-item\" tabindex=\"-1\">Nadruki na p\u0142ytach meblowych<\/a><\/li>\n<li class=\"menu-item menu-item-type-post_type menu-item-object-page menu-item-698\"><a href=\"https:\/\/visualreklama.pl\/index.php\/elementy-aranzacji-wnetrz\/obrazy-na-szkle-i-plexi\/\" class=\"elementor-item\" tabindex=\"-1\">Obrazy na szkle i plexi<\/a><\/li>\n<li class=\"menu-item menu-item-type-post_type menu-item-object-page menu-item-699\"><a href=\"https:\/\/visualreklama.pl\/index.php\/elementy-aranzacji-wnetrz\/obrazy-na-plotnie\/\" class=\"elementor-item\" tabindex=\"-1\">Obrazy na p\u0142\u00f3tnie<\/a><\/li>\n<li class=\"menu-item menu-item-type-post_type menu-item-object-page menu-item-700\"><a href=\"https:\/\/visualreklama.pl\/index.php\/elementy-aranzacji-wnetrz\/systemy-wystawiennicze\/\" class=\"elementor-item\" tabindex=\"-1\">Systemy wystawiennicze<\/a><\/li>\n<li class=\"menu-item menu-item-type-post_type menu-item-object-page menu-item-701\"><a href=\"https:\/\/visualreklama.pl\/index.php\/elementy-aranzacji-wnetrz\/identyfikacja-wizualna\/\" class=\"elementor-item\" tabindex=\"-1\">Identyfikacja wizualna<\/a><\/li>\n<li class=\"menu-item menu-item-type-post_type menu-item-object-page menu-item-702\"><a href=\"https:\/\/visualreklama.pl\/index.php\/elementy-aranzacji-wnetrz\/fotografia-uzytkowa\/\" class=\"elementor-item\" tabindex=\"-1\">Fotografia u\u017cytkowa<\/a><\/li>\n<\/ul>\t\t\t<\/nav>\n\t\t\t\t\t\t<\/div>\n\t\t\t\t<\/div>\n\t\t\t\t\t<\/div>\n\t\t<\/div>\n\t\t\t\t<div class=\"elementor-column elementor-col-50 elementor-top-column elementor-element elementor-element-23f95093\" data-id=\"23f95093\" data-element_type=\"column\" data-e-type=\"column\" data-settings=\"{&quot;background_background&quot;:&quot;classic&quot;}\">\n\t\t\t<div class=\"elementor-widget-wrap elementor-element-populated\">\n\t\t\t\t\t<div class=\"elementor-background-overlay\"><\/div>\n\t\t\t\t\t\t<section class=\"elementor-section elementor-inner-section elementor-element elementor-element-3dfe3eae elementor-section-boxed elementor-section-height-default elementor-section-height-default\" data-id=\"3dfe3eae\" data-element_type=\"section\" data-e-type=\"section\">\n\t\t\t\t\t\t<div class=\"elementor-container elementor-column-gap-no\">\n\t\t\t\t\t<div class=\"elementor-column elementor-col-100 elementor-inner-column elementor-element elementor-element-6ff98c41\" data-id=\"6ff98c41\" data-element_type=\"column\" data-e-type=\"column\">\n\t\t\t<div class=\"elementor-widget-wrap elementor-element-populated\">\n\t\t\t\t\t\t<div class=\"elementor-element elementor-element-55e6b22a elementor-widget-divider--view-line elementor-widget elementor-widget-divider\" data-id=\"55e6b22a\" data-element_type=\"widget\" data-e-type=\"widget\" data-widget_type=\"divider.default\">\n\t\t\t\t<div class=\"elementor-widget-container\">\n\t\t\t\t\t\t\t<div class=\"elementor-divider\">\n\t\t\t<span class=\"elementor-divider-separator\">\n\t\t\t\t\t\t<\/span>\n\t\t<\/div>\n\t\t\t\t\t\t<\/div>\n\t\t\t\t<\/div>\n\t\t\t\t<div class=\"elementor-element elementor-element-33000f2a section-about-services elementor-widget elementor-widget-text-editor\" data-id=\"33000f2a\" data-element_type=\"widget\" data-e-type=\"widget\" data-widget_type=\"text-editor.default\">\n\t\t\t\t<div class=\"elementor-widget-container\">\n\t\t\t\t\t\t\t\t\t<p>Wzbogacimy wygl\u0105d ka\u017cdego wn\u0119trza o odpowiednio dobrane nowatorskie elementy wyko\u0144czeniowe. Na \u017cyczenie klienta przedstawimy je formie wizualizacji. Przygotujemy i wykonamy produkty, kt\u00f3re nadadz\u0105 wn\u0119trzu niepowtarzalny klimat i oryginalno\u015b\u0107.<br \/>Wszystkie nasze propozycje r\u00f3wnie dobrze sprawdz\u0105 si\u0119 w aran\u017cacjach klasycznych, opartych na tradycyjnych za\u0142o\u017ceniach oraz w nowoczesnych i designerskich wn\u0119trzach. Odpowiednio dobrane lub indywidualnie zaprojektowane stworz\u0105 nowy wygl\u0105d, nadadz\u0105 pomieszczeniom firmowym i obiektom u\u017cyteczno\u015bci publicznej wyj\u0105tkowego charakteru.<br \/>Zaprojektujemy, wydrukujemy i zamontujemy wybrane dekoracje. Wsp\u00f3\u0142pracujemy z architektami wn\u0119trz.<\/p>\t\t\t\t\t\t\t\t<\/div>\n\t\t\t\t<\/div>\n\t\t\t\t\t<\/div>\n\t\t<\/div>\n\t\t\t\t\t<\/div>\n\t\t<\/section>\n\t\t\t\t\t<\/div>\n\t\t<\/div>\n\t\t\t\t\t<\/div>\n\t\t<\/div>\n\t\t\t\t<\/div>\n\t\t","protected":false},"excerpt":{"rendered":"<p>Wzbogacimy wygl\u0105d ka\u017cdego wn\u0119trza o odpowiednio dobrane nowatorskie elementy wyko\u0144czeniowe. Na \u017cyczenie klienta przedstawimy je formie wizualizacji. Przygotujemy i wykonamy produkty, kt\u00f3re nadadz\u0105 wn\u0119trzu niepowtarzalny klimat i oryginalno\u015b\u0107.Wszystkie nasze propozycje r\u00f3wnie dobrze sprawdz\u0105 si\u0119 w aran\u017cacjach klasycznych, opartych na tradycyjnych za\u0142o\u017ceniach oraz w nowoczesnych i designerskich wn\u0119trzach. Odpowiednio dobrane lub indywidualnie zaprojektowane stworz\u0105 nowy wygl\u0105d, [&hellip;]<\/p>\n","protected":false},"author":1,"featured_media":0,"parent":0,"menu_order":3,"comment_status":"closed","ping_status":"closed","template":"elementor_header_footer","meta":{"footnotes":""},"class_list":["post-377","page","type-page","status-publish","hentry"],"_links":{"self":[{"href":"https:\/\/visualreklama.pl\/index.php\/wp-json\/wp\/v2\/pages\/377","targetHints":{"allow":["GET"]}}],"collection":[{"href":"https:\/\/visualreklama.pl\/index.php\/wp-json\/wp\/v2\/pages"}],"about":[{"href":"https:\/\/visualreklama.pl\/index.php\/wp-json\/wp\/v2\/types\/page"}],"author":[{"embeddable":true,"href":"https:\/\/visualreklama.pl\/index.php\/wp-json\/wp\/v2\/users\/1"}],"replies":[{"embeddable":true,"href":"https:\/\/visualreklama.pl\/index.php\/wp-json\/wp\/v2\/comments?post=377"}],"version-history":[{"count":37,"href":"https:\/\/visualreklama.pl\/index.php\/wp-json\/wp\/v2\/pages\/377\/revisions"}],"predecessor-version":[{"id":2508,"href":"https:\/\/visualreklama.pl\/index.php\/wp-json\/wp\/v2\/pages\/377\/revisions\/2508"}],"wp:attachment":[{"href":"https:\/\/visualreklama.pl\/index.php\/wp-json\/wp\/v2\/media?parent=377"}],"curies":[{"name":"wp","href":"https:\/\/api.w.org\/{rel}","templated":true}]}}