{"id":435,"date":"2019-01-24T16:32:11","date_gmt":"2019-01-24T15:32:11","guid":{"rendered":"http:\/\/visualreklama.pl\/?page_id=435"},"modified":"2019-06-24T16:31:33","modified_gmt":"2019-06-24T14:31:33","slug":"szyldy-reklamowe-i-witryny-sklepowe","status":"publish","type":"page","link":"https:\/\/visualreklama.pl\/index.php\/reklama-zewnetrzna\/szyldy-reklamowe-i-witryny-sklepowe\/","title":{"rendered":"Szyldy reklamowe, witryny"},"content":{"rendered":"\t\t<div data-elementor-type=\"wp-post\" data-elementor-id=\"435\" class=\"elementor elementor-435\" data-elementor-post-type=\"page\">\n\t\t\t\t\t\t<section class=\"elementor-section elementor-top-section elementor-element elementor-element-270f6870 elementor-section-full_width elementor-hidden-desktop elementor-hidden-tablet elementor-section-height-default elementor-section-height-default\" data-id=\"270f6870\" data-element_type=\"section\" data-e-type=\"section\" data-settings=\"{&quot;background_background&quot;:&quot;classic&quot;}\">\n\t\t\t\t\t\t<div class=\"elementor-container elementor-column-gap-no\">\n\t\t\t\t\t<div class=\"elementor-column elementor-col-100 elementor-top-column elementor-element elementor-element-6885c42d\" data-id=\"6885c42d\" data-element_type=\"column\" data-e-type=\"column\">\n\t\t\t<div class=\"elementor-widget-wrap elementor-element-populated\">\n\t\t\t\t\t\t<div class=\"elementor-element elementor-element-71c592c0 elementor-widget elementor-widget-image\" data-id=\"71c592c0\" data-element_type=\"widget\" data-e-type=\"widget\" data-widget_type=\"image.default\">\n\t\t\t\t<div class=\"elementor-widget-container\">\n\t\t\t\t\t\t\t\t\t\t\t\t\t\t\t<img fetchpriority=\"high\" decoding=\"async\" width=\"768\" height=\"508\" src=\"https:\/\/visualreklama.pl\/wp-content\/uploads\/2019\/06\/zdj\u0119cie-witryny-768x508.jpg\" class=\"attachment-medium_large size-medium_large wp-image-1782\" alt=\"\" srcset=\"https:\/\/visualreklama.pl\/wp-content\/uploads\/2019\/06\/zdj\u0119cie-witryny-768x508.jpg 768w, https:\/\/visualreklama.pl\/wp-content\/uploads\/2019\/06\/zdj\u0119cie-witryny-300x198.jpg 300w, https:\/\/visualreklama.pl\/wp-content\/uploads\/2019\/06\/zdj\u0119cie-witryny-1024x677.jpg 1024w, https:\/\/visualreklama.pl\/wp-content\/uploads\/2019\/06\/zdj\u0119cie-witryny-e1561194302646.jpg 1500w\" sizes=\"(max-width: 768px) 100vw, 768px\" \/>\t\t\t\t\t\t\t\t\t\t\t\t\t\t\t<\/div>\n\t\t\t\t<\/div>\n\t\t\t\t<div class=\"elementor-element elementor-element-94aeb66 section-about-services elementor-widget elementor-widget-text-editor\" data-id=\"94aeb66\" data-element_type=\"widget\" data-e-type=\"widget\" data-widget_type=\"text-editor.default\">\n\t\t\t\t<div class=\"elementor-widget-container\">\n\t\t\t\t\t\t\t\t\t<p>Szyldy reklamowe, witryny sklepowe \u2013 oznaczenia na budynkach z naw\u0105 firmy, logo, informacyjne, to najcz\u0119\u015bciej stosowany rodzaj reklamy<\/p>\t\t\t\t\t\t\t\t<\/div>\n\t\t\t\t<\/div>\n\t\t\t\t<div class=\"elementor-element elementor-element-3c9029d3 elementor-nav-menu__align-center elementor-nav-menu__text-align-center elementor-nav-menu--dropdown-mobile elementor-widget elementor-widget-nav-menu\" data-id=\"3c9029d3\" data-element_type=\"widget\" data-e-type=\"widget\" data-settings=\"{&quot;layout&quot;:&quot;vertical&quot;,&quot;submenu_icon&quot;:{&quot;value&quot;:&quot;&lt;i class=\\&quot;fa fa-caret-down\\&quot; aria-hidden=\\&quot;true\\&quot;&gt;&lt;\\\/i&gt;&quot;,&quot;library&quot;:&quot;fa-solid&quot;}}\" data-widget_type=\"nav-menu.default\">\n\t\t\t\t<div class=\"elementor-widget-container\">\n\t\t\t\t\t\t\t\t<nav aria-label=\"Menu\" class=\"elementor-nav-menu--main elementor-nav-menu__container elementor-nav-menu--layout-vertical e--pointer-background e--animation-none\">\n\t\t\t\t<ul id=\"menu-1-3c9029d3\" class=\"elementor-nav-menu sm-vertical\"><li class=\"menu-item menu-item-type-post_type menu-item-object-page menu-item-703\"><a href=\"https:\/\/visualreklama.pl\/index.php\/reklama-zewnetrzna\/\" class=\"elementor-item\">Reklama zewn\u0119trzna<\/a><\/li>\n<li class=\"menu-item menu-item-type-post_type menu-item-object-page menu-item-704\"><a href=\"https:\/\/visualreklama.pl\/index.php\/reklama-zewnetrzna\/reklama-na-pojazdach\/\" class=\"elementor-item\">Reklama na pojazdach<\/a><\/li>\n<li class=\"menu-item menu-item-type-post_type menu-item-object-page menu-item-705\"><a href=\"https:\/\/visualreklama.pl\/index.php\/reklama-zewnetrzna\/szyldy-reklamowe-i-witryny-sklepowe\/\" class=\"elementor-item\">Szyldy reklamowe, witryny<\/a><\/li>\n<li class=\"menu-item menu-item-type-post_type menu-item-object-page menu-item-706\"><a href=\"https:\/\/visualreklama.pl\/index.php\/reklama-zewnetrzna\/wszelkiego-rodzaju-tablice-wolnostojace\/\" class=\"elementor-item\">Tablice wolnostoj\u0105ce<\/a><\/li>\n<li class=\"menu-item menu-item-type-post_type menu-item-object-page menu-item-707\"><a href=\"https:\/\/visualreklama.pl\/index.php\/reklama-zewnetrzna\/banery-reklamowe-siatki-mesh\/\" class=\"elementor-item\">Banery reklamowe, siatki mesh<\/a><\/li>\n<li class=\"menu-item menu-item-type-post_type menu-item-object-page menu-item-708\"><a href=\"https:\/\/visualreklama.pl\/index.php\/reklama-zewnetrzna\/billboardy\/\" class=\"elementor-item\">Billboardy<\/a><\/li>\n<li class=\"menu-item menu-item-type-post_type menu-item-object-page menu-item-709\"><a href=\"https:\/\/visualreklama.pl\/index.php\/reklama-zewnetrzna\/litery-przestrzenne\/\" class=\"elementor-item\">Litery przestrzenne 3D<\/a><\/li>\n<li class=\"menu-item menu-item-type-post_type menu-item-object-page menu-item-710\"><a href=\"https:\/\/visualreklama.pl\/index.php\/reklama-zewnetrzna\/litery-przestrzenne-3d-podswietlane\/\" class=\"elementor-item\">Litery przestrzenne 3D pod\u015bwietlane<\/a><\/li>\n<li class=\"menu-item menu-item-type-post_type menu-item-object-page menu-item-711\"><a href=\"https:\/\/visualreklama.pl\/index.php\/reklama-zewnetrzna\/kasetony-swietlne\/\" class=\"elementor-item\">Kasetony \u015bwietlne<\/a><\/li>\n<li class=\"menu-item menu-item-type-post_type menu-item-object-page menu-item-712\"><a href=\"https:\/\/visualreklama.pl\/index.php\/reklama-zewnetrzna\/pylony\/\" class=\"elementor-item\">Pylony<\/a><\/li>\n<li class=\"menu-item menu-item-type-post_type menu-item-object-page menu-item-713\"><a href=\"https:\/\/visualreklama.pl\/index.php\/reklama-zewnetrzna\/flagi\/\" class=\"elementor-item\">Flagi<\/a><\/li>\n<\/ul>\t\t\t<\/nav>\n\t\t\t\t\t\t<nav class=\"elementor-nav-menu--dropdown elementor-nav-menu__container\" aria-hidden=\"true\">\n\t\t\t\t<ul id=\"menu-2-3c9029d3\" class=\"elementor-nav-menu sm-vertical\"><li class=\"menu-item menu-item-type-post_type menu-item-object-page menu-item-703\"><a href=\"https:\/\/visualreklama.pl\/index.php\/reklama-zewnetrzna\/\" class=\"elementor-item\" tabindex=\"-1\">Reklama zewn\u0119trzna<\/a><\/li>\n<li class=\"menu-item menu-item-type-post_type menu-item-object-page menu-item-704\"><a href=\"https:\/\/visualreklama.pl\/index.php\/reklama-zewnetrzna\/reklama-na-pojazdach\/\" class=\"elementor-item\" tabindex=\"-1\">Reklama na pojazdach<\/a><\/li>\n<li class=\"menu-item menu-item-type-post_type menu-item-object-page menu-item-705\"><a href=\"https:\/\/visualreklama.pl\/index.php\/reklama-zewnetrzna\/szyldy-reklamowe-i-witryny-sklepowe\/\" class=\"elementor-item\" tabindex=\"-1\">Szyldy reklamowe, witryny<\/a><\/li>\n<li class=\"menu-item menu-item-type-post_type menu-item-object-page menu-item-706\"><a href=\"https:\/\/visualreklama.pl\/index.php\/reklama-zewnetrzna\/wszelkiego-rodzaju-tablice-wolnostojace\/\" class=\"elementor-item\" tabindex=\"-1\">Tablice wolnostoj\u0105ce<\/a><\/li>\n<li class=\"menu-item menu-item-type-post_type menu-item-object-page menu-item-707\"><a href=\"https:\/\/visualreklama.pl\/index.php\/reklama-zewnetrzna\/banery-reklamowe-siatki-mesh\/\" class=\"elementor-item\" tabindex=\"-1\">Banery reklamowe, siatki mesh<\/a><\/li>\n<li class=\"menu-item menu-item-type-post_type menu-item-object-page menu-item-708\"><a href=\"https:\/\/visualreklama.pl\/index.php\/reklama-zewnetrzna\/billboardy\/\" class=\"elementor-item\" tabindex=\"-1\">Billboardy<\/a><\/li>\n<li class=\"menu-item menu-item-type-post_type menu-item-object-page menu-item-709\"><a href=\"https:\/\/visualreklama.pl\/index.php\/reklama-zewnetrzna\/litery-przestrzenne\/\" class=\"elementor-item\" tabindex=\"-1\">Litery przestrzenne 3D<\/a><\/li>\n<li class=\"menu-item menu-item-type-post_type menu-item-object-page menu-item-710\"><a href=\"https:\/\/visualreklama.pl\/index.php\/reklama-zewnetrzna\/litery-przestrzenne-3d-podswietlane\/\" class=\"elementor-item\" tabindex=\"-1\">Litery przestrzenne 3D pod\u015bwietlane<\/a><\/li>\n<li class=\"menu-item menu-item-type-post_type menu-item-object-page menu-item-711\"><a href=\"https:\/\/visualreklama.pl\/index.php\/reklama-zewnetrzna\/kasetony-swietlne\/\" class=\"elementor-item\" tabindex=\"-1\">Kasetony \u015bwietlne<\/a><\/li>\n<li class=\"menu-item menu-item-type-post_type menu-item-object-page menu-item-712\"><a href=\"https:\/\/visualreklama.pl\/index.php\/reklama-zewnetrzna\/pylony\/\" class=\"elementor-item\" tabindex=\"-1\">Pylony<\/a><\/li>\n<li class=\"menu-item menu-item-type-post_type menu-item-object-page menu-item-713\"><a href=\"https:\/\/visualreklama.pl\/index.php\/reklama-zewnetrzna\/flagi\/\" class=\"elementor-item\" tabindex=\"-1\">Flagi<\/a><\/li>\n<\/ul>\t\t\t<\/nav>\n\t\t\t\t\t\t<\/div>\n\t\t\t\t<\/div>\n\t\t\t\t\t<\/div>\n\t\t<\/div>\n\t\t\t\t\t<\/div>\n\t\t<\/section>\n\t\t\t\t<div class=\"elementor-section elementor-top-section elementor-element elementor-element-45ecdf74 elementor-section-height-full elementor-section-items-stretch elementor-section-full_width elementor-hidden-phone elementor-section-height-default\" data-id=\"45ecdf74\" data-element_type=\"section\" data-e-type=\"section\">\n\t\t\t\t\t\t\t<div class=\"elementor-background-overlay\"><\/div>\n\t\t\t\t\t\t\t<div class=\"elementor-container elementor-column-gap-default\">\n\t\t\t\t\t<div class=\"elementor-column elementor-col-50 elementor-top-column elementor-element elementor-element-7bcccd17\" data-id=\"7bcccd17\" data-element_type=\"column\" data-e-type=\"column\" data-settings=\"{&quot;background_background&quot;:&quot;classic&quot;}\">\n\t\t\t<div class=\"elementor-widget-wrap elementor-element-populated\">\n\t\t\t\t\t\t<div class=\"elementor-element elementor-element-6b7a8cfd elementor-nav-menu__align-start section-menu elementor-nav-menu__text-align-center elementor-nav-menu--dropdown-tablet elementor-nav-menu--toggle elementor-nav-menu--burger elementor-widget elementor-widget-nav-menu\" data-id=\"6b7a8cfd\" data-element_type=\"widget\" data-e-type=\"widget\" data-settings=\"{&quot;layout&quot;:&quot;vertical&quot;,&quot;submenu_icon&quot;:{&quot;value&quot;:&quot;&lt;i class=\\&quot;fa fa-caret-down\\&quot; aria-hidden=\\&quot;true\\&quot;&gt;&lt;\\\/i&gt;&quot;,&quot;library&quot;:&quot;fa-solid&quot;},&quot;toggle&quot;:&quot;burger&quot;}\" data-widget_type=\"nav-menu.default\">\n\t\t\t\t<div class=\"elementor-widget-container\">\n\t\t\t\t\t\t\t\t<nav aria-label=\"Menu\" class=\"elementor-nav-menu--main elementor-nav-menu__container elementor-nav-menu--layout-vertical e--pointer-background e--animation-none\">\n\t\t\t\t<ul id=\"menu-1-6b7a8cfd\" class=\"elementor-nav-menu sm-vertical\"><li class=\"menu-item menu-item-type-post_type menu-item-object-page menu-item-703\"><a href=\"https:\/\/visualreklama.pl\/index.php\/reklama-zewnetrzna\/\" class=\"elementor-item\">Reklama zewn\u0119trzna<\/a><\/li>\n<li class=\"menu-item menu-item-type-post_type menu-item-object-page menu-item-704\"><a href=\"https:\/\/visualreklama.pl\/index.php\/reklama-zewnetrzna\/reklama-na-pojazdach\/\" class=\"elementor-item\">Reklama na pojazdach<\/a><\/li>\n<li class=\"menu-item menu-item-type-post_type menu-item-object-page menu-item-705\"><a href=\"https:\/\/visualreklama.pl\/index.php\/reklama-zewnetrzna\/szyldy-reklamowe-i-witryny-sklepowe\/\" class=\"elementor-item\">Szyldy reklamowe, witryny<\/a><\/li>\n<li class=\"menu-item menu-item-type-post_type menu-item-object-page menu-item-706\"><a href=\"https:\/\/visualreklama.pl\/index.php\/reklama-zewnetrzna\/wszelkiego-rodzaju-tablice-wolnostojace\/\" class=\"elementor-item\">Tablice wolnostoj\u0105ce<\/a><\/li>\n<li class=\"menu-item menu-item-type-post_type menu-item-object-page menu-item-707\"><a href=\"https:\/\/visualreklama.pl\/index.php\/reklama-zewnetrzna\/banery-reklamowe-siatki-mesh\/\" class=\"elementor-item\">Banery reklamowe, siatki mesh<\/a><\/li>\n<li class=\"menu-item menu-item-type-post_type menu-item-object-page menu-item-708\"><a href=\"https:\/\/visualreklama.pl\/index.php\/reklama-zewnetrzna\/billboardy\/\" class=\"elementor-item\">Billboardy<\/a><\/li>\n<li class=\"menu-item menu-item-type-post_type menu-item-object-page menu-item-709\"><a href=\"https:\/\/visualreklama.pl\/index.php\/reklama-zewnetrzna\/litery-przestrzenne\/\" class=\"elementor-item\">Litery przestrzenne 3D<\/a><\/li>\n<li class=\"menu-item menu-item-type-post_type menu-item-object-page menu-item-710\"><a href=\"https:\/\/visualreklama.pl\/index.php\/reklama-zewnetrzna\/litery-przestrzenne-3d-podswietlane\/\" class=\"elementor-item\">Litery przestrzenne 3D pod\u015bwietlane<\/a><\/li>\n<li class=\"menu-item menu-item-type-post_type menu-item-object-page menu-item-711\"><a href=\"https:\/\/visualreklama.pl\/index.php\/reklama-zewnetrzna\/kasetony-swietlne\/\" class=\"elementor-item\">Kasetony \u015bwietlne<\/a><\/li>\n<li class=\"menu-item menu-item-type-post_type menu-item-object-page menu-item-712\"><a href=\"https:\/\/visualreklama.pl\/index.php\/reklama-zewnetrzna\/pylony\/\" class=\"elementor-item\">Pylony<\/a><\/li>\n<li class=\"menu-item menu-item-type-post_type menu-item-object-page menu-item-713\"><a href=\"https:\/\/visualreklama.pl\/index.php\/reklama-zewnetrzna\/flagi\/\" class=\"elementor-item\">Flagi<\/a><\/li>\n<\/ul>\t\t\t<\/nav>\n\t\t\t\t\t<div class=\"elementor-menu-toggle\" role=\"button\" tabindex=\"0\" aria-label=\"Menu Toggle\" aria-expanded=\"false\">\n\t\t\t<i aria-hidden=\"true\" role=\"presentation\" class=\"elementor-menu-toggle__icon--open eicon-menu-bar\"><\/i><i aria-hidden=\"true\" role=\"presentation\" class=\"elementor-menu-toggle__icon--close eicon-close\"><\/i>\t\t<\/div>\n\t\t\t\t\t<nav class=\"elementor-nav-menu--dropdown elementor-nav-menu__container\" aria-hidden=\"true\">\n\t\t\t\t<ul id=\"menu-2-6b7a8cfd\" class=\"elementor-nav-menu sm-vertical\"><li class=\"menu-item menu-item-type-post_type menu-item-object-page menu-item-703\"><a href=\"https:\/\/visualreklama.pl\/index.php\/reklama-zewnetrzna\/\" class=\"elementor-item\" tabindex=\"-1\">Reklama zewn\u0119trzna<\/a><\/li>\n<li class=\"menu-item menu-item-type-post_type menu-item-object-page menu-item-704\"><a href=\"https:\/\/visualreklama.pl\/index.php\/reklama-zewnetrzna\/reklama-na-pojazdach\/\" class=\"elementor-item\" tabindex=\"-1\">Reklama na pojazdach<\/a><\/li>\n<li class=\"menu-item menu-item-type-post_type menu-item-object-page menu-item-705\"><a href=\"https:\/\/visualreklama.pl\/index.php\/reklama-zewnetrzna\/szyldy-reklamowe-i-witryny-sklepowe\/\" class=\"elementor-item\" tabindex=\"-1\">Szyldy reklamowe, witryny<\/a><\/li>\n<li class=\"menu-item menu-item-type-post_type menu-item-object-page menu-item-706\"><a href=\"https:\/\/visualreklama.pl\/index.php\/reklama-zewnetrzna\/wszelkiego-rodzaju-tablice-wolnostojace\/\" class=\"elementor-item\" tabindex=\"-1\">Tablice wolnostoj\u0105ce<\/a><\/li>\n<li class=\"menu-item menu-item-type-post_type menu-item-object-page menu-item-707\"><a href=\"https:\/\/visualreklama.pl\/index.php\/reklama-zewnetrzna\/banery-reklamowe-siatki-mesh\/\" class=\"elementor-item\" tabindex=\"-1\">Banery reklamowe, siatki mesh<\/a><\/li>\n<li class=\"menu-item menu-item-type-post_type menu-item-object-page menu-item-708\"><a href=\"https:\/\/visualreklama.pl\/index.php\/reklama-zewnetrzna\/billboardy\/\" class=\"elementor-item\" tabindex=\"-1\">Billboardy<\/a><\/li>\n<li class=\"menu-item menu-item-type-post_type menu-item-object-page menu-item-709\"><a href=\"https:\/\/visualreklama.pl\/index.php\/reklama-zewnetrzna\/litery-przestrzenne\/\" class=\"elementor-item\" tabindex=\"-1\">Litery przestrzenne 3D<\/a><\/li>\n<li class=\"menu-item menu-item-type-post_type menu-item-object-page menu-item-710\"><a href=\"https:\/\/visualreklama.pl\/index.php\/reklama-zewnetrzna\/litery-przestrzenne-3d-podswietlane\/\" class=\"elementor-item\" tabindex=\"-1\">Litery przestrzenne 3D pod\u015bwietlane<\/a><\/li>\n<li class=\"menu-item menu-item-type-post_type menu-item-object-page menu-item-711\"><a href=\"https:\/\/visualreklama.pl\/index.php\/reklama-zewnetrzna\/kasetony-swietlne\/\" class=\"elementor-item\" tabindex=\"-1\">Kasetony \u015bwietlne<\/a><\/li>\n<li class=\"menu-item menu-item-type-post_type menu-item-object-page menu-item-712\"><a href=\"https:\/\/visualreklama.pl\/index.php\/reklama-zewnetrzna\/pylony\/\" class=\"elementor-item\" tabindex=\"-1\">Pylony<\/a><\/li>\n<li class=\"menu-item menu-item-type-post_type menu-item-object-page menu-item-713\"><a href=\"https:\/\/visualreklama.pl\/index.php\/reklama-zewnetrzna\/flagi\/\" class=\"elementor-item\" tabindex=\"-1\">Flagi<\/a><\/li>\n<\/ul>\t\t\t<\/nav>\n\t\t\t\t\t\t<\/div>\n\t\t\t\t<\/div>\n\t\t\t\t\t<\/div>\n\t\t<\/div>\n\t\t\t\t<div class=\"elementor-column elementor-col-50 elementor-top-column elementor-element elementor-element-720aa9d8\" data-id=\"720aa9d8\" data-element_type=\"column\" data-e-type=\"column\" data-settings=\"{&quot;background_background&quot;:&quot;classic&quot;}\">\n\t\t\t<div class=\"elementor-widget-wrap elementor-element-populated\">\n\t\t\t\t\t<div class=\"elementor-background-overlay\"><\/div>\n\t\t\t\t\t\t<section class=\"elementor-section elementor-inner-section elementor-element elementor-element-daeda6a elementor-section-boxed elementor-section-height-default elementor-section-height-default\" data-id=\"daeda6a\" data-element_type=\"section\" data-e-type=\"section\">\n\t\t\t\t\t\t<div class=\"elementor-container elementor-column-gap-no\">\n\t\t\t\t\t<div class=\"elementor-column elementor-col-100 elementor-inner-column elementor-element elementor-element-2d06941f\" data-id=\"2d06941f\" data-element_type=\"column\" data-e-type=\"column\">\n\t\t\t<div class=\"elementor-widget-wrap elementor-element-populated\">\n\t\t\t\t\t\t<div class=\"elementor-element elementor-element-49623fe9 elementor-widget-divider--view-line elementor-widget elementor-widget-divider\" data-id=\"49623fe9\" data-element_type=\"widget\" data-e-type=\"widget\" data-widget_type=\"divider.default\">\n\t\t\t\t<div class=\"elementor-widget-container\">\n\t\t\t\t\t\t\t<div class=\"elementor-divider\">\n\t\t\t<span class=\"elementor-divider-separator\">\n\t\t\t\t\t\t<\/span>\n\t\t<\/div>\n\t\t\t\t\t\t<\/div>\n\t\t\t\t<\/div>\n\t\t\t\t<div class=\"elementor-element elementor-element-30afb99 section-about-services elementor-widget elementor-widget-text-editor\" data-id=\"30afb99\" data-element_type=\"widget\" data-e-type=\"widget\" data-widget_type=\"text-editor.default\">\n\t\t\t\t<div class=\"elementor-widget-container\">\n\t\t\t\t\t\t\t\t\t<p>Szyldy reklamowe, witryny sklepowe \u2013 oznaczenia na budynkach z naw\u0105 firmy, logo, informacyjne, to najcz\u0119\u015bciej stosowany rodzaj reklamy<\/p>\t\t\t\t\t\t\t\t<\/div>\n\t\t\t\t<\/div>\n\t\t\t\t\t<\/div>\n\t\t<\/div>\n\t\t\t\t\t<\/div>\n\t\t<\/section>\n\t\t\t\t\t<\/div>\n\t\t<\/div>\n\t\t\t\t\t<\/div>\n\t\t<\/div>\n\t\t\t\t<\/div>\n\t\t","protected":false},"excerpt":{"rendered":"<p>Szyldy reklamowe, witryny sklepowe \u2013 oznaczenia na budynkach z naw\u0105 firmy, logo, informacyjne, to najcz\u0119\u015bciej stosowany rodzaj reklamy Szyldy reklamowe, witryny sklepowe \u2013 oznaczenia na budynkach z naw\u0105 firmy, logo, informacyjne, to najcz\u0119\u015bciej stosowany rodzaj reklamy<\/p>\n","protected":false},"author":1,"featured_media":0,"parent":390,"menu_order":2,"comment_status":"closed","ping_status":"closed","template":"elementor_header_footer","meta":{"footnotes":""},"class_list":["post-435","page","type-page","status-publish","hentry"],"_links":{"self":[{"href":"https:\/\/visualreklama.pl\/index.php\/wp-json\/wp\/v2\/pages\/435","targetHints":{"allow":["GET"]}}],"collection":[{"href":"https:\/\/visualreklama.pl\/index.php\/wp-json\/wp\/v2\/pages"}],"about":[{"href":"https:\/\/visualreklama.pl\/index.php\/wp-json\/wp\/v2\/types\/page"}],"author":[{"embeddable":true,"href":"https:\/\/visualreklama.pl\/index.php\/wp-json\/wp\/v2\/users\/1"}],"replies":[{"embeddable":true,"href":"https:\/\/visualreklama.pl\/index.php\/wp-json\/wp\/v2\/comments?post=435"}],"version-history":[{"count":15,"href":"https:\/\/visualreklama.pl\/index.php\/wp-json\/wp\/v2\/pages\/435\/revisions"}],"predecessor-version":[{"id":2531,"href":"https:\/\/visualreklama.pl\/index.php\/wp-json\/wp\/v2\/pages\/435\/revisions\/2531"}],"up":[{"embeddable":true,"href":"https:\/\/visualreklama.pl\/index.php\/wp-json\/wp\/v2\/pages\/390"}],"wp:attachment":[{"href":"https:\/\/visualreklama.pl\/index.php\/wp-json\/wp\/v2\/media?parent=435"}],"curies":[{"name":"wp","href":"https:\/\/api.w.org\/{rel}","templated":true}]}}