{"id":443,"date":"2019-01-24T16:34:43","date_gmt":"2019-01-24T15:34:43","guid":{"rendered":"http:\/\/visualreklama.pl\/?page_id=443"},"modified":"2019-06-24T16:34:11","modified_gmt":"2019-06-24T14:34:11","slug":"litery-przestrzenne-3d-podswietlane","status":"publish","type":"page","link":"https:\/\/visualreklama.pl\/index.php\/reklama-zewnetrzna\/litery-przestrzenne-3d-podswietlane\/","title":{"rendered":"Litery przestrzenne 3D pod\u015bwietlane"},"content":{"rendered":"\t\t<div data-elementor-type=\"wp-post\" data-elementor-id=\"443\" class=\"elementor elementor-443\" data-elementor-post-type=\"page\">\n\t\t\t\t\t\t<section class=\"elementor-section elementor-top-section elementor-element elementor-element-75b424d7 elementor-section-full_width elementor-hidden-desktop elementor-hidden-tablet elementor-section-height-default elementor-section-height-default\" data-id=\"75b424d7\" data-element_type=\"section\" data-e-type=\"section\" data-settings=\"{&quot;background_background&quot;:&quot;classic&quot;}\">\n\t\t\t\t\t\t<div class=\"elementor-container elementor-column-gap-no\">\n\t\t\t\t\t<div class=\"elementor-column elementor-col-100 elementor-top-column elementor-element elementor-element-37a2ba69\" data-id=\"37a2ba69\" data-element_type=\"column\" data-e-type=\"column\">\n\t\t\t<div class=\"elementor-widget-wrap elementor-element-populated\">\n\t\t\t\t\t\t<div class=\"elementor-element elementor-element-3eb83e26 elementor-widget elementor-widget-image\" data-id=\"3eb83e26\" data-element_type=\"widget\" data-e-type=\"widget\" data-widget_type=\"image.default\">\n\t\t\t\t<div class=\"elementor-widget-container\">\n\t\t\t\t\t\t\t\t\t\t\t\t\t\t\t<img fetchpriority=\"high\" decoding=\"async\" width=\"768\" height=\"512\" src=\"https:\/\/visualreklama.pl\/wp-content\/uploads\/2019\/06\/litery3d-768x512.jpg\" class=\"attachment-medium_large size-medium_large wp-image-2055\" alt=\"\" srcset=\"https:\/\/visualreklama.pl\/wp-content\/uploads\/2019\/06\/litery3d-768x512.jpg 768w, https:\/\/visualreklama.pl\/wp-content\/uploads\/2019\/06\/litery3d-300x200.jpg 300w, https:\/\/visualreklama.pl\/wp-content\/uploads\/2019\/06\/litery3d-1024x683.jpg 1024w, https:\/\/visualreklama.pl\/wp-content\/uploads\/2019\/06\/litery3d-e1561194232348.jpg 1500w\" sizes=\"(max-width: 768px) 100vw, 768px\" \/>\t\t\t\t\t\t\t\t\t\t\t\t\t\t\t<\/div>\n\t\t\t\t<\/div>\n\t\t\t\t<div class=\"elementor-element elementor-element-2098bda2 section-about-services elementor-widget elementor-widget-text-editor\" data-id=\"2098bda2\" data-element_type=\"widget\" data-e-type=\"widget\" data-widget_type=\"text-editor.default\">\n\t\t\t\t<div class=\"elementor-widget-container\">\n\t\t\t\t\t\t\t\t\t<p>Litery przestrzenne 3D pod\u015bwietlane \u2013 s\u0105 doskona\u0142ym elementem reklamy firmy ze wzgl\u0119du na dobr\u0105 ekspozycj\u0119 zar\u00f3wno w ci\u0105gu dnia jak i w nocy. Wykonane s\u0105 z profili aluminiowych malowanych proszkowo na dowolny kolor z licem z plexi. Ty\u0142 liter stanowi p\u0142yta PCV, do o\u015bwietlenia stosowane s\u0105 diody LED lub \u015bwietl\u00f3wki. Takie litery s\u0105 efektownym sposobem podkre\u015blania presti\u017cu firmy.<\/p>\t\t\t\t\t\t\t\t<\/div>\n\t\t\t\t<\/div>\n\t\t\t\t<div class=\"elementor-element elementor-element-1b890133 elementor-nav-menu__align-center elementor-nav-menu__text-align-center elementor-nav-menu--dropdown-mobile elementor-widget elementor-widget-nav-menu\" data-id=\"1b890133\" data-element_type=\"widget\" data-e-type=\"widget\" data-settings=\"{&quot;layout&quot;:&quot;vertical&quot;,&quot;submenu_icon&quot;:{&quot;value&quot;:&quot;&lt;i class=\\&quot;fa fa-caret-down\\&quot; aria-hidden=\\&quot;true\\&quot;&gt;&lt;\\\/i&gt;&quot;,&quot;library&quot;:&quot;fa-solid&quot;}}\" data-widget_type=\"nav-menu.default\">\n\t\t\t\t<div class=\"elementor-widget-container\">\n\t\t\t\t\t\t\t\t<nav aria-label=\"Menu\" class=\"elementor-nav-menu--main elementor-nav-menu__container elementor-nav-menu--layout-vertical e--pointer-background e--animation-none\">\n\t\t\t\t<ul id=\"menu-1-1b890133\" class=\"elementor-nav-menu sm-vertical\"><li class=\"menu-item menu-item-type-post_type menu-item-object-page menu-item-703\"><a href=\"https:\/\/visualreklama.pl\/index.php\/reklama-zewnetrzna\/\" class=\"elementor-item\">Reklama zewn\u0119trzna<\/a><\/li>\n<li class=\"menu-item menu-item-type-post_type menu-item-object-page menu-item-704\"><a href=\"https:\/\/visualreklama.pl\/index.php\/reklama-zewnetrzna\/reklama-na-pojazdach\/\" class=\"elementor-item\">Reklama na pojazdach<\/a><\/li>\n<li class=\"menu-item menu-item-type-post_type menu-item-object-page menu-item-705\"><a href=\"https:\/\/visualreklama.pl\/index.php\/reklama-zewnetrzna\/szyldy-reklamowe-i-witryny-sklepowe\/\" class=\"elementor-item\">Szyldy reklamowe, witryny<\/a><\/li>\n<li class=\"menu-item menu-item-type-post_type menu-item-object-page menu-item-706\"><a href=\"https:\/\/visualreklama.pl\/index.php\/reklama-zewnetrzna\/wszelkiego-rodzaju-tablice-wolnostojace\/\" class=\"elementor-item\">Tablice wolnostoj\u0105ce<\/a><\/li>\n<li class=\"menu-item menu-item-type-post_type menu-item-object-page menu-item-707\"><a href=\"https:\/\/visualreklama.pl\/index.php\/reklama-zewnetrzna\/banery-reklamowe-siatki-mesh\/\" class=\"elementor-item\">Banery reklamowe, siatki mesh<\/a><\/li>\n<li class=\"menu-item menu-item-type-post_type menu-item-object-page menu-item-708\"><a href=\"https:\/\/visualreklama.pl\/index.php\/reklama-zewnetrzna\/billboardy\/\" class=\"elementor-item\">Billboardy<\/a><\/li>\n<li class=\"menu-item menu-item-type-post_type menu-item-object-page menu-item-709\"><a href=\"https:\/\/visualreklama.pl\/index.php\/reklama-zewnetrzna\/litery-przestrzenne\/\" class=\"elementor-item\">Litery przestrzenne 3D<\/a><\/li>\n<li class=\"menu-item menu-item-type-post_type menu-item-object-page menu-item-710\"><a href=\"https:\/\/visualreklama.pl\/index.php\/reklama-zewnetrzna\/litery-przestrzenne-3d-podswietlane\/\" class=\"elementor-item\">Litery przestrzenne 3D pod\u015bwietlane<\/a><\/li>\n<li class=\"menu-item menu-item-type-post_type menu-item-object-page menu-item-711\"><a href=\"https:\/\/visualreklama.pl\/index.php\/reklama-zewnetrzna\/kasetony-swietlne\/\" class=\"elementor-item\">Kasetony \u015bwietlne<\/a><\/li>\n<li class=\"menu-item menu-item-type-post_type menu-item-object-page menu-item-712\"><a href=\"https:\/\/visualreklama.pl\/index.php\/reklama-zewnetrzna\/pylony\/\" class=\"elementor-item\">Pylony<\/a><\/li>\n<li class=\"menu-item menu-item-type-post_type menu-item-object-page menu-item-713\"><a href=\"https:\/\/visualreklama.pl\/index.php\/reklama-zewnetrzna\/flagi\/\" class=\"elementor-item\">Flagi<\/a><\/li>\n<\/ul>\t\t\t<\/nav>\n\t\t\t\t\t\t<nav class=\"elementor-nav-menu--dropdown elementor-nav-menu__container\" aria-hidden=\"true\">\n\t\t\t\t<ul id=\"menu-2-1b890133\" class=\"elementor-nav-menu sm-vertical\"><li class=\"menu-item menu-item-type-post_type menu-item-object-page menu-item-703\"><a href=\"https:\/\/visualreklama.pl\/index.php\/reklama-zewnetrzna\/\" class=\"elementor-item\" tabindex=\"-1\">Reklama zewn\u0119trzna<\/a><\/li>\n<li class=\"menu-item menu-item-type-post_type menu-item-object-page menu-item-704\"><a href=\"https:\/\/visualreklama.pl\/index.php\/reklama-zewnetrzna\/reklama-na-pojazdach\/\" class=\"elementor-item\" tabindex=\"-1\">Reklama na pojazdach<\/a><\/li>\n<li class=\"menu-item menu-item-type-post_type menu-item-object-page menu-item-705\"><a href=\"https:\/\/visualreklama.pl\/index.php\/reklama-zewnetrzna\/szyldy-reklamowe-i-witryny-sklepowe\/\" class=\"elementor-item\" tabindex=\"-1\">Szyldy reklamowe, witryny<\/a><\/li>\n<li class=\"menu-item menu-item-type-post_type menu-item-object-page menu-item-706\"><a href=\"https:\/\/visualreklama.pl\/index.php\/reklama-zewnetrzna\/wszelkiego-rodzaju-tablice-wolnostojace\/\" class=\"elementor-item\" tabindex=\"-1\">Tablice wolnostoj\u0105ce<\/a><\/li>\n<li class=\"menu-item menu-item-type-post_type menu-item-object-page menu-item-707\"><a href=\"https:\/\/visualreklama.pl\/index.php\/reklama-zewnetrzna\/banery-reklamowe-siatki-mesh\/\" class=\"elementor-item\" tabindex=\"-1\">Banery reklamowe, siatki mesh<\/a><\/li>\n<li class=\"menu-item menu-item-type-post_type menu-item-object-page menu-item-708\"><a href=\"https:\/\/visualreklama.pl\/index.php\/reklama-zewnetrzna\/billboardy\/\" class=\"elementor-item\" tabindex=\"-1\">Billboardy<\/a><\/li>\n<li class=\"menu-item menu-item-type-post_type menu-item-object-page menu-item-709\"><a href=\"https:\/\/visualreklama.pl\/index.php\/reklama-zewnetrzna\/litery-przestrzenne\/\" class=\"elementor-item\" tabindex=\"-1\">Litery przestrzenne 3D<\/a><\/li>\n<li class=\"menu-item menu-item-type-post_type menu-item-object-page menu-item-710\"><a href=\"https:\/\/visualreklama.pl\/index.php\/reklama-zewnetrzna\/litery-przestrzenne-3d-podswietlane\/\" class=\"elementor-item\" tabindex=\"-1\">Litery przestrzenne 3D pod\u015bwietlane<\/a><\/li>\n<li class=\"menu-item menu-item-type-post_type menu-item-object-page menu-item-711\"><a href=\"https:\/\/visualreklama.pl\/index.php\/reklama-zewnetrzna\/kasetony-swietlne\/\" class=\"elementor-item\" tabindex=\"-1\">Kasetony \u015bwietlne<\/a><\/li>\n<li class=\"menu-item menu-item-type-post_type menu-item-object-page menu-item-712\"><a href=\"https:\/\/visualreklama.pl\/index.php\/reklama-zewnetrzna\/pylony\/\" class=\"elementor-item\" tabindex=\"-1\">Pylony<\/a><\/li>\n<li class=\"menu-item menu-item-type-post_type menu-item-object-page menu-item-713\"><a href=\"https:\/\/visualreklama.pl\/index.php\/reklama-zewnetrzna\/flagi\/\" class=\"elementor-item\" tabindex=\"-1\">Flagi<\/a><\/li>\n<\/ul>\t\t\t<\/nav>\n\t\t\t\t\t\t<\/div>\n\t\t\t\t<\/div>\n\t\t\t\t\t<\/div>\n\t\t<\/div>\n\t\t\t\t\t<\/div>\n\t\t<\/section>\n\t\t\t\t<div class=\"elementor-section elementor-top-section elementor-element elementor-element-0d22eac elementor-section-height-full elementor-section-items-stretch elementor-section-full_width elementor-hidden-phone elementor-section-height-default\" data-id=\"0d22eac\" data-element_type=\"section\" data-e-type=\"section\">\n\t\t\t\t\t\t\t<div class=\"elementor-background-overlay\"><\/div>\n\t\t\t\t\t\t\t<div class=\"elementor-container elementor-column-gap-default\">\n\t\t\t\t\t<div class=\"elementor-column elementor-col-50 elementor-top-column elementor-element elementor-element-36f0a5a\" data-id=\"36f0a5a\" data-element_type=\"column\" data-e-type=\"column\" data-settings=\"{&quot;background_background&quot;:&quot;classic&quot;}\">\n\t\t\t<div class=\"elementor-widget-wrap elementor-element-populated\">\n\t\t\t\t\t\t<div class=\"elementor-element elementor-element-b6ab5c7 elementor-nav-menu__align-start section-menu elementor-nav-menu__text-align-center elementor-nav-menu--dropdown-tablet elementor-nav-menu--toggle elementor-nav-menu--burger elementor-widget elementor-widget-nav-menu\" data-id=\"b6ab5c7\" data-element_type=\"widget\" data-e-type=\"widget\" data-settings=\"{&quot;layout&quot;:&quot;vertical&quot;,&quot;submenu_icon&quot;:{&quot;value&quot;:&quot;&lt;i class=\\&quot;fa fa-caret-down\\&quot; aria-hidden=\\&quot;true\\&quot;&gt;&lt;\\\/i&gt;&quot;,&quot;library&quot;:&quot;fa-solid&quot;},&quot;toggle&quot;:&quot;burger&quot;}\" data-widget_type=\"nav-menu.default\">\n\t\t\t\t<div class=\"elementor-widget-container\">\n\t\t\t\t\t\t\t\t<nav aria-label=\"Menu\" class=\"elementor-nav-menu--main elementor-nav-menu__container elementor-nav-menu--layout-vertical e--pointer-background e--animation-none\">\n\t\t\t\t<ul id=\"menu-1-b6ab5c7\" class=\"elementor-nav-menu sm-vertical\"><li class=\"menu-item menu-item-type-post_type menu-item-object-page menu-item-703\"><a href=\"https:\/\/visualreklama.pl\/index.php\/reklama-zewnetrzna\/\" class=\"elementor-item\">Reklama zewn\u0119trzna<\/a><\/li>\n<li class=\"menu-item menu-item-type-post_type menu-item-object-page menu-item-704\"><a href=\"https:\/\/visualreklama.pl\/index.php\/reklama-zewnetrzna\/reklama-na-pojazdach\/\" class=\"elementor-item\">Reklama na pojazdach<\/a><\/li>\n<li class=\"menu-item menu-item-type-post_type menu-item-object-page menu-item-705\"><a href=\"https:\/\/visualreklama.pl\/index.php\/reklama-zewnetrzna\/szyldy-reklamowe-i-witryny-sklepowe\/\" class=\"elementor-item\">Szyldy reklamowe, witryny<\/a><\/li>\n<li class=\"menu-item menu-item-type-post_type menu-item-object-page menu-item-706\"><a href=\"https:\/\/visualreklama.pl\/index.php\/reklama-zewnetrzna\/wszelkiego-rodzaju-tablice-wolnostojace\/\" class=\"elementor-item\">Tablice wolnostoj\u0105ce<\/a><\/li>\n<li class=\"menu-item menu-item-type-post_type menu-item-object-page menu-item-707\"><a href=\"https:\/\/visualreklama.pl\/index.php\/reklama-zewnetrzna\/banery-reklamowe-siatki-mesh\/\" class=\"elementor-item\">Banery reklamowe, siatki mesh<\/a><\/li>\n<li class=\"menu-item menu-item-type-post_type menu-item-object-page menu-item-708\"><a href=\"https:\/\/visualreklama.pl\/index.php\/reklama-zewnetrzna\/billboardy\/\" class=\"elementor-item\">Billboardy<\/a><\/li>\n<li class=\"menu-item menu-item-type-post_type menu-item-object-page menu-item-709\"><a href=\"https:\/\/visualreklama.pl\/index.php\/reklama-zewnetrzna\/litery-przestrzenne\/\" class=\"elementor-item\">Litery przestrzenne 3D<\/a><\/li>\n<li class=\"menu-item menu-item-type-post_type menu-item-object-page menu-item-710\"><a href=\"https:\/\/visualreklama.pl\/index.php\/reklama-zewnetrzna\/litery-przestrzenne-3d-podswietlane\/\" class=\"elementor-item\">Litery przestrzenne 3D pod\u015bwietlane<\/a><\/li>\n<li class=\"menu-item menu-item-type-post_type menu-item-object-page menu-item-711\"><a href=\"https:\/\/visualreklama.pl\/index.php\/reklama-zewnetrzna\/kasetony-swietlne\/\" class=\"elementor-item\">Kasetony \u015bwietlne<\/a><\/li>\n<li class=\"menu-item menu-item-type-post_type menu-item-object-page menu-item-712\"><a href=\"https:\/\/visualreklama.pl\/index.php\/reklama-zewnetrzna\/pylony\/\" class=\"elementor-item\">Pylony<\/a><\/li>\n<li class=\"menu-item menu-item-type-post_type menu-item-object-page menu-item-713\"><a href=\"https:\/\/visualreklama.pl\/index.php\/reklama-zewnetrzna\/flagi\/\" class=\"elementor-item\">Flagi<\/a><\/li>\n<\/ul>\t\t\t<\/nav>\n\t\t\t\t\t<div class=\"elementor-menu-toggle\" role=\"button\" tabindex=\"0\" aria-label=\"Menu Toggle\" aria-expanded=\"false\">\n\t\t\t<i aria-hidden=\"true\" role=\"presentation\" class=\"elementor-menu-toggle__icon--open eicon-menu-bar\"><\/i><i aria-hidden=\"true\" role=\"presentation\" class=\"elementor-menu-toggle__icon--close eicon-close\"><\/i>\t\t<\/div>\n\t\t\t\t\t<nav class=\"elementor-nav-menu--dropdown elementor-nav-menu__container\" aria-hidden=\"true\">\n\t\t\t\t<ul id=\"menu-2-b6ab5c7\" class=\"elementor-nav-menu sm-vertical\"><li class=\"menu-item menu-item-type-post_type menu-item-object-page menu-item-703\"><a href=\"https:\/\/visualreklama.pl\/index.php\/reklama-zewnetrzna\/\" class=\"elementor-item\" tabindex=\"-1\">Reklama zewn\u0119trzna<\/a><\/li>\n<li class=\"menu-item menu-item-type-post_type menu-item-object-page menu-item-704\"><a href=\"https:\/\/visualreklama.pl\/index.php\/reklama-zewnetrzna\/reklama-na-pojazdach\/\" class=\"elementor-item\" tabindex=\"-1\">Reklama na pojazdach<\/a><\/li>\n<li class=\"menu-item menu-item-type-post_type menu-item-object-page menu-item-705\"><a href=\"https:\/\/visualreklama.pl\/index.php\/reklama-zewnetrzna\/szyldy-reklamowe-i-witryny-sklepowe\/\" class=\"elementor-item\" tabindex=\"-1\">Szyldy reklamowe, witryny<\/a><\/li>\n<li class=\"menu-item menu-item-type-post_type menu-item-object-page menu-item-706\"><a href=\"https:\/\/visualreklama.pl\/index.php\/reklama-zewnetrzna\/wszelkiego-rodzaju-tablice-wolnostojace\/\" class=\"elementor-item\" tabindex=\"-1\">Tablice wolnostoj\u0105ce<\/a><\/li>\n<li class=\"menu-item menu-item-type-post_type menu-item-object-page menu-item-707\"><a href=\"https:\/\/visualreklama.pl\/index.php\/reklama-zewnetrzna\/banery-reklamowe-siatki-mesh\/\" class=\"elementor-item\" tabindex=\"-1\">Banery reklamowe, siatki mesh<\/a><\/li>\n<li class=\"menu-item menu-item-type-post_type menu-item-object-page menu-item-708\"><a href=\"https:\/\/visualreklama.pl\/index.php\/reklama-zewnetrzna\/billboardy\/\" class=\"elementor-item\" tabindex=\"-1\">Billboardy<\/a><\/li>\n<li class=\"menu-item menu-item-type-post_type menu-item-object-page menu-item-709\"><a href=\"https:\/\/visualreklama.pl\/index.php\/reklama-zewnetrzna\/litery-przestrzenne\/\" class=\"elementor-item\" tabindex=\"-1\">Litery przestrzenne 3D<\/a><\/li>\n<li class=\"menu-item menu-item-type-post_type menu-item-object-page menu-item-710\"><a href=\"https:\/\/visualreklama.pl\/index.php\/reklama-zewnetrzna\/litery-przestrzenne-3d-podswietlane\/\" class=\"elementor-item\" tabindex=\"-1\">Litery przestrzenne 3D pod\u015bwietlane<\/a><\/li>\n<li class=\"menu-item menu-item-type-post_type menu-item-object-page menu-item-711\"><a href=\"https:\/\/visualreklama.pl\/index.php\/reklama-zewnetrzna\/kasetony-swietlne\/\" class=\"elementor-item\" tabindex=\"-1\">Kasetony \u015bwietlne<\/a><\/li>\n<li class=\"menu-item menu-item-type-post_type menu-item-object-page menu-item-712\"><a href=\"https:\/\/visualreklama.pl\/index.php\/reklama-zewnetrzna\/pylony\/\" class=\"elementor-item\" tabindex=\"-1\">Pylony<\/a><\/li>\n<li class=\"menu-item menu-item-type-post_type menu-item-object-page menu-item-713\"><a href=\"https:\/\/visualreklama.pl\/index.php\/reklama-zewnetrzna\/flagi\/\" class=\"elementor-item\" tabindex=\"-1\">Flagi<\/a><\/li>\n<\/ul>\t\t\t<\/nav>\n\t\t\t\t\t\t<\/div>\n\t\t\t\t<\/div>\n\t\t\t\t\t<\/div>\n\t\t<\/div>\n\t\t\t\t<div class=\"elementor-column elementor-col-50 elementor-top-column elementor-element elementor-element-17839e7\" data-id=\"17839e7\" data-element_type=\"column\" data-e-type=\"column\" data-settings=\"{&quot;background_background&quot;:&quot;classic&quot;}\">\n\t\t\t<div class=\"elementor-widget-wrap elementor-element-populated\">\n\t\t\t\t\t\t<section class=\"elementor-section elementor-inner-section elementor-element elementor-element-9dadd41 elementor-section-boxed elementor-section-height-default elementor-section-height-default\" data-id=\"9dadd41\" data-element_type=\"section\" data-e-type=\"section\">\n\t\t\t\t\t\t<div class=\"elementor-container elementor-column-gap-no\">\n\t\t\t\t\t<div class=\"elementor-column elementor-col-100 elementor-inner-column elementor-element elementor-element-d0733b5\" data-id=\"d0733b5\" data-element_type=\"column\" data-e-type=\"column\">\n\t\t\t<div class=\"elementor-widget-wrap elementor-element-populated\">\n\t\t\t\t\t\t<div class=\"elementor-element elementor-element-84387a7 elementor-widget-divider--view-line elementor-widget elementor-widget-divider\" data-id=\"84387a7\" data-element_type=\"widget\" data-e-type=\"widget\" data-widget_type=\"divider.default\">\n\t\t\t\t<div class=\"elementor-widget-container\">\n\t\t\t\t\t\t\t<div class=\"elementor-divider\">\n\t\t\t<span class=\"elementor-divider-separator\">\n\t\t\t\t\t\t<\/span>\n\t\t<\/div>\n\t\t\t\t\t\t<\/div>\n\t\t\t\t<\/div>\n\t\t\t\t<div class=\"elementor-element elementor-element-b848dee section-about-services elementor-widget elementor-widget-text-editor\" data-id=\"b848dee\" data-element_type=\"widget\" data-e-type=\"widget\" data-widget_type=\"text-editor.default\">\n\t\t\t\t<div class=\"elementor-widget-container\">\n\t\t\t\t\t\t\t\t\t<p>Litery przestrzenne 3D pod\u015bwietlane \u2013 s\u0105 doskona\u0142ym elementem reklamy firmy ze wzgl\u0119du na dobr\u0105 ekspozycj\u0119 zar\u00f3wno w ci\u0105gu dnia jak i w nocy. Wykonane s\u0105 z profili aluminiowych malowanych proszkowo na dowolny kolor z licem z plexi. Ty\u0142 liter stanowi p\u0142yta PCV, do o\u015bwietlenia stosowane s\u0105 diody LED lub \u015bwietl\u00f3wki. Takie litery s\u0105 efektownym sposobem podkre\u015blania presti\u017cu firmy.<\/p>\t\t\t\t\t\t\t\t<\/div>\n\t\t\t\t<\/div>\n\t\t\t\t\t<\/div>\n\t\t<\/div>\n\t\t\t\t\t<\/div>\n\t\t<\/section>\n\t\t\t\t\t<\/div>\n\t\t<\/div>\n\t\t\t\t\t<\/div>\n\t\t<\/div>\n\t\t\t\t<\/div>\n\t\t","protected":false},"excerpt":{"rendered":"<p>Litery przestrzenne 3D pod\u015bwietlane \u2013 s\u0105 doskona\u0142ym elementem reklamy firmy ze wzgl\u0119du na dobr\u0105 ekspozycj\u0119 zar\u00f3wno w ci\u0105gu dnia jak i w nocy. Wykonane s\u0105 z profili aluminiowych malowanych proszkowo na dowolny kolor z licem z plexi. Ty\u0142 liter stanowi p\u0142yta PCV, do o\u015bwietlenia stosowane s\u0105 diody LED lub \u015bwietl\u00f3wki. Takie litery s\u0105 efektownym sposobem [&hellip;]<\/p>\n","protected":false},"author":1,"featured_media":0,"parent":390,"menu_order":7,"comment_status":"closed","ping_status":"closed","template":"elementor_header_footer","meta":{"footnotes":""},"class_list":["post-443","page","type-page","status-publish","hentry"],"_links":{"self":[{"href":"https:\/\/visualreklama.pl\/index.php\/wp-json\/wp\/v2\/pages\/443","targetHints":{"allow":["GET"]}}],"collection":[{"href":"https:\/\/visualreklama.pl\/index.php\/wp-json\/wp\/v2\/pages"}],"about":[{"href":"https:\/\/visualreklama.pl\/index.php\/wp-json\/wp\/v2\/types\/page"}],"author":[{"embeddable":true,"href":"https:\/\/visualreklama.pl\/index.php\/wp-json\/wp\/v2\/users\/1"}],"replies":[{"embeddable":true,"href":"https:\/\/visualreklama.pl\/index.php\/wp-json\/wp\/v2\/comments?post=443"}],"version-history":[{"count":18,"href":"https:\/\/visualreklama.pl\/index.php\/wp-json\/wp\/v2\/pages\/443\/revisions"}],"predecessor-version":[{"id":2551,"href":"https:\/\/visualreklama.pl\/index.php\/wp-json\/wp\/v2\/pages\/443\/revisions\/2551"}],"up":[{"embeddable":true,"href":"https:\/\/visualreklama.pl\/index.php\/wp-json\/wp\/v2\/pages\/390"}],"wp:attachment":[{"href":"https:\/\/visualreklama.pl\/index.php\/wp-json\/wp\/v2\/media?parent=443"}],"curies":[{"name":"wp","href":"https:\/\/api.w.org\/{rel}","templated":true}]}}