{"id":445,"date":"2019-01-24T16:35:16","date_gmt":"2019-01-24T15:35:16","guid":{"rendered":"http:\/\/visualreklama.pl\/?page_id=445"},"modified":"2019-06-24T16:34:34","modified_gmt":"2019-06-24T14:34:34","slug":"kasetony-swietlne","status":"publish","type":"page","link":"https:\/\/visualreklama.pl\/index.php\/reklama-zewnetrzna\/kasetony-swietlne\/","title":{"rendered":"Kasetony \u015bwietlne"},"content":{"rendered":"\t\t<div data-elementor-type=\"wp-post\" data-elementor-id=\"445\" class=\"elementor elementor-445\" data-elementor-post-type=\"page\">\n\t\t\t\t\t\t<section class=\"elementor-section elementor-top-section elementor-element elementor-element-71614188 elementor-section-full_width elementor-hidden-desktop elementor-hidden-tablet elementor-section-height-default elementor-section-height-default\" data-id=\"71614188\" data-element_type=\"section\" data-e-type=\"section\" data-settings=\"{&quot;background_background&quot;:&quot;classic&quot;}\">\n\t\t\t\t\t\t<div class=\"elementor-container elementor-column-gap-no\">\n\t\t\t\t\t<div class=\"elementor-column elementor-col-100 elementor-top-column elementor-element elementor-element-1aa98839\" data-id=\"1aa98839\" data-element_type=\"column\" data-e-type=\"column\">\n\t\t\t<div class=\"elementor-widget-wrap elementor-element-populated\">\n\t\t\t\t\t\t<div class=\"elementor-element elementor-element-5027a3b7 elementor-widget elementor-widget-image\" data-id=\"5027a3b7\" data-element_type=\"widget\" data-e-type=\"widget\" data-widget_type=\"image.default\">\n\t\t\t\t<div class=\"elementor-widget-container\">\n\t\t\t\t\t\t\t\t\t\t\t\t\t\t\t<img fetchpriority=\"high\" decoding=\"async\" width=\"768\" height=\"512\" src=\"https:\/\/visualreklama.pl\/wp-content\/uploads\/2019\/06\/zdjecie-kasetony-768x512.jpg\" class=\"attachment-medium_large size-medium_large wp-image-1715\" alt=\"\" srcset=\"https:\/\/visualreklama.pl\/wp-content\/uploads\/2019\/06\/zdjecie-kasetony-768x512.jpg 768w, https:\/\/visualreklama.pl\/wp-content\/uploads\/2019\/06\/zdjecie-kasetony-300x200.jpg 300w, https:\/\/visualreklama.pl\/wp-content\/uploads\/2019\/06\/zdjecie-kasetony-1024x682.jpg 1024w, https:\/\/visualreklama.pl\/wp-content\/uploads\/2019\/06\/zdjecie-kasetony-e1561194388667.jpg 1500w\" sizes=\"(max-width: 768px) 100vw, 768px\" \/>\t\t\t\t\t\t\t\t\t\t\t\t\t\t\t<\/div>\n\t\t\t\t<\/div>\n\t\t\t\t<div class=\"elementor-element elementor-element-79efdaa7 section-about-services elementor-widget elementor-widget-text-editor\" data-id=\"79efdaa7\" data-element_type=\"widget\" data-e-type=\"widget\" data-widget_type=\"text-editor.default\">\n\t\t\t\t<div class=\"elementor-widget-container\">\n\t\t\t\t\t\t\t\t\t<p>Kasetony \u015bwietlne z grafik\u0105 w pe\u0142nym kolorze, dwustronne lub jednostronne. Rodzaj i forma kasetonu uzale\u017cniona jest od indywidualnych wymaga\u0144 klienta ale te\u017c niejednokrotnie od uwarunkowa\u0144 architektonicznych b\u0105d\u017a mo\u017cliwo\u015bci monta\u017cowych. Mog\u0105 by\u0107 wykonane z dibondu, blachy z licem winylowym (elastycznym) z licem z plexi i przybra\u0107 r\u00f3\u017cne formy geometryczne, takie jak: prostok\u0105ty, kwadraty, ko\u0142a, elipsy itp. Jest to atrakcyjna forma reklamy ze wzgl\u0119du na du\u017c\u0105 powierzchni\u0119, kt\u00f3ra pod\u015bwietlona przykuwa uwag\u0119 szczeg\u00f3lnie po zmierzchu i wieczorem.<\/p>\t\t\t\t\t\t\t\t<\/div>\n\t\t\t\t<\/div>\n\t\t\t\t<div class=\"elementor-element elementor-element-13647379 elementor-nav-menu__align-center elementor-nav-menu__text-align-center elementor-nav-menu--dropdown-mobile elementor-widget elementor-widget-nav-menu\" data-id=\"13647379\" data-element_type=\"widget\" data-e-type=\"widget\" data-settings=\"{&quot;layout&quot;:&quot;vertical&quot;,&quot;submenu_icon&quot;:{&quot;value&quot;:&quot;&lt;i class=\\&quot;fa fa-caret-down\\&quot; aria-hidden=\\&quot;true\\&quot;&gt;&lt;\\\/i&gt;&quot;,&quot;library&quot;:&quot;fa-solid&quot;}}\" data-widget_type=\"nav-menu.default\">\n\t\t\t\t<div class=\"elementor-widget-container\">\n\t\t\t\t\t\t\t\t<nav aria-label=\"Menu\" class=\"elementor-nav-menu--main elementor-nav-menu__container elementor-nav-menu--layout-vertical e--pointer-background e--animation-none\">\n\t\t\t\t<ul id=\"menu-1-13647379\" class=\"elementor-nav-menu sm-vertical\"><li class=\"menu-item menu-item-type-post_type menu-item-object-page menu-item-703\"><a href=\"https:\/\/visualreklama.pl\/index.php\/reklama-zewnetrzna\/\" class=\"elementor-item\">Reklama zewn\u0119trzna<\/a><\/li>\n<li class=\"menu-item menu-item-type-post_type menu-item-object-page menu-item-704\"><a href=\"https:\/\/visualreklama.pl\/index.php\/reklama-zewnetrzna\/reklama-na-pojazdach\/\" class=\"elementor-item\">Reklama na pojazdach<\/a><\/li>\n<li class=\"menu-item menu-item-type-post_type menu-item-object-page menu-item-705\"><a href=\"https:\/\/visualreklama.pl\/index.php\/reklama-zewnetrzna\/szyldy-reklamowe-i-witryny-sklepowe\/\" class=\"elementor-item\">Szyldy reklamowe, witryny<\/a><\/li>\n<li class=\"menu-item menu-item-type-post_type menu-item-object-page menu-item-706\"><a href=\"https:\/\/visualreklama.pl\/index.php\/reklama-zewnetrzna\/wszelkiego-rodzaju-tablice-wolnostojace\/\" class=\"elementor-item\">Tablice wolnostoj\u0105ce<\/a><\/li>\n<li class=\"menu-item menu-item-type-post_type menu-item-object-page menu-item-707\"><a href=\"https:\/\/visualreklama.pl\/index.php\/reklama-zewnetrzna\/banery-reklamowe-siatki-mesh\/\" class=\"elementor-item\">Banery reklamowe, siatki mesh<\/a><\/li>\n<li class=\"menu-item menu-item-type-post_type menu-item-object-page menu-item-708\"><a href=\"https:\/\/visualreklama.pl\/index.php\/reklama-zewnetrzna\/billboardy\/\" class=\"elementor-item\">Billboardy<\/a><\/li>\n<li class=\"menu-item menu-item-type-post_type menu-item-object-page menu-item-709\"><a href=\"https:\/\/visualreklama.pl\/index.php\/reklama-zewnetrzna\/litery-przestrzenne\/\" class=\"elementor-item\">Litery przestrzenne 3D<\/a><\/li>\n<li class=\"menu-item menu-item-type-post_type menu-item-object-page menu-item-710\"><a href=\"https:\/\/visualreklama.pl\/index.php\/reklama-zewnetrzna\/litery-przestrzenne-3d-podswietlane\/\" class=\"elementor-item\">Litery przestrzenne 3D pod\u015bwietlane<\/a><\/li>\n<li class=\"menu-item menu-item-type-post_type menu-item-object-page menu-item-711\"><a href=\"https:\/\/visualreklama.pl\/index.php\/reklama-zewnetrzna\/kasetony-swietlne\/\" class=\"elementor-item\">Kasetony \u015bwietlne<\/a><\/li>\n<li class=\"menu-item menu-item-type-post_type menu-item-object-page menu-item-712\"><a href=\"https:\/\/visualreklama.pl\/index.php\/reklama-zewnetrzna\/pylony\/\" class=\"elementor-item\">Pylony<\/a><\/li>\n<li class=\"menu-item menu-item-type-post_type menu-item-object-page menu-item-713\"><a href=\"https:\/\/visualreklama.pl\/index.php\/reklama-zewnetrzna\/flagi\/\" class=\"elementor-item\">Flagi<\/a><\/li>\n<\/ul>\t\t\t<\/nav>\n\t\t\t\t\t\t<nav class=\"elementor-nav-menu--dropdown elementor-nav-menu__container\" aria-hidden=\"true\">\n\t\t\t\t<ul id=\"menu-2-13647379\" class=\"elementor-nav-menu sm-vertical\"><li class=\"menu-item menu-item-type-post_type menu-item-object-page menu-item-703\"><a href=\"https:\/\/visualreklama.pl\/index.php\/reklama-zewnetrzna\/\" class=\"elementor-item\" tabindex=\"-1\">Reklama zewn\u0119trzna<\/a><\/li>\n<li class=\"menu-item menu-item-type-post_type menu-item-object-page menu-item-704\"><a href=\"https:\/\/visualreklama.pl\/index.php\/reklama-zewnetrzna\/reklama-na-pojazdach\/\" class=\"elementor-item\" tabindex=\"-1\">Reklama na pojazdach<\/a><\/li>\n<li class=\"menu-item menu-item-type-post_type menu-item-object-page menu-item-705\"><a href=\"https:\/\/visualreklama.pl\/index.php\/reklama-zewnetrzna\/szyldy-reklamowe-i-witryny-sklepowe\/\" class=\"elementor-item\" tabindex=\"-1\">Szyldy reklamowe, witryny<\/a><\/li>\n<li class=\"menu-item menu-item-type-post_type menu-item-object-page menu-item-706\"><a href=\"https:\/\/visualreklama.pl\/index.php\/reklama-zewnetrzna\/wszelkiego-rodzaju-tablice-wolnostojace\/\" class=\"elementor-item\" tabindex=\"-1\">Tablice wolnostoj\u0105ce<\/a><\/li>\n<li class=\"menu-item menu-item-type-post_type menu-item-object-page menu-item-707\"><a href=\"https:\/\/visualreklama.pl\/index.php\/reklama-zewnetrzna\/banery-reklamowe-siatki-mesh\/\" class=\"elementor-item\" tabindex=\"-1\">Banery reklamowe, siatki mesh<\/a><\/li>\n<li class=\"menu-item menu-item-type-post_type menu-item-object-page menu-item-708\"><a href=\"https:\/\/visualreklama.pl\/index.php\/reklama-zewnetrzna\/billboardy\/\" class=\"elementor-item\" tabindex=\"-1\">Billboardy<\/a><\/li>\n<li class=\"menu-item menu-item-type-post_type menu-item-object-page menu-item-709\"><a href=\"https:\/\/visualreklama.pl\/index.php\/reklama-zewnetrzna\/litery-przestrzenne\/\" class=\"elementor-item\" tabindex=\"-1\">Litery przestrzenne 3D<\/a><\/li>\n<li class=\"menu-item menu-item-type-post_type menu-item-object-page menu-item-710\"><a href=\"https:\/\/visualreklama.pl\/index.php\/reklama-zewnetrzna\/litery-przestrzenne-3d-podswietlane\/\" class=\"elementor-item\" tabindex=\"-1\">Litery przestrzenne 3D pod\u015bwietlane<\/a><\/li>\n<li class=\"menu-item menu-item-type-post_type menu-item-object-page menu-item-711\"><a href=\"https:\/\/visualreklama.pl\/index.php\/reklama-zewnetrzna\/kasetony-swietlne\/\" class=\"elementor-item\" tabindex=\"-1\">Kasetony \u015bwietlne<\/a><\/li>\n<li class=\"menu-item menu-item-type-post_type menu-item-object-page menu-item-712\"><a href=\"https:\/\/visualreklama.pl\/index.php\/reklama-zewnetrzna\/pylony\/\" class=\"elementor-item\" tabindex=\"-1\">Pylony<\/a><\/li>\n<li class=\"menu-item menu-item-type-post_type menu-item-object-page menu-item-713\"><a href=\"https:\/\/visualreklama.pl\/index.php\/reklama-zewnetrzna\/flagi\/\" class=\"elementor-item\" tabindex=\"-1\">Flagi<\/a><\/li>\n<\/ul>\t\t\t<\/nav>\n\t\t\t\t\t\t<\/div>\n\t\t\t\t<\/div>\n\t\t\t\t\t<\/div>\n\t\t<\/div>\n\t\t\t\t\t<\/div>\n\t\t<\/section>\n\t\t\t\t<div class=\"elementor-section elementor-top-section elementor-element elementor-element-17072d40 elementor-section-height-full elementor-section-items-stretch elementor-section-full_width elementor-hidden-phone elementor-section-height-default\" data-id=\"17072d40\" data-element_type=\"section\" data-e-type=\"section\">\n\t\t\t\t\t\t\t<div class=\"elementor-background-overlay\"><\/div>\n\t\t\t\t\t\t\t<div class=\"elementor-container elementor-column-gap-default\">\n\t\t\t\t\t<div class=\"elementor-column elementor-col-50 elementor-top-column elementor-element elementor-element-52f1b19e\" data-id=\"52f1b19e\" data-element_type=\"column\" data-e-type=\"column\" data-settings=\"{&quot;background_background&quot;:&quot;classic&quot;}\">\n\t\t\t<div class=\"elementor-widget-wrap elementor-element-populated\">\n\t\t\t\t\t\t<div class=\"elementor-element elementor-element-3cce78bb elementor-nav-menu__align-start section-menu elementor-nav-menu__text-align-center elementor-nav-menu--dropdown-tablet elementor-nav-menu--toggle elementor-nav-menu--burger elementor-widget elementor-widget-nav-menu\" data-id=\"3cce78bb\" data-element_type=\"widget\" data-e-type=\"widget\" data-settings=\"{&quot;layout&quot;:&quot;vertical&quot;,&quot;submenu_icon&quot;:{&quot;value&quot;:&quot;&lt;i class=\\&quot;fa fa-caret-down\\&quot; aria-hidden=\\&quot;true\\&quot;&gt;&lt;\\\/i&gt;&quot;,&quot;library&quot;:&quot;fa-solid&quot;},&quot;toggle&quot;:&quot;burger&quot;}\" data-widget_type=\"nav-menu.default\">\n\t\t\t\t<div class=\"elementor-widget-container\">\n\t\t\t\t\t\t\t\t<nav aria-label=\"Menu\" class=\"elementor-nav-menu--main elementor-nav-menu__container elementor-nav-menu--layout-vertical e--pointer-background e--animation-none\">\n\t\t\t\t<ul id=\"menu-1-3cce78bb\" class=\"elementor-nav-menu sm-vertical\"><li class=\"menu-item menu-item-type-post_type menu-item-object-page menu-item-703\"><a href=\"https:\/\/visualreklama.pl\/index.php\/reklama-zewnetrzna\/\" class=\"elementor-item\">Reklama zewn\u0119trzna<\/a><\/li>\n<li class=\"menu-item menu-item-type-post_type menu-item-object-page menu-item-704\"><a href=\"https:\/\/visualreklama.pl\/index.php\/reklama-zewnetrzna\/reklama-na-pojazdach\/\" class=\"elementor-item\">Reklama na pojazdach<\/a><\/li>\n<li class=\"menu-item menu-item-type-post_type menu-item-object-page menu-item-705\"><a href=\"https:\/\/visualreklama.pl\/index.php\/reklama-zewnetrzna\/szyldy-reklamowe-i-witryny-sklepowe\/\" class=\"elementor-item\">Szyldy reklamowe, witryny<\/a><\/li>\n<li class=\"menu-item menu-item-type-post_type menu-item-object-page menu-item-706\"><a href=\"https:\/\/visualreklama.pl\/index.php\/reklama-zewnetrzna\/wszelkiego-rodzaju-tablice-wolnostojace\/\" class=\"elementor-item\">Tablice wolnostoj\u0105ce<\/a><\/li>\n<li class=\"menu-item menu-item-type-post_type menu-item-object-page menu-item-707\"><a href=\"https:\/\/visualreklama.pl\/index.php\/reklama-zewnetrzna\/banery-reklamowe-siatki-mesh\/\" class=\"elementor-item\">Banery reklamowe, siatki mesh<\/a><\/li>\n<li class=\"menu-item menu-item-type-post_type menu-item-object-page menu-item-708\"><a href=\"https:\/\/visualreklama.pl\/index.php\/reklama-zewnetrzna\/billboardy\/\" class=\"elementor-item\">Billboardy<\/a><\/li>\n<li class=\"menu-item menu-item-type-post_type menu-item-object-page menu-item-709\"><a href=\"https:\/\/visualreklama.pl\/index.php\/reklama-zewnetrzna\/litery-przestrzenne\/\" class=\"elementor-item\">Litery przestrzenne 3D<\/a><\/li>\n<li class=\"menu-item menu-item-type-post_type menu-item-object-page menu-item-710\"><a href=\"https:\/\/visualreklama.pl\/index.php\/reklama-zewnetrzna\/litery-przestrzenne-3d-podswietlane\/\" class=\"elementor-item\">Litery przestrzenne 3D pod\u015bwietlane<\/a><\/li>\n<li class=\"menu-item menu-item-type-post_type menu-item-object-page menu-item-711\"><a href=\"https:\/\/visualreklama.pl\/index.php\/reklama-zewnetrzna\/kasetony-swietlne\/\" class=\"elementor-item\">Kasetony \u015bwietlne<\/a><\/li>\n<li class=\"menu-item menu-item-type-post_type menu-item-object-page menu-item-712\"><a href=\"https:\/\/visualreklama.pl\/index.php\/reklama-zewnetrzna\/pylony\/\" class=\"elementor-item\">Pylony<\/a><\/li>\n<li class=\"menu-item menu-item-type-post_type menu-item-object-page menu-item-713\"><a href=\"https:\/\/visualreklama.pl\/index.php\/reklama-zewnetrzna\/flagi\/\" class=\"elementor-item\">Flagi<\/a><\/li>\n<\/ul>\t\t\t<\/nav>\n\t\t\t\t\t<div class=\"elementor-menu-toggle\" role=\"button\" tabindex=\"0\" aria-label=\"Menu Toggle\" aria-expanded=\"false\">\n\t\t\t<i aria-hidden=\"true\" role=\"presentation\" class=\"elementor-menu-toggle__icon--open eicon-menu-bar\"><\/i><i aria-hidden=\"true\" role=\"presentation\" class=\"elementor-menu-toggle__icon--close eicon-close\"><\/i>\t\t<\/div>\n\t\t\t\t\t<nav class=\"elementor-nav-menu--dropdown elementor-nav-menu__container\" aria-hidden=\"true\">\n\t\t\t\t<ul id=\"menu-2-3cce78bb\" class=\"elementor-nav-menu sm-vertical\"><li class=\"menu-item menu-item-type-post_type menu-item-object-page menu-item-703\"><a href=\"https:\/\/visualreklama.pl\/index.php\/reklama-zewnetrzna\/\" class=\"elementor-item\" tabindex=\"-1\">Reklama zewn\u0119trzna<\/a><\/li>\n<li class=\"menu-item menu-item-type-post_type menu-item-object-page menu-item-704\"><a href=\"https:\/\/visualreklama.pl\/index.php\/reklama-zewnetrzna\/reklama-na-pojazdach\/\" class=\"elementor-item\" tabindex=\"-1\">Reklama na pojazdach<\/a><\/li>\n<li class=\"menu-item menu-item-type-post_type menu-item-object-page menu-item-705\"><a href=\"https:\/\/visualreklama.pl\/index.php\/reklama-zewnetrzna\/szyldy-reklamowe-i-witryny-sklepowe\/\" class=\"elementor-item\" tabindex=\"-1\">Szyldy reklamowe, witryny<\/a><\/li>\n<li class=\"menu-item menu-item-type-post_type menu-item-object-page menu-item-706\"><a href=\"https:\/\/visualreklama.pl\/index.php\/reklama-zewnetrzna\/wszelkiego-rodzaju-tablice-wolnostojace\/\" class=\"elementor-item\" tabindex=\"-1\">Tablice wolnostoj\u0105ce<\/a><\/li>\n<li class=\"menu-item menu-item-type-post_type menu-item-object-page menu-item-707\"><a href=\"https:\/\/visualreklama.pl\/index.php\/reklama-zewnetrzna\/banery-reklamowe-siatki-mesh\/\" class=\"elementor-item\" tabindex=\"-1\">Banery reklamowe, siatki mesh<\/a><\/li>\n<li class=\"menu-item menu-item-type-post_type menu-item-object-page menu-item-708\"><a href=\"https:\/\/visualreklama.pl\/index.php\/reklama-zewnetrzna\/billboardy\/\" class=\"elementor-item\" tabindex=\"-1\">Billboardy<\/a><\/li>\n<li class=\"menu-item menu-item-type-post_type menu-item-object-page menu-item-709\"><a href=\"https:\/\/visualreklama.pl\/index.php\/reklama-zewnetrzna\/litery-przestrzenne\/\" class=\"elementor-item\" tabindex=\"-1\">Litery przestrzenne 3D<\/a><\/li>\n<li class=\"menu-item menu-item-type-post_type menu-item-object-page menu-item-710\"><a href=\"https:\/\/visualreklama.pl\/index.php\/reklama-zewnetrzna\/litery-przestrzenne-3d-podswietlane\/\" class=\"elementor-item\" tabindex=\"-1\">Litery przestrzenne 3D pod\u015bwietlane<\/a><\/li>\n<li class=\"menu-item menu-item-type-post_type menu-item-object-page menu-item-711\"><a href=\"https:\/\/visualreklama.pl\/index.php\/reklama-zewnetrzna\/kasetony-swietlne\/\" class=\"elementor-item\" tabindex=\"-1\">Kasetony \u015bwietlne<\/a><\/li>\n<li class=\"menu-item menu-item-type-post_type menu-item-object-page menu-item-712\"><a href=\"https:\/\/visualreklama.pl\/index.php\/reklama-zewnetrzna\/pylony\/\" class=\"elementor-item\" tabindex=\"-1\">Pylony<\/a><\/li>\n<li class=\"menu-item menu-item-type-post_type menu-item-object-page menu-item-713\"><a href=\"https:\/\/visualreklama.pl\/index.php\/reklama-zewnetrzna\/flagi\/\" class=\"elementor-item\" tabindex=\"-1\">Flagi<\/a><\/li>\n<\/ul>\t\t\t<\/nav>\n\t\t\t\t\t\t<\/div>\n\t\t\t\t<\/div>\n\t\t\t\t\t<\/div>\n\t\t<\/div>\n\t\t\t\t<div class=\"elementor-column elementor-col-50 elementor-top-column elementor-element elementor-element-533ce816\" data-id=\"533ce816\" data-element_type=\"column\" data-e-type=\"column\" data-settings=\"{&quot;background_background&quot;:&quot;classic&quot;}\">\n\t\t\t<div class=\"elementor-widget-wrap elementor-element-populated\">\n\t\t\t\t\t<div class=\"elementor-background-overlay\"><\/div>\n\t\t\t\t\t\t<section class=\"elementor-section elementor-inner-section elementor-element elementor-element-145b480e elementor-section-boxed elementor-section-height-default elementor-section-height-default\" data-id=\"145b480e\" data-element_type=\"section\" data-e-type=\"section\">\n\t\t\t\t\t\t<div class=\"elementor-container elementor-column-gap-no\">\n\t\t\t\t\t<div class=\"elementor-column elementor-col-100 elementor-inner-column elementor-element elementor-element-9702211\" data-id=\"9702211\" data-element_type=\"column\" data-e-type=\"column\">\n\t\t\t<div class=\"elementor-widget-wrap elementor-element-populated\">\n\t\t\t\t\t\t<div class=\"elementor-element elementor-element-63ec9514 elementor-widget-divider--view-line elementor-widget elementor-widget-divider\" data-id=\"63ec9514\" data-element_type=\"widget\" data-e-type=\"widget\" data-widget_type=\"divider.default\">\n\t\t\t\t<div class=\"elementor-widget-container\">\n\t\t\t\t\t\t\t<div class=\"elementor-divider\">\n\t\t\t<span class=\"elementor-divider-separator\">\n\t\t\t\t\t\t<\/span>\n\t\t<\/div>\n\t\t\t\t\t\t<\/div>\n\t\t\t\t<\/div>\n\t\t\t\t<div class=\"elementor-element elementor-element-6454c4b2 section-about-services elementor-widget elementor-widget-text-editor\" data-id=\"6454c4b2\" data-element_type=\"widget\" data-e-type=\"widget\" data-widget_type=\"text-editor.default\">\n\t\t\t\t<div class=\"elementor-widget-container\">\n\t\t\t\t\t\t\t\t\t<p>Kasetony \u015bwietlne z grafik\u0105 w pe\u0142nym kolorze, dwustronne lub jednostronne. Rodzaj i forma kasetonu uzale\u017cniona jest od indywidualnych wymaga\u0144 klienta ale te\u017c niejednokrotnie od uwarunkowa\u0144 architektonicznych b\u0105d\u017a mo\u017cliwo\u015bci monta\u017cowych. Mog\u0105 by\u0107 wykonane z dibondu, blachy z licem winylowym (elastycznym) z licem z plexi i przybra\u0107 r\u00f3\u017cne formy geometryczne, takie jak: prostok\u0105ty, kwadraty, ko\u0142a, elipsy itp. Jest to atrakcyjna forma reklamy ze wzgl\u0119du na du\u017c\u0105 powierzchni\u0119, kt\u00f3ra pod\u015bwietlona przykuwa uwag\u0119 szczeg\u00f3lnie po zmierzchu i wieczorem.<\/p>\t\t\t\t\t\t\t\t<\/div>\n\t\t\t\t<\/div>\n\t\t\t\t\t<\/div>\n\t\t<\/div>\n\t\t\t\t\t<\/div>\n\t\t<\/section>\n\t\t\t\t\t<\/div>\n\t\t<\/div>\n\t\t\t\t\t<\/div>\n\t\t<\/div>\n\t\t\t\t<\/div>\n\t\t","protected":false},"excerpt":{"rendered":"<p>Kasetony \u015bwietlne z grafik\u0105 w pe\u0142nym kolorze, dwustronne lub jednostronne. Rodzaj i forma kasetonu uzale\u017cniona jest od indywidualnych wymaga\u0144 klienta ale te\u017c niejednokrotnie od uwarunkowa\u0144 architektonicznych b\u0105d\u017a mo\u017cliwo\u015bci monta\u017cowych. Mog\u0105 by\u0107 wykonane z dibondu, blachy z licem winylowym (elastycznym) z licem z plexi i przybra\u0107 r\u00f3\u017cne formy geometryczne, takie jak: prostok\u0105ty, kwadraty, ko\u0142a, elipsy itp. [&hellip;]<\/p>\n","protected":false},"author":1,"featured_media":0,"parent":390,"menu_order":8,"comment_status":"closed","ping_status":"closed","template":"elementor_header_footer","meta":{"footnotes":""},"class_list":["post-445","page","type-page","status-publish","hentry"],"_links":{"self":[{"href":"https:\/\/visualreklama.pl\/index.php\/wp-json\/wp\/v2\/pages\/445","targetHints":{"allow":["GET"]}}],"collection":[{"href":"https:\/\/visualreklama.pl\/index.php\/wp-json\/wp\/v2\/pages"}],"about":[{"href":"https:\/\/visualreklama.pl\/index.php\/wp-json\/wp\/v2\/types\/page"}],"author":[{"embeddable":true,"href":"https:\/\/visualreklama.pl\/index.php\/wp-json\/wp\/v2\/users\/1"}],"replies":[{"embeddable":true,"href":"https:\/\/visualreklama.pl\/index.php\/wp-json\/wp\/v2\/comments?post=445"}],"version-history":[{"count":17,"href":"https:\/\/visualreklama.pl\/index.php\/wp-json\/wp\/v2\/pages\/445\/revisions"}],"predecessor-version":[{"id":2552,"href":"https:\/\/visualreklama.pl\/index.php\/wp-json\/wp\/v2\/pages\/445\/revisions\/2552"}],"up":[{"embeddable":true,"href":"https:\/\/visualreklama.pl\/index.php\/wp-json\/wp\/v2\/pages\/390"}],"wp:attachment":[{"href":"https:\/\/visualreklama.pl\/index.php\/wp-json\/wp\/v2\/media?parent=445"}],"curies":[{"name":"wp","href":"https:\/\/api.w.org\/{rel}","templated":true}]}}