{"id":447,"date":"2019-01-24T16:35:39","date_gmt":"2019-01-24T15:35:39","guid":{"rendered":"http:\/\/visualreklama.pl\/?page_id=447"},"modified":"2019-06-24T16:34:46","modified_gmt":"2019-06-24T14:34:46","slug":"pylony","status":"publish","type":"page","link":"https:\/\/visualreklama.pl\/index.php\/reklama-zewnetrzna\/pylony\/","title":{"rendered":"Pylony"},"content":{"rendered":"\t\t<div data-elementor-type=\"wp-post\" data-elementor-id=\"447\" class=\"elementor elementor-447\" data-elementor-post-type=\"page\">\n\t\t\t\t\t\t<section class=\"elementor-section elementor-top-section elementor-element elementor-element-296f06cf elementor-section-full_width elementor-hidden-desktop elementor-hidden-tablet elementor-section-height-default elementor-section-height-default\" data-id=\"296f06cf\" data-element_type=\"section\" data-e-type=\"section\" data-settings=\"{&quot;background_background&quot;:&quot;classic&quot;}\">\n\t\t\t\t\t\t<div class=\"elementor-container elementor-column-gap-no\">\n\t\t\t\t\t<div class=\"elementor-column elementor-col-100 elementor-top-column elementor-element elementor-element-24e7225d\" data-id=\"24e7225d\" data-element_type=\"column\" data-e-type=\"column\">\n\t\t\t<div class=\"elementor-widget-wrap elementor-element-populated\">\n\t\t\t\t\t\t<div class=\"elementor-element elementor-element-62de32d elementor-widget elementor-widget-image\" data-id=\"62de32d\" data-element_type=\"widget\" data-e-type=\"widget\" data-widget_type=\"image.default\">\n\t\t\t\t<div class=\"elementor-widget-container\">\n\t\t\t\t\t\t\t\t\t\t\t\t\t\t\t<img fetchpriority=\"high\" decoding=\"async\" width=\"768\" height=\"552\" src=\"https:\/\/visualreklama.pl\/wp-content\/uploads\/2019\/04\/8-zdj\u0119cie-odniesienie-REKLAMA-ZEWN\u0118TRZNA-768x552.jpg\" class=\"attachment-medium_large size-medium_large wp-image-1358\" alt=\"\" srcset=\"https:\/\/visualreklama.pl\/wp-content\/uploads\/2019\/04\/8-zdj\u0119cie-odniesienie-REKLAMA-ZEWN\u0118TRZNA-768x552.jpg 768w, https:\/\/visualreklama.pl\/wp-content\/uploads\/2019\/04\/8-zdj\u0119cie-odniesienie-REKLAMA-ZEWN\u0118TRZNA-300x216.jpg 300w, https:\/\/visualreklama.pl\/wp-content\/uploads\/2019\/04\/8-zdj\u0119cie-odniesienie-REKLAMA-ZEWN\u0118TRZNA-1024x737.jpg 1024w, https:\/\/visualreklama.pl\/wp-content\/uploads\/2019\/04\/8-zdj\u0119cie-odniesienie-REKLAMA-ZEWN\u0118TRZNA-e1560594198735.jpg 1000w\" sizes=\"(max-width: 768px) 100vw, 768px\" \/>\t\t\t\t\t\t\t\t\t\t\t\t\t\t\t<\/div>\n\t\t\t\t<\/div>\n\t\t\t\t<div class=\"elementor-element elementor-element-69eb45bb section-about-services elementor-widget elementor-widget-text-editor\" data-id=\"69eb45bb\" data-element_type=\"widget\" data-e-type=\"widget\" data-widget_type=\"text-editor.default\">\n\t\t\t\t<div class=\"elementor-widget-container\">\n\t\t\t\t\t\t\t\t\t<p>Pylon to du\u017ca forma bry\u0142owa doskonale widoczna z wi\u0119kszej odleg\u0142o\u015bci, cz\u0119sto pod\u015bwietlana, co zwi\u0119ksza jej prezentacj\u0119 (stacje benzynowe, witacze miast, du\u017cych firm). Najcz\u0119\u015bciej jest to konstrukcja stalowa ob\u0142o\u017cona polakierowan\u0105 proszkowo blach\u0105 aluminiow\u0105 oraz kolorow\u0105 pod\u015bwietlan\u0105 plexi. Powierzchnia mo\u017ce by\u0107 p\u0142aska, lub wypuk\u0142a. Pylony mog\u0105 by\u0107 jednostronne lub dwustronne.<\/p>\t\t\t\t\t\t\t\t<\/div>\n\t\t\t\t<\/div>\n\t\t\t\t<div class=\"elementor-element elementor-element-4f4cf6c5 elementor-nav-menu__align-center elementor-nav-menu__text-align-center elementor-nav-menu--dropdown-mobile elementor-widget elementor-widget-nav-menu\" data-id=\"4f4cf6c5\" data-element_type=\"widget\" data-e-type=\"widget\" data-settings=\"{&quot;layout&quot;:&quot;vertical&quot;,&quot;submenu_icon&quot;:{&quot;value&quot;:&quot;&lt;i class=\\&quot;fa fa-caret-down\\&quot; aria-hidden=\\&quot;true\\&quot;&gt;&lt;\\\/i&gt;&quot;,&quot;library&quot;:&quot;fa-solid&quot;}}\" data-widget_type=\"nav-menu.default\">\n\t\t\t\t<div class=\"elementor-widget-container\">\n\t\t\t\t\t\t\t\t<nav aria-label=\"Menu\" class=\"elementor-nav-menu--main elementor-nav-menu__container elementor-nav-menu--layout-vertical e--pointer-background e--animation-none\">\n\t\t\t\t<ul id=\"menu-1-4f4cf6c5\" class=\"elementor-nav-menu sm-vertical\"><li class=\"menu-item menu-item-type-post_type menu-item-object-page menu-item-703\"><a href=\"https:\/\/visualreklama.pl\/index.php\/reklama-zewnetrzna\/\" class=\"elementor-item\">Reklama zewn\u0119trzna<\/a><\/li>\n<li class=\"menu-item menu-item-type-post_type menu-item-object-page menu-item-704\"><a href=\"https:\/\/visualreklama.pl\/index.php\/reklama-zewnetrzna\/reklama-na-pojazdach\/\" class=\"elementor-item\">Reklama na pojazdach<\/a><\/li>\n<li class=\"menu-item menu-item-type-post_type menu-item-object-page menu-item-705\"><a href=\"https:\/\/visualreklama.pl\/index.php\/reklama-zewnetrzna\/szyldy-reklamowe-i-witryny-sklepowe\/\" class=\"elementor-item\">Szyldy reklamowe, witryny<\/a><\/li>\n<li class=\"menu-item menu-item-type-post_type menu-item-object-page menu-item-706\"><a href=\"https:\/\/visualreklama.pl\/index.php\/reklama-zewnetrzna\/wszelkiego-rodzaju-tablice-wolnostojace\/\" class=\"elementor-item\">Tablice wolnostoj\u0105ce<\/a><\/li>\n<li class=\"menu-item menu-item-type-post_type menu-item-object-page menu-item-707\"><a href=\"https:\/\/visualreklama.pl\/index.php\/reklama-zewnetrzna\/banery-reklamowe-siatki-mesh\/\" class=\"elementor-item\">Banery reklamowe, siatki mesh<\/a><\/li>\n<li class=\"menu-item menu-item-type-post_type menu-item-object-page menu-item-708\"><a href=\"https:\/\/visualreklama.pl\/index.php\/reklama-zewnetrzna\/billboardy\/\" class=\"elementor-item\">Billboardy<\/a><\/li>\n<li class=\"menu-item menu-item-type-post_type menu-item-object-page menu-item-709\"><a href=\"https:\/\/visualreklama.pl\/index.php\/reklama-zewnetrzna\/litery-przestrzenne\/\" class=\"elementor-item\">Litery przestrzenne 3D<\/a><\/li>\n<li class=\"menu-item menu-item-type-post_type menu-item-object-page menu-item-710\"><a href=\"https:\/\/visualreklama.pl\/index.php\/reklama-zewnetrzna\/litery-przestrzenne-3d-podswietlane\/\" class=\"elementor-item\">Litery przestrzenne 3D pod\u015bwietlane<\/a><\/li>\n<li class=\"menu-item menu-item-type-post_type menu-item-object-page menu-item-711\"><a href=\"https:\/\/visualreklama.pl\/index.php\/reklama-zewnetrzna\/kasetony-swietlne\/\" class=\"elementor-item\">Kasetony \u015bwietlne<\/a><\/li>\n<li class=\"menu-item menu-item-type-post_type menu-item-object-page menu-item-712\"><a href=\"https:\/\/visualreklama.pl\/index.php\/reklama-zewnetrzna\/pylony\/\" class=\"elementor-item\">Pylony<\/a><\/li>\n<li class=\"menu-item menu-item-type-post_type menu-item-object-page menu-item-713\"><a href=\"https:\/\/visualreklama.pl\/index.php\/reklama-zewnetrzna\/flagi\/\" class=\"elementor-item\">Flagi<\/a><\/li>\n<\/ul>\t\t\t<\/nav>\n\t\t\t\t\t\t<nav class=\"elementor-nav-menu--dropdown elementor-nav-menu__container\" aria-hidden=\"true\">\n\t\t\t\t<ul id=\"menu-2-4f4cf6c5\" class=\"elementor-nav-menu sm-vertical\"><li class=\"menu-item menu-item-type-post_type menu-item-object-page menu-item-703\"><a href=\"https:\/\/visualreklama.pl\/index.php\/reklama-zewnetrzna\/\" class=\"elementor-item\" tabindex=\"-1\">Reklama zewn\u0119trzna<\/a><\/li>\n<li class=\"menu-item menu-item-type-post_type menu-item-object-page menu-item-704\"><a href=\"https:\/\/visualreklama.pl\/index.php\/reklama-zewnetrzna\/reklama-na-pojazdach\/\" class=\"elementor-item\" tabindex=\"-1\">Reklama na pojazdach<\/a><\/li>\n<li class=\"menu-item menu-item-type-post_type menu-item-object-page menu-item-705\"><a href=\"https:\/\/visualreklama.pl\/index.php\/reklama-zewnetrzna\/szyldy-reklamowe-i-witryny-sklepowe\/\" class=\"elementor-item\" tabindex=\"-1\">Szyldy reklamowe, witryny<\/a><\/li>\n<li class=\"menu-item menu-item-type-post_type menu-item-object-page menu-item-706\"><a href=\"https:\/\/visualreklama.pl\/index.php\/reklama-zewnetrzna\/wszelkiego-rodzaju-tablice-wolnostojace\/\" class=\"elementor-item\" tabindex=\"-1\">Tablice wolnostoj\u0105ce<\/a><\/li>\n<li class=\"menu-item menu-item-type-post_type menu-item-object-page menu-item-707\"><a href=\"https:\/\/visualreklama.pl\/index.php\/reklama-zewnetrzna\/banery-reklamowe-siatki-mesh\/\" class=\"elementor-item\" tabindex=\"-1\">Banery reklamowe, siatki mesh<\/a><\/li>\n<li class=\"menu-item menu-item-type-post_type menu-item-object-page menu-item-708\"><a href=\"https:\/\/visualreklama.pl\/index.php\/reklama-zewnetrzna\/billboardy\/\" class=\"elementor-item\" tabindex=\"-1\">Billboardy<\/a><\/li>\n<li class=\"menu-item menu-item-type-post_type menu-item-object-page menu-item-709\"><a href=\"https:\/\/visualreklama.pl\/index.php\/reklama-zewnetrzna\/litery-przestrzenne\/\" class=\"elementor-item\" tabindex=\"-1\">Litery przestrzenne 3D<\/a><\/li>\n<li class=\"menu-item menu-item-type-post_type menu-item-object-page menu-item-710\"><a href=\"https:\/\/visualreklama.pl\/index.php\/reklama-zewnetrzna\/litery-przestrzenne-3d-podswietlane\/\" class=\"elementor-item\" tabindex=\"-1\">Litery przestrzenne 3D pod\u015bwietlane<\/a><\/li>\n<li class=\"menu-item menu-item-type-post_type menu-item-object-page menu-item-711\"><a href=\"https:\/\/visualreklama.pl\/index.php\/reklama-zewnetrzna\/kasetony-swietlne\/\" class=\"elementor-item\" tabindex=\"-1\">Kasetony \u015bwietlne<\/a><\/li>\n<li class=\"menu-item menu-item-type-post_type menu-item-object-page menu-item-712\"><a href=\"https:\/\/visualreklama.pl\/index.php\/reklama-zewnetrzna\/pylony\/\" class=\"elementor-item\" tabindex=\"-1\">Pylony<\/a><\/li>\n<li class=\"menu-item menu-item-type-post_type menu-item-object-page menu-item-713\"><a href=\"https:\/\/visualreklama.pl\/index.php\/reklama-zewnetrzna\/flagi\/\" class=\"elementor-item\" tabindex=\"-1\">Flagi<\/a><\/li>\n<\/ul>\t\t\t<\/nav>\n\t\t\t\t\t\t<\/div>\n\t\t\t\t<\/div>\n\t\t\t\t\t<\/div>\n\t\t<\/div>\n\t\t\t\t\t<\/div>\n\t\t<\/section>\n\t\t\t\t<div class=\"elementor-section elementor-top-section elementor-element elementor-element-5932bbd8 elementor-section-height-full elementor-section-items-stretch elementor-section-full_width elementor-hidden-phone elementor-section-height-default\" data-id=\"5932bbd8\" data-element_type=\"section\" data-e-type=\"section\">\n\t\t\t\t\t\t\t<div class=\"elementor-background-overlay\"><\/div>\n\t\t\t\t\t\t\t<div class=\"elementor-container elementor-column-gap-default\">\n\t\t\t\t\t<div class=\"elementor-column elementor-col-50 elementor-top-column elementor-element elementor-element-77cfdf79\" data-id=\"77cfdf79\" data-element_type=\"column\" data-e-type=\"column\" data-settings=\"{&quot;background_background&quot;:&quot;classic&quot;}\">\n\t\t\t<div class=\"elementor-widget-wrap elementor-element-populated\">\n\t\t\t\t\t\t<div class=\"elementor-element elementor-element-6960d254 elementor-nav-menu__align-start section-menu elementor-nav-menu__text-align-center elementor-nav-menu--dropdown-tablet elementor-nav-menu--toggle elementor-nav-menu--burger elementor-widget elementor-widget-nav-menu\" data-id=\"6960d254\" data-element_type=\"widget\" data-e-type=\"widget\" data-settings=\"{&quot;layout&quot;:&quot;vertical&quot;,&quot;submenu_icon&quot;:{&quot;value&quot;:&quot;&lt;i class=\\&quot;fa fa-caret-down\\&quot; aria-hidden=\\&quot;true\\&quot;&gt;&lt;\\\/i&gt;&quot;,&quot;library&quot;:&quot;fa-solid&quot;},&quot;toggle&quot;:&quot;burger&quot;}\" data-widget_type=\"nav-menu.default\">\n\t\t\t\t<div class=\"elementor-widget-container\">\n\t\t\t\t\t\t\t\t<nav aria-label=\"Menu\" class=\"elementor-nav-menu--main elementor-nav-menu__container elementor-nav-menu--layout-vertical e--pointer-background e--animation-none\">\n\t\t\t\t<ul id=\"menu-1-6960d254\" class=\"elementor-nav-menu sm-vertical\"><li class=\"menu-item menu-item-type-post_type menu-item-object-page menu-item-703\"><a href=\"https:\/\/visualreklama.pl\/index.php\/reklama-zewnetrzna\/\" class=\"elementor-item\">Reklama zewn\u0119trzna<\/a><\/li>\n<li class=\"menu-item menu-item-type-post_type menu-item-object-page menu-item-704\"><a href=\"https:\/\/visualreklama.pl\/index.php\/reklama-zewnetrzna\/reklama-na-pojazdach\/\" class=\"elementor-item\">Reklama na pojazdach<\/a><\/li>\n<li class=\"menu-item menu-item-type-post_type menu-item-object-page menu-item-705\"><a href=\"https:\/\/visualreklama.pl\/index.php\/reklama-zewnetrzna\/szyldy-reklamowe-i-witryny-sklepowe\/\" class=\"elementor-item\">Szyldy reklamowe, witryny<\/a><\/li>\n<li class=\"menu-item menu-item-type-post_type menu-item-object-page menu-item-706\"><a href=\"https:\/\/visualreklama.pl\/index.php\/reklama-zewnetrzna\/wszelkiego-rodzaju-tablice-wolnostojace\/\" class=\"elementor-item\">Tablice wolnostoj\u0105ce<\/a><\/li>\n<li class=\"menu-item menu-item-type-post_type menu-item-object-page menu-item-707\"><a href=\"https:\/\/visualreklama.pl\/index.php\/reklama-zewnetrzna\/banery-reklamowe-siatki-mesh\/\" class=\"elementor-item\">Banery reklamowe, siatki mesh<\/a><\/li>\n<li class=\"menu-item menu-item-type-post_type menu-item-object-page menu-item-708\"><a href=\"https:\/\/visualreklama.pl\/index.php\/reklama-zewnetrzna\/billboardy\/\" class=\"elementor-item\">Billboardy<\/a><\/li>\n<li class=\"menu-item menu-item-type-post_type menu-item-object-page menu-item-709\"><a href=\"https:\/\/visualreklama.pl\/index.php\/reklama-zewnetrzna\/litery-przestrzenne\/\" class=\"elementor-item\">Litery przestrzenne 3D<\/a><\/li>\n<li class=\"menu-item menu-item-type-post_type menu-item-object-page menu-item-710\"><a href=\"https:\/\/visualreklama.pl\/index.php\/reklama-zewnetrzna\/litery-przestrzenne-3d-podswietlane\/\" class=\"elementor-item\">Litery przestrzenne 3D pod\u015bwietlane<\/a><\/li>\n<li class=\"menu-item menu-item-type-post_type menu-item-object-page menu-item-711\"><a href=\"https:\/\/visualreklama.pl\/index.php\/reklama-zewnetrzna\/kasetony-swietlne\/\" class=\"elementor-item\">Kasetony \u015bwietlne<\/a><\/li>\n<li class=\"menu-item menu-item-type-post_type menu-item-object-page menu-item-712\"><a href=\"https:\/\/visualreklama.pl\/index.php\/reklama-zewnetrzna\/pylony\/\" class=\"elementor-item\">Pylony<\/a><\/li>\n<li class=\"menu-item menu-item-type-post_type menu-item-object-page menu-item-713\"><a href=\"https:\/\/visualreklama.pl\/index.php\/reklama-zewnetrzna\/flagi\/\" class=\"elementor-item\">Flagi<\/a><\/li>\n<\/ul>\t\t\t<\/nav>\n\t\t\t\t\t<div class=\"elementor-menu-toggle\" role=\"button\" tabindex=\"0\" aria-label=\"Menu Toggle\" aria-expanded=\"false\">\n\t\t\t<i aria-hidden=\"true\" role=\"presentation\" class=\"elementor-menu-toggle__icon--open eicon-menu-bar\"><\/i><i aria-hidden=\"true\" role=\"presentation\" class=\"elementor-menu-toggle__icon--close eicon-close\"><\/i>\t\t<\/div>\n\t\t\t\t\t<nav class=\"elementor-nav-menu--dropdown elementor-nav-menu__container\" aria-hidden=\"true\">\n\t\t\t\t<ul id=\"menu-2-6960d254\" class=\"elementor-nav-menu sm-vertical\"><li class=\"menu-item menu-item-type-post_type menu-item-object-page menu-item-703\"><a href=\"https:\/\/visualreklama.pl\/index.php\/reklama-zewnetrzna\/\" class=\"elementor-item\" tabindex=\"-1\">Reklama zewn\u0119trzna<\/a><\/li>\n<li class=\"menu-item menu-item-type-post_type menu-item-object-page menu-item-704\"><a href=\"https:\/\/visualreklama.pl\/index.php\/reklama-zewnetrzna\/reklama-na-pojazdach\/\" class=\"elementor-item\" tabindex=\"-1\">Reklama na pojazdach<\/a><\/li>\n<li class=\"menu-item menu-item-type-post_type menu-item-object-page menu-item-705\"><a href=\"https:\/\/visualreklama.pl\/index.php\/reklama-zewnetrzna\/szyldy-reklamowe-i-witryny-sklepowe\/\" class=\"elementor-item\" tabindex=\"-1\">Szyldy reklamowe, witryny<\/a><\/li>\n<li class=\"menu-item menu-item-type-post_type menu-item-object-page menu-item-706\"><a href=\"https:\/\/visualreklama.pl\/index.php\/reklama-zewnetrzna\/wszelkiego-rodzaju-tablice-wolnostojace\/\" class=\"elementor-item\" tabindex=\"-1\">Tablice wolnostoj\u0105ce<\/a><\/li>\n<li class=\"menu-item menu-item-type-post_type menu-item-object-page menu-item-707\"><a href=\"https:\/\/visualreklama.pl\/index.php\/reklama-zewnetrzna\/banery-reklamowe-siatki-mesh\/\" class=\"elementor-item\" tabindex=\"-1\">Banery reklamowe, siatki mesh<\/a><\/li>\n<li class=\"menu-item menu-item-type-post_type menu-item-object-page menu-item-708\"><a href=\"https:\/\/visualreklama.pl\/index.php\/reklama-zewnetrzna\/billboardy\/\" class=\"elementor-item\" tabindex=\"-1\">Billboardy<\/a><\/li>\n<li class=\"menu-item menu-item-type-post_type menu-item-object-page menu-item-709\"><a href=\"https:\/\/visualreklama.pl\/index.php\/reklama-zewnetrzna\/litery-przestrzenne\/\" class=\"elementor-item\" tabindex=\"-1\">Litery przestrzenne 3D<\/a><\/li>\n<li class=\"menu-item menu-item-type-post_type menu-item-object-page menu-item-710\"><a href=\"https:\/\/visualreklama.pl\/index.php\/reklama-zewnetrzna\/litery-przestrzenne-3d-podswietlane\/\" class=\"elementor-item\" tabindex=\"-1\">Litery przestrzenne 3D pod\u015bwietlane<\/a><\/li>\n<li class=\"menu-item menu-item-type-post_type menu-item-object-page menu-item-711\"><a href=\"https:\/\/visualreklama.pl\/index.php\/reklama-zewnetrzna\/kasetony-swietlne\/\" class=\"elementor-item\" tabindex=\"-1\">Kasetony \u015bwietlne<\/a><\/li>\n<li class=\"menu-item menu-item-type-post_type menu-item-object-page menu-item-712\"><a href=\"https:\/\/visualreklama.pl\/index.php\/reklama-zewnetrzna\/pylony\/\" class=\"elementor-item\" tabindex=\"-1\">Pylony<\/a><\/li>\n<li class=\"menu-item menu-item-type-post_type menu-item-object-page menu-item-713\"><a href=\"https:\/\/visualreklama.pl\/index.php\/reklama-zewnetrzna\/flagi\/\" class=\"elementor-item\" tabindex=\"-1\">Flagi<\/a><\/li>\n<\/ul>\t\t\t<\/nav>\n\t\t\t\t\t\t<\/div>\n\t\t\t\t<\/div>\n\t\t\t\t\t<\/div>\n\t\t<\/div>\n\t\t\t\t<div class=\"elementor-column elementor-col-50 elementor-top-column elementor-element elementor-element-1cf774c8\" data-id=\"1cf774c8\" data-element_type=\"column\" data-e-type=\"column\" data-settings=\"{&quot;background_background&quot;:&quot;classic&quot;}\">\n\t\t\t<div class=\"elementor-widget-wrap elementor-element-populated\">\n\t\t\t\t\t<div class=\"elementor-background-overlay\"><\/div>\n\t\t\t\t\t\t<section class=\"elementor-section elementor-inner-section elementor-element elementor-element-14f03cf8 elementor-section-boxed elementor-section-height-default elementor-section-height-default\" data-id=\"14f03cf8\" data-element_type=\"section\" data-e-type=\"section\">\n\t\t\t\t\t\t<div class=\"elementor-container elementor-column-gap-no\">\n\t\t\t\t\t<div class=\"elementor-column elementor-col-100 elementor-inner-column elementor-element elementor-element-14a0fbd\" data-id=\"14a0fbd\" data-element_type=\"column\" data-e-type=\"column\">\n\t\t\t<div class=\"elementor-widget-wrap elementor-element-populated\">\n\t\t\t\t\t\t<div class=\"elementor-element elementor-element-1b14d762 elementor-widget-divider--view-line elementor-widget elementor-widget-divider\" data-id=\"1b14d762\" data-element_type=\"widget\" data-e-type=\"widget\" data-widget_type=\"divider.default\">\n\t\t\t\t<div class=\"elementor-widget-container\">\n\t\t\t\t\t\t\t<div class=\"elementor-divider\">\n\t\t\t<span class=\"elementor-divider-separator\">\n\t\t\t\t\t\t<\/span>\n\t\t<\/div>\n\t\t\t\t\t\t<\/div>\n\t\t\t\t<\/div>\n\t\t\t\t<div class=\"elementor-element elementor-element-2410b055 section-about-services elementor-widget elementor-widget-text-editor\" data-id=\"2410b055\" data-element_type=\"widget\" data-e-type=\"widget\" data-widget_type=\"text-editor.default\">\n\t\t\t\t<div class=\"elementor-widget-container\">\n\t\t\t\t\t\t\t\t\t<p>Pylon to du\u017ca forma bry\u0142owa doskonale widoczna z wi\u0119kszej odleg\u0142o\u015bci, cz\u0119sto pod\u015bwietlana, co zwi\u0119ksza jej prezentacj\u0119 (stacje benzynowe, witacze miast, du\u017cych firm). Najcz\u0119\u015bciej jest to konstrukcja stalowa ob\u0142o\u017cona polakierowan\u0105 proszkowo blach\u0105 aluminiow\u0105 oraz kolorow\u0105 pod\u015bwietlan\u0105 plexi. Powierzchnia mo\u017ce by\u0107 p\u0142aska, lub wypuk\u0142a. Pylony mog\u0105 by\u0107 jednostronne lub dwustronne.<\/p>\t\t\t\t\t\t\t\t<\/div>\n\t\t\t\t<\/div>\n\t\t\t\t\t<\/div>\n\t\t<\/div>\n\t\t\t\t\t<\/div>\n\t\t<\/section>\n\t\t\t\t\t<\/div>\n\t\t<\/div>\n\t\t\t\t\t<\/div>\n\t\t<\/div>\n\t\t\t\t<\/div>\n\t\t","protected":false},"excerpt":{"rendered":"<p>Pylon to du\u017ca forma bry\u0142owa doskonale widoczna z wi\u0119kszej odleg\u0142o\u015bci, cz\u0119sto pod\u015bwietlana, co zwi\u0119ksza jej prezentacj\u0119 (stacje benzynowe, witacze miast, du\u017cych firm). Najcz\u0119\u015bciej jest to konstrukcja stalowa ob\u0142o\u017cona polakierowan\u0105 proszkowo blach\u0105 aluminiow\u0105 oraz kolorow\u0105 pod\u015bwietlan\u0105 plexi. Powierzchnia mo\u017ce by\u0107 p\u0142aska, lub wypuk\u0142a. Pylony mog\u0105 by\u0107 jednostronne lub dwustronne. Pylon to du\u017ca forma bry\u0142owa doskonale widoczna [&hellip;]<\/p>\n","protected":false},"author":1,"featured_media":0,"parent":390,"menu_order":9,"comment_status":"closed","ping_status":"closed","template":"elementor_header_footer","meta":{"footnotes":""},"class_list":["post-447","page","type-page","status-publish","hentry"],"_links":{"self":[{"href":"https:\/\/visualreklama.pl\/index.php\/wp-json\/wp\/v2\/pages\/447","targetHints":{"allow":["GET"]}}],"collection":[{"href":"https:\/\/visualreklama.pl\/index.php\/wp-json\/wp\/v2\/pages"}],"about":[{"href":"https:\/\/visualreklama.pl\/index.php\/wp-json\/wp\/v2\/types\/page"}],"author":[{"embeddable":true,"href":"https:\/\/visualreklama.pl\/index.php\/wp-json\/wp\/v2\/users\/1"}],"replies":[{"embeddable":true,"href":"https:\/\/visualreklama.pl\/index.php\/wp-json\/wp\/v2\/comments?post=447"}],"version-history":[{"count":14,"href":"https:\/\/visualreklama.pl\/index.php\/wp-json\/wp\/v2\/pages\/447\/revisions"}],"predecessor-version":[{"id":2553,"href":"https:\/\/visualreklama.pl\/index.php\/wp-json\/wp\/v2\/pages\/447\/revisions\/2553"}],"up":[{"embeddable":true,"href":"https:\/\/visualreklama.pl\/index.php\/wp-json\/wp\/v2\/pages\/390"}],"wp:attachment":[{"href":"https:\/\/visualreklama.pl\/index.php\/wp-json\/wp\/v2\/media?parent=447"}],"curies":[{"name":"wp","href":"https:\/\/api.w.org\/{rel}","templated":true}]}}