{"id":479,"date":"2019-02-05T16:31:03","date_gmt":"2019-02-05T15:31:03","guid":{"rendered":"http:\/\/visualreklama.pl\/?page_id=479"},"modified":"2019-06-24T16:31:52","modified_gmt":"2019-06-24T14:31:52","slug":"banery-reklamowe-siatki-mesh","status":"publish","type":"page","link":"https:\/\/visualreklama.pl\/index.php\/reklama-zewnetrzna\/banery-reklamowe-siatki-mesh\/","title":{"rendered":"Banery reklamowe, siatki mesh"},"content":{"rendered":"\t\t<div data-elementor-type=\"wp-post\" data-elementor-id=\"479\" class=\"elementor elementor-479\" data-elementor-post-type=\"page\">\n\t\t\t\t\t\t<section class=\"elementor-section elementor-top-section elementor-element elementor-element-71dd800c elementor-section-full_width elementor-hidden-desktop elementor-hidden-tablet elementor-section-height-default elementor-section-height-default\" data-id=\"71dd800c\" data-element_type=\"section\" data-e-type=\"section\" data-settings=\"{&quot;background_background&quot;:&quot;classic&quot;}\">\n\t\t\t\t\t\t<div class=\"elementor-container elementor-column-gap-no\">\n\t\t\t\t\t<div class=\"elementor-column elementor-col-100 elementor-top-column elementor-element elementor-element-549a0e0f\" data-id=\"549a0e0f\" data-element_type=\"column\" data-e-type=\"column\">\n\t\t\t<div class=\"elementor-widget-wrap elementor-element-populated\">\n\t\t\t\t\t\t<div class=\"elementor-element elementor-element-470dd845 elementor-widget elementor-widget-image\" data-id=\"470dd845\" data-element_type=\"widget\" data-e-type=\"widget\" data-widget_type=\"image.default\">\n\t\t\t\t<div class=\"elementor-widget-container\">\n\t\t\t\t\t\t\t\t\t\t\t\t\t\t\t<img fetchpriority=\"high\" decoding=\"async\" width=\"768\" height=\"512\" src=\"https:\/\/visualreklama.pl\/wp-content\/uploads\/2019\/06\/zdj\u0119cie-banery-768x512.jpg\" class=\"attachment-medium_large size-medium_large wp-image-1723\" alt=\"\" srcset=\"https:\/\/visualreklama.pl\/wp-content\/uploads\/2019\/06\/zdj\u0119cie-banery-768x512.jpg 768w, https:\/\/visualreklama.pl\/wp-content\/uploads\/2019\/06\/zdj\u0119cie-banery-300x200.jpg 300w, https:\/\/visualreklama.pl\/wp-content\/uploads\/2019\/06\/zdj\u0119cie-banery-1024x682.jpg 1024w, https:\/\/visualreklama.pl\/wp-content\/uploads\/2019\/06\/zdj\u0119cie-banery-e1561194372643.jpg 1500w\" sizes=\"(max-width: 768px) 100vw, 768px\" \/>\t\t\t\t\t\t\t\t\t\t\t\t\t\t\t<\/div>\n\t\t\t\t<\/div>\n\t\t\t\t<div class=\"elementor-element elementor-element-f75e930 section-about-services elementor-widget elementor-widget-text-editor\" data-id=\"f75e930\" data-element_type=\"widget\" data-e-type=\"widget\" data-widget_type=\"text-editor.default\">\n\t\t\t\t<div class=\"elementor-widget-container\">\n\t\t\t\t\t\t\t\t\t<p>Ze wzgl\u0119du na sw\u00f3j niski koszt, wysok\u0105 trwa\u0142o\u015b\u0107 oraz \u0142atwo\u015b\u0107 monta\u017cu s\u0105 bardzo atrakcyjn\u0105 i cz\u0119sto spotykan\u0105 form\u0105 reklamy. Banery mog\u0105 by\u0107 zawieszane na \u015bcianach, rusztowaniach, ogrodzeniach, oraz wszelkiego typu konstrukcjach.<\/p>\t\t\t\t\t\t\t\t<\/div>\n\t\t\t\t<\/div>\n\t\t\t\t<div class=\"elementor-element elementor-element-3f6a9a26 elementor-nav-menu__align-center elementor-nav-menu__text-align-center elementor-nav-menu--dropdown-mobile elementor-widget elementor-widget-nav-menu\" data-id=\"3f6a9a26\" data-element_type=\"widget\" data-e-type=\"widget\" data-settings=\"{&quot;layout&quot;:&quot;vertical&quot;,&quot;submenu_icon&quot;:{&quot;value&quot;:&quot;&lt;i class=\\&quot;fa fa-caret-down\\&quot; aria-hidden=\\&quot;true\\&quot;&gt;&lt;\\\/i&gt;&quot;,&quot;library&quot;:&quot;fa-solid&quot;}}\" data-widget_type=\"nav-menu.default\">\n\t\t\t\t<div class=\"elementor-widget-container\">\n\t\t\t\t\t\t\t\t<nav aria-label=\"Menu\" class=\"elementor-nav-menu--main elementor-nav-menu__container elementor-nav-menu--layout-vertical e--pointer-background e--animation-none\">\n\t\t\t\t<ul id=\"menu-1-3f6a9a26\" class=\"elementor-nav-menu sm-vertical\"><li class=\"menu-item menu-item-type-post_type menu-item-object-page menu-item-703\"><a href=\"https:\/\/visualreklama.pl\/index.php\/reklama-zewnetrzna\/\" class=\"elementor-item\">Reklama zewn\u0119trzna<\/a><\/li>\n<li class=\"menu-item menu-item-type-post_type menu-item-object-page menu-item-704\"><a href=\"https:\/\/visualreklama.pl\/index.php\/reklama-zewnetrzna\/reklama-na-pojazdach\/\" class=\"elementor-item\">Reklama na pojazdach<\/a><\/li>\n<li class=\"menu-item menu-item-type-post_type menu-item-object-page menu-item-705\"><a href=\"https:\/\/visualreklama.pl\/index.php\/reklama-zewnetrzna\/szyldy-reklamowe-i-witryny-sklepowe\/\" class=\"elementor-item\">Szyldy reklamowe, witryny<\/a><\/li>\n<li class=\"menu-item menu-item-type-post_type menu-item-object-page menu-item-706\"><a href=\"https:\/\/visualreklama.pl\/index.php\/reklama-zewnetrzna\/wszelkiego-rodzaju-tablice-wolnostojace\/\" class=\"elementor-item\">Tablice wolnostoj\u0105ce<\/a><\/li>\n<li class=\"menu-item menu-item-type-post_type menu-item-object-page menu-item-707\"><a href=\"https:\/\/visualreklama.pl\/index.php\/reklama-zewnetrzna\/banery-reklamowe-siatki-mesh\/\" class=\"elementor-item\">Banery reklamowe, siatki mesh<\/a><\/li>\n<li class=\"menu-item menu-item-type-post_type menu-item-object-page menu-item-708\"><a href=\"https:\/\/visualreklama.pl\/index.php\/reklama-zewnetrzna\/billboardy\/\" class=\"elementor-item\">Billboardy<\/a><\/li>\n<li class=\"menu-item menu-item-type-post_type menu-item-object-page menu-item-709\"><a href=\"https:\/\/visualreklama.pl\/index.php\/reklama-zewnetrzna\/litery-przestrzenne\/\" class=\"elementor-item\">Litery przestrzenne 3D<\/a><\/li>\n<li class=\"menu-item menu-item-type-post_type menu-item-object-page menu-item-710\"><a href=\"https:\/\/visualreklama.pl\/index.php\/reklama-zewnetrzna\/litery-przestrzenne-3d-podswietlane\/\" class=\"elementor-item\">Litery przestrzenne 3D pod\u015bwietlane<\/a><\/li>\n<li class=\"menu-item menu-item-type-post_type menu-item-object-page menu-item-711\"><a href=\"https:\/\/visualreklama.pl\/index.php\/reklama-zewnetrzna\/kasetony-swietlne\/\" class=\"elementor-item\">Kasetony \u015bwietlne<\/a><\/li>\n<li class=\"menu-item menu-item-type-post_type menu-item-object-page menu-item-712\"><a href=\"https:\/\/visualreklama.pl\/index.php\/reklama-zewnetrzna\/pylony\/\" class=\"elementor-item\">Pylony<\/a><\/li>\n<li class=\"menu-item menu-item-type-post_type menu-item-object-page menu-item-713\"><a href=\"https:\/\/visualreklama.pl\/index.php\/reklama-zewnetrzna\/flagi\/\" class=\"elementor-item\">Flagi<\/a><\/li>\n<\/ul>\t\t\t<\/nav>\n\t\t\t\t\t\t<nav class=\"elementor-nav-menu--dropdown elementor-nav-menu__container\" aria-hidden=\"true\">\n\t\t\t\t<ul id=\"menu-2-3f6a9a26\" class=\"elementor-nav-menu sm-vertical\"><li class=\"menu-item menu-item-type-post_type menu-item-object-page menu-item-703\"><a href=\"https:\/\/visualreklama.pl\/index.php\/reklama-zewnetrzna\/\" class=\"elementor-item\" tabindex=\"-1\">Reklama zewn\u0119trzna<\/a><\/li>\n<li class=\"menu-item menu-item-type-post_type menu-item-object-page menu-item-704\"><a href=\"https:\/\/visualreklama.pl\/index.php\/reklama-zewnetrzna\/reklama-na-pojazdach\/\" class=\"elementor-item\" tabindex=\"-1\">Reklama na pojazdach<\/a><\/li>\n<li class=\"menu-item menu-item-type-post_type menu-item-object-page menu-item-705\"><a href=\"https:\/\/visualreklama.pl\/index.php\/reklama-zewnetrzna\/szyldy-reklamowe-i-witryny-sklepowe\/\" class=\"elementor-item\" tabindex=\"-1\">Szyldy reklamowe, witryny<\/a><\/li>\n<li class=\"menu-item menu-item-type-post_type menu-item-object-page menu-item-706\"><a href=\"https:\/\/visualreklama.pl\/index.php\/reklama-zewnetrzna\/wszelkiego-rodzaju-tablice-wolnostojace\/\" class=\"elementor-item\" tabindex=\"-1\">Tablice wolnostoj\u0105ce<\/a><\/li>\n<li class=\"menu-item menu-item-type-post_type menu-item-object-page menu-item-707\"><a href=\"https:\/\/visualreklama.pl\/index.php\/reklama-zewnetrzna\/banery-reklamowe-siatki-mesh\/\" class=\"elementor-item\" tabindex=\"-1\">Banery reklamowe, siatki mesh<\/a><\/li>\n<li class=\"menu-item menu-item-type-post_type menu-item-object-page menu-item-708\"><a href=\"https:\/\/visualreklama.pl\/index.php\/reklama-zewnetrzna\/billboardy\/\" class=\"elementor-item\" tabindex=\"-1\">Billboardy<\/a><\/li>\n<li class=\"menu-item menu-item-type-post_type menu-item-object-page menu-item-709\"><a href=\"https:\/\/visualreklama.pl\/index.php\/reklama-zewnetrzna\/litery-przestrzenne\/\" class=\"elementor-item\" tabindex=\"-1\">Litery przestrzenne 3D<\/a><\/li>\n<li class=\"menu-item menu-item-type-post_type menu-item-object-page menu-item-710\"><a href=\"https:\/\/visualreklama.pl\/index.php\/reklama-zewnetrzna\/litery-przestrzenne-3d-podswietlane\/\" class=\"elementor-item\" tabindex=\"-1\">Litery przestrzenne 3D pod\u015bwietlane<\/a><\/li>\n<li class=\"menu-item menu-item-type-post_type menu-item-object-page menu-item-711\"><a href=\"https:\/\/visualreklama.pl\/index.php\/reklama-zewnetrzna\/kasetony-swietlne\/\" class=\"elementor-item\" tabindex=\"-1\">Kasetony \u015bwietlne<\/a><\/li>\n<li class=\"menu-item menu-item-type-post_type menu-item-object-page menu-item-712\"><a href=\"https:\/\/visualreklama.pl\/index.php\/reklama-zewnetrzna\/pylony\/\" class=\"elementor-item\" tabindex=\"-1\">Pylony<\/a><\/li>\n<li class=\"menu-item menu-item-type-post_type menu-item-object-page menu-item-713\"><a href=\"https:\/\/visualreklama.pl\/index.php\/reklama-zewnetrzna\/flagi\/\" class=\"elementor-item\" tabindex=\"-1\">Flagi<\/a><\/li>\n<\/ul>\t\t\t<\/nav>\n\t\t\t\t\t\t<\/div>\n\t\t\t\t<\/div>\n\t\t\t\t\t<\/div>\n\t\t<\/div>\n\t\t\t\t\t<\/div>\n\t\t<\/section>\n\t\t\t\t<div class=\"elementor-section elementor-top-section elementor-element elementor-element-2213de18 elementor-section-height-full elementor-section-items-stretch elementor-section-full_width elementor-hidden-phone elementor-section-height-default\" data-id=\"2213de18\" data-element_type=\"section\" data-e-type=\"section\">\n\t\t\t\t\t\t\t<div class=\"elementor-background-overlay\"><\/div>\n\t\t\t\t\t\t\t<div class=\"elementor-container elementor-column-gap-default\">\n\t\t\t\t\t<div class=\"elementor-column elementor-col-50 elementor-top-column elementor-element elementor-element-61b68abc\" data-id=\"61b68abc\" data-element_type=\"column\" data-e-type=\"column\" data-settings=\"{&quot;background_background&quot;:&quot;classic&quot;}\">\n\t\t\t<div class=\"elementor-widget-wrap elementor-element-populated\">\n\t\t\t\t\t\t<div class=\"elementor-element elementor-element-c2592f8 elementor-nav-menu__align-start section-menu elementor-nav-menu__text-align-center elementor-nav-menu--dropdown-tablet elementor-nav-menu--toggle elementor-nav-menu--burger elementor-widget elementor-widget-nav-menu\" data-id=\"c2592f8\" data-element_type=\"widget\" data-e-type=\"widget\" data-settings=\"{&quot;layout&quot;:&quot;vertical&quot;,&quot;submenu_icon&quot;:{&quot;value&quot;:&quot;&lt;i class=\\&quot;fa fa-caret-down\\&quot; aria-hidden=\\&quot;true\\&quot;&gt;&lt;\\\/i&gt;&quot;,&quot;library&quot;:&quot;fa-solid&quot;},&quot;toggle&quot;:&quot;burger&quot;}\" data-widget_type=\"nav-menu.default\">\n\t\t\t\t<div class=\"elementor-widget-container\">\n\t\t\t\t\t\t\t\t<nav aria-label=\"Menu\" class=\"elementor-nav-menu--main elementor-nav-menu__container elementor-nav-menu--layout-vertical e--pointer-background e--animation-none\">\n\t\t\t\t<ul id=\"menu-1-c2592f8\" class=\"elementor-nav-menu sm-vertical\"><li class=\"menu-item menu-item-type-post_type menu-item-object-page menu-item-703\"><a href=\"https:\/\/visualreklama.pl\/index.php\/reklama-zewnetrzna\/\" class=\"elementor-item\">Reklama zewn\u0119trzna<\/a><\/li>\n<li class=\"menu-item menu-item-type-post_type menu-item-object-page menu-item-704\"><a href=\"https:\/\/visualreklama.pl\/index.php\/reklama-zewnetrzna\/reklama-na-pojazdach\/\" class=\"elementor-item\">Reklama na pojazdach<\/a><\/li>\n<li class=\"menu-item menu-item-type-post_type menu-item-object-page menu-item-705\"><a href=\"https:\/\/visualreklama.pl\/index.php\/reklama-zewnetrzna\/szyldy-reklamowe-i-witryny-sklepowe\/\" class=\"elementor-item\">Szyldy reklamowe, witryny<\/a><\/li>\n<li class=\"menu-item menu-item-type-post_type menu-item-object-page menu-item-706\"><a href=\"https:\/\/visualreklama.pl\/index.php\/reklama-zewnetrzna\/wszelkiego-rodzaju-tablice-wolnostojace\/\" class=\"elementor-item\">Tablice wolnostoj\u0105ce<\/a><\/li>\n<li class=\"menu-item menu-item-type-post_type menu-item-object-page menu-item-707\"><a href=\"https:\/\/visualreklama.pl\/index.php\/reklama-zewnetrzna\/banery-reklamowe-siatki-mesh\/\" class=\"elementor-item\">Banery reklamowe, siatki mesh<\/a><\/li>\n<li class=\"menu-item menu-item-type-post_type menu-item-object-page menu-item-708\"><a href=\"https:\/\/visualreklama.pl\/index.php\/reklama-zewnetrzna\/billboardy\/\" class=\"elementor-item\">Billboardy<\/a><\/li>\n<li class=\"menu-item menu-item-type-post_type menu-item-object-page menu-item-709\"><a href=\"https:\/\/visualreklama.pl\/index.php\/reklama-zewnetrzna\/litery-przestrzenne\/\" class=\"elementor-item\">Litery przestrzenne 3D<\/a><\/li>\n<li class=\"menu-item menu-item-type-post_type menu-item-object-page menu-item-710\"><a href=\"https:\/\/visualreklama.pl\/index.php\/reklama-zewnetrzna\/litery-przestrzenne-3d-podswietlane\/\" class=\"elementor-item\">Litery przestrzenne 3D pod\u015bwietlane<\/a><\/li>\n<li class=\"menu-item menu-item-type-post_type menu-item-object-page menu-item-711\"><a href=\"https:\/\/visualreklama.pl\/index.php\/reklama-zewnetrzna\/kasetony-swietlne\/\" class=\"elementor-item\">Kasetony \u015bwietlne<\/a><\/li>\n<li class=\"menu-item menu-item-type-post_type menu-item-object-page menu-item-712\"><a href=\"https:\/\/visualreklama.pl\/index.php\/reklama-zewnetrzna\/pylony\/\" class=\"elementor-item\">Pylony<\/a><\/li>\n<li class=\"menu-item menu-item-type-post_type menu-item-object-page menu-item-713\"><a href=\"https:\/\/visualreklama.pl\/index.php\/reklama-zewnetrzna\/flagi\/\" class=\"elementor-item\">Flagi<\/a><\/li>\n<\/ul>\t\t\t<\/nav>\n\t\t\t\t\t<div class=\"elementor-menu-toggle\" role=\"button\" tabindex=\"0\" aria-label=\"Menu Toggle\" aria-expanded=\"false\">\n\t\t\t<i aria-hidden=\"true\" role=\"presentation\" class=\"elementor-menu-toggle__icon--open eicon-menu-bar\"><\/i><i aria-hidden=\"true\" role=\"presentation\" class=\"elementor-menu-toggle__icon--close eicon-close\"><\/i>\t\t<\/div>\n\t\t\t\t\t<nav class=\"elementor-nav-menu--dropdown elementor-nav-menu__container\" aria-hidden=\"true\">\n\t\t\t\t<ul id=\"menu-2-c2592f8\" class=\"elementor-nav-menu sm-vertical\"><li class=\"menu-item menu-item-type-post_type menu-item-object-page menu-item-703\"><a href=\"https:\/\/visualreklama.pl\/index.php\/reklama-zewnetrzna\/\" class=\"elementor-item\" tabindex=\"-1\">Reklama zewn\u0119trzna<\/a><\/li>\n<li class=\"menu-item menu-item-type-post_type menu-item-object-page menu-item-704\"><a href=\"https:\/\/visualreklama.pl\/index.php\/reklama-zewnetrzna\/reklama-na-pojazdach\/\" class=\"elementor-item\" tabindex=\"-1\">Reklama na pojazdach<\/a><\/li>\n<li class=\"menu-item menu-item-type-post_type menu-item-object-page menu-item-705\"><a href=\"https:\/\/visualreklama.pl\/index.php\/reklama-zewnetrzna\/szyldy-reklamowe-i-witryny-sklepowe\/\" class=\"elementor-item\" tabindex=\"-1\">Szyldy reklamowe, witryny<\/a><\/li>\n<li class=\"menu-item menu-item-type-post_type menu-item-object-page menu-item-706\"><a href=\"https:\/\/visualreklama.pl\/index.php\/reklama-zewnetrzna\/wszelkiego-rodzaju-tablice-wolnostojace\/\" class=\"elementor-item\" tabindex=\"-1\">Tablice wolnostoj\u0105ce<\/a><\/li>\n<li class=\"menu-item menu-item-type-post_type menu-item-object-page menu-item-707\"><a href=\"https:\/\/visualreklama.pl\/index.php\/reklama-zewnetrzna\/banery-reklamowe-siatki-mesh\/\" class=\"elementor-item\" tabindex=\"-1\">Banery reklamowe, siatki mesh<\/a><\/li>\n<li class=\"menu-item menu-item-type-post_type menu-item-object-page menu-item-708\"><a href=\"https:\/\/visualreklama.pl\/index.php\/reklama-zewnetrzna\/billboardy\/\" class=\"elementor-item\" tabindex=\"-1\">Billboardy<\/a><\/li>\n<li class=\"menu-item menu-item-type-post_type menu-item-object-page menu-item-709\"><a href=\"https:\/\/visualreklama.pl\/index.php\/reklama-zewnetrzna\/litery-przestrzenne\/\" class=\"elementor-item\" tabindex=\"-1\">Litery przestrzenne 3D<\/a><\/li>\n<li class=\"menu-item menu-item-type-post_type menu-item-object-page menu-item-710\"><a href=\"https:\/\/visualreklama.pl\/index.php\/reklama-zewnetrzna\/litery-przestrzenne-3d-podswietlane\/\" class=\"elementor-item\" tabindex=\"-1\">Litery przestrzenne 3D pod\u015bwietlane<\/a><\/li>\n<li class=\"menu-item menu-item-type-post_type menu-item-object-page menu-item-711\"><a href=\"https:\/\/visualreklama.pl\/index.php\/reklama-zewnetrzna\/kasetony-swietlne\/\" class=\"elementor-item\" tabindex=\"-1\">Kasetony \u015bwietlne<\/a><\/li>\n<li class=\"menu-item menu-item-type-post_type menu-item-object-page menu-item-712\"><a href=\"https:\/\/visualreklama.pl\/index.php\/reklama-zewnetrzna\/pylony\/\" class=\"elementor-item\" tabindex=\"-1\">Pylony<\/a><\/li>\n<li class=\"menu-item menu-item-type-post_type menu-item-object-page menu-item-713\"><a href=\"https:\/\/visualreklama.pl\/index.php\/reklama-zewnetrzna\/flagi\/\" class=\"elementor-item\" tabindex=\"-1\">Flagi<\/a><\/li>\n<\/ul>\t\t\t<\/nav>\n\t\t\t\t\t\t<\/div>\n\t\t\t\t<\/div>\n\t\t\t\t\t<\/div>\n\t\t<\/div>\n\t\t\t\t<div class=\"elementor-column elementor-col-50 elementor-top-column elementor-element elementor-element-3450e8e4\" data-id=\"3450e8e4\" data-element_type=\"column\" data-e-type=\"column\" data-settings=\"{&quot;background_background&quot;:&quot;classic&quot;}\">\n\t\t\t<div class=\"elementor-widget-wrap elementor-element-populated\">\n\t\t\t\t\t<div class=\"elementor-background-overlay\"><\/div>\n\t\t\t\t\t\t<section class=\"elementor-section elementor-inner-section elementor-element elementor-element-c9c8aa8 elementor-section-boxed elementor-section-height-default elementor-section-height-default\" data-id=\"c9c8aa8\" data-element_type=\"section\" data-e-type=\"section\">\n\t\t\t\t\t\t<div class=\"elementor-container elementor-column-gap-no\">\n\t\t\t\t\t<div class=\"elementor-column elementor-col-100 elementor-inner-column elementor-element elementor-element-5a5e00da\" data-id=\"5a5e00da\" data-element_type=\"column\" data-e-type=\"column\">\n\t\t\t<div class=\"elementor-widget-wrap elementor-element-populated\">\n\t\t\t\t\t\t<div class=\"elementor-element elementor-element-68ae98c8 elementor-widget-divider--view-line elementor-widget elementor-widget-divider\" data-id=\"68ae98c8\" data-element_type=\"widget\" data-e-type=\"widget\" data-widget_type=\"divider.default\">\n\t\t\t\t<div class=\"elementor-widget-container\">\n\t\t\t\t\t\t\t<div class=\"elementor-divider\">\n\t\t\t<span class=\"elementor-divider-separator\">\n\t\t\t\t\t\t<\/span>\n\t\t<\/div>\n\t\t\t\t\t\t<\/div>\n\t\t\t\t<\/div>\n\t\t\t\t<div class=\"elementor-element elementor-element-77af88c9 section-about-services elementor-widget elementor-widget-text-editor\" data-id=\"77af88c9\" data-element_type=\"widget\" data-e-type=\"widget\" data-widget_type=\"text-editor.default\">\n\t\t\t\t<div class=\"elementor-widget-container\">\n\t\t\t\t\t\t\t\t\t<p>Ze wzgl\u0119du na sw\u00f3j niski koszt, wysok\u0105 trwa\u0142o\u015b\u0107 oraz \u0142atwo\u015b\u0107 monta\u017cu s\u0105 bardzo atrakcyjn\u0105 i cz\u0119sto spotykan\u0105 form\u0105 reklamy. Banery mog\u0105 by\u0107 zawieszane na \u015bcianach, rusztowaniach, ogrodzeniach, oraz wszelkiego typu konstrukcjach.<\/p>\t\t\t\t\t\t\t\t<\/div>\n\t\t\t\t<\/div>\n\t\t\t\t\t<\/div>\n\t\t<\/div>\n\t\t\t\t\t<\/div>\n\t\t<\/section>\n\t\t\t\t\t<\/div>\n\t\t<\/div>\n\t\t\t\t\t<\/div>\n\t\t<\/div>\n\t\t\t\t<\/div>\n\t\t","protected":false},"excerpt":{"rendered":"<p>Ze wzgl\u0119du na sw\u00f3j niski koszt, wysok\u0105 trwa\u0142o\u015b\u0107 oraz \u0142atwo\u015b\u0107 monta\u017cu s\u0105 bardzo atrakcyjn\u0105 i cz\u0119sto spotykan\u0105 form\u0105 reklamy. Banery mog\u0105 by\u0107 zawieszane na \u015bcianach, rusztowaniach, ogrodzeniach, oraz wszelkiego typu konstrukcjach. Ze wzgl\u0119du na sw\u00f3j niski koszt, wysok\u0105 trwa\u0142o\u015b\u0107 oraz \u0142atwo\u015b\u0107 monta\u017cu s\u0105 bardzo atrakcyjn\u0105 i cz\u0119sto spotykan\u0105 form\u0105 reklamy. Banery mog\u0105 by\u0107 zawieszane na [&hellip;]<\/p>\n","protected":false},"author":1,"featured_media":0,"parent":390,"menu_order":4,"comment_status":"closed","ping_status":"closed","template":"elementor_header_footer","meta":{"footnotes":""},"class_list":["post-479","page","type-page","status-publish","hentry"],"_links":{"self":[{"href":"https:\/\/visualreklama.pl\/index.php\/wp-json\/wp\/v2\/pages\/479","targetHints":{"allow":["GET"]}}],"collection":[{"href":"https:\/\/visualreklama.pl\/index.php\/wp-json\/wp\/v2\/pages"}],"about":[{"href":"https:\/\/visualreklama.pl\/index.php\/wp-json\/wp\/v2\/types\/page"}],"author":[{"embeddable":true,"href":"https:\/\/visualreklama.pl\/index.php\/wp-json\/wp\/v2\/users\/1"}],"replies":[{"embeddable":true,"href":"https:\/\/visualreklama.pl\/index.php\/wp-json\/wp\/v2\/comments?post=479"}],"version-history":[{"count":15,"href":"https:\/\/visualreklama.pl\/index.php\/wp-json\/wp\/v2\/pages\/479\/revisions"}],"predecessor-version":[{"id":2533,"href":"https:\/\/visualreklama.pl\/index.php\/wp-json\/wp\/v2\/pages\/479\/revisions\/2533"}],"up":[{"embeddable":true,"href":"https:\/\/visualreklama.pl\/index.php\/wp-json\/wp\/v2\/pages\/390"}],"wp:attachment":[{"href":"https:\/\/visualreklama.pl\/index.php\/wp-json\/wp\/v2\/media?parent=479"}],"curies":[{"name":"wp","href":"https:\/\/api.w.org\/{rel}","templated":true}]}}