{"id":566,"date":"2019-02-09T14:20:57","date_gmt":"2019-02-09T13:20:57","guid":{"rendered":"http:\/\/visualreklama.pl\/?page_id=566"},"modified":"2019-06-24T16:35:29","modified_gmt":"2019-06-24T14:35:29","slug":"poligrafia-reklamowa","status":"publish","type":"page","link":"https:\/\/visualreklama.pl\/index.php\/poligrafia-reklamowa\/","title":{"rendered":"Poligrafia reklamowa"},"content":{"rendered":"\t\t<div data-elementor-type=\"wp-post\" data-elementor-id=\"566\" class=\"elementor elementor-566\" data-elementor-post-type=\"page\">\n\t\t\t\t\t\t<section class=\"elementor-section elementor-top-section elementor-element elementor-element-1dc0b3c9 elementor-section-full_width elementor-hidden-desktop elementor-hidden-tablet elementor-section-height-default elementor-section-height-default\" data-id=\"1dc0b3c9\" data-element_type=\"section\" data-e-type=\"section\" data-settings=\"{&quot;background_background&quot;:&quot;classic&quot;}\">\n\t\t\t\t\t\t<div class=\"elementor-container elementor-column-gap-no\">\n\t\t\t\t\t<div class=\"elementor-column elementor-col-100 elementor-top-column elementor-element elementor-element-1fa46712\" data-id=\"1fa46712\" data-element_type=\"column\" data-e-type=\"column\">\n\t\t\t<div class=\"elementor-widget-wrap elementor-element-populated\">\n\t\t\t\t\t\t<div class=\"elementor-element elementor-element-5b619b38 elementor-widget elementor-widget-image\" data-id=\"5b619b38\" data-element_type=\"widget\" data-e-type=\"widget\" data-widget_type=\"image.default\">\n\t\t\t\t<div class=\"elementor-widget-container\">\n\t\t\t\t\t\t\t\t\t\t\t\t\t\t\t<img fetchpriority=\"high\" decoding=\"async\" width=\"768\" height=\"512\" src=\"https:\/\/visualreklama.pl\/wp-content\/uploads\/2019\/06\/zdj\u0119cie-poligrafia-po-otworzeniu-strony-768x512.jpg\" class=\"attachment-medium_large size-medium_large wp-image-1745\" alt=\"\" srcset=\"https:\/\/visualreklama.pl\/wp-content\/uploads\/2019\/06\/zdj\u0119cie-poligrafia-po-otworzeniu-strony-768x512.jpg 768w, https:\/\/visualreklama.pl\/wp-content\/uploads\/2019\/06\/zdj\u0119cie-poligrafia-po-otworzeniu-strony-300x200.jpg 300w, https:\/\/visualreklama.pl\/wp-content\/uploads\/2019\/06\/zdj\u0119cie-poligrafia-po-otworzeniu-strony-1024x682.jpg 1024w, https:\/\/visualreklama.pl\/wp-content\/uploads\/2019\/06\/zdj\u0119cie-poligrafia-po-otworzeniu-strony-e1561194338608.jpg 1500w\" sizes=\"(max-width: 768px) 100vw, 768px\" \/>\t\t\t\t\t\t\t\t\t\t\t\t\t\t\t<\/div>\n\t\t\t\t<\/div>\n\t\t\t\t<div class=\"elementor-element elementor-element-df43023 section-about-services elementor-widget elementor-widget-text-editor\" data-id=\"df43023\" data-element_type=\"widget\" data-e-type=\"widget\" data-widget_type=\"text-editor.default\">\n\t\t\t\t<div class=\"elementor-widget-container\">\n\t\t\t\t\t\t\t\t\t<p>Poligrafia jest t\u0105 cz\u0119\u015bci\u0105 \u015bwiadczonych przez nas us\u0142ug, kt\u00f3ra dope\u0142nia ca\u0142o\u015bci produkcji. Klient, kt\u00f3remu przedstawiamy nasze projekty druk\u00f3w reklamowych ma mo\u017cliwo\u015b\u0107 zrealizowania ich do ko\u0144ca. Korzystaj\u0105c z us\u0142ug naszej firmy macie Pa\u0144stwo mo\u017cliwo\u015b\u0107 realizacji ca\u0142o\u015bci przedsi\u0119wzi\u0119cia \u2013 od projektu do druku. Wieloletnie do\u015bwiadczenie w zakresie poligrafii pozwala nam na zapewnienie Klientom wysokiej, gwarantowanej jako\u015bci. Poniewa\u017c wiemy doskonale, \u017ce ju\u017c pierwsze wra\u017cenie jest wa\u017cne z wielk\u0105 staranno\u015bci\u0105 podchodzimy do projektu i realizacji ka\u017cdej pozycji.<\/p>\t\t\t\t\t\t\t\t<\/div>\n\t\t\t\t<\/div>\n\t\t\t\t<div class=\"elementor-element elementor-element-21ff911 elementor-widget elementor-widget-heading\" data-id=\"21ff911\" data-element_type=\"widget\" data-e-type=\"widget\" data-widget_type=\"heading.default\">\n\t\t\t\t<div class=\"elementor-widget-container\">\n\t\t\t\t\t<h1 class=\"elementor-heading-title elementor-size-default\">Drukowane materia\u0142y reklamowe<\/h1>\t\t\t\t<\/div>\n\t\t\t\t<\/div>\n\t\t\t\t<div class=\"elementor-element elementor-element-b5ce5fb section-about-services elementor-widget elementor-widget-text-editor\" data-id=\"b5ce5fb\" data-element_type=\"widget\" data-e-type=\"widget\" data-widget_type=\"text-editor.default\">\n\t\t\t\t<div class=\"elementor-widget-container\">\n\t\t\t\t\t\t\t\t\t<p>Z du\u017c\u0105 staranno\u015bci\u0105 zaprojektujemy i zrealizujemy wybrane materia\u0142y reklamowe zgodnie z oczekiwaniami klienta. <br \/>Wykonamy dla Pa\u0144stwa:<\/p>\t\t\t\t\t\t\t\t<\/div>\n\t\t\t\t<\/div>\n\t\t\t\t<div class=\"elementor-element elementor-element-e481987 section-about-services elementor-widget elementor-widget-text-editor\" data-id=\"e481987\" data-element_type=\"widget\" data-e-type=\"widget\" data-widget_type=\"text-editor.default\">\n\t\t\t\t<div class=\"elementor-widget-container\">\n\t\t\t\t\t\t\t\t\t<ul><li>wizyt\u00f3wki,<\/li><li>listowniki,<\/li><li>ulotki,<\/li><li>plakaty,<\/li><li>koperty z nadrukiem,<\/li><li>etykiety,<\/li><li>naklejki,<\/li><li>foldery, katalogi,<\/li><li>notesy,<\/li><li>teczki ofertowe,<\/li><li>segregatory,<\/li><li>torby papierowe,<\/li><li>podk\u0142ady na biurko,<\/li><li>kalendarze (tr\u00f3jdzielne, na biurko, ksi\u0105\u017ckowe).<\/li><\/ul>\t\t\t\t\t\t\t\t<\/div>\n\t\t\t\t<\/div>\n\t\t\t\t<div class=\"elementor-element elementor-element-7c5a4919 elementor-nav-menu__align-center elementor-nav-menu__text-align-center elementor-nav-menu--dropdown-mobile elementor-widget elementor-widget-nav-menu\" data-id=\"7c5a4919\" data-element_type=\"widget\" data-e-type=\"widget\" data-settings=\"{&quot;layout&quot;:&quot;vertical&quot;,&quot;submenu_icon&quot;:{&quot;value&quot;:&quot;&lt;i class=\\&quot;fa fa-caret-down\\&quot; aria-hidden=\\&quot;true\\&quot;&gt;&lt;\\\/i&gt;&quot;,&quot;library&quot;:&quot;fa-solid&quot;}}\" data-widget_type=\"nav-menu.default\">\n\t\t\t\t<div class=\"elementor-widget-container\">\n\t\t\t\t\t\t\t\t<nav aria-label=\"Menu\" class=\"elementor-nav-menu--main elementor-nav-menu__container elementor-nav-menu--layout-vertical e--pointer-background e--animation-none\">\n\t\t\t\t<ul id=\"menu-1-7c5a4919\" class=\"elementor-nav-menu sm-vertical\"><li class=\"menu-item menu-item-type-post_type menu-item-object-page menu-item-714\"><a href=\"https:\/\/visualreklama.pl\/index.php\/poligrafia-reklamowa\/\" class=\"elementor-item\">Poligrafia reklamowa<\/a><\/li>\n<li class=\"menu-item menu-item-type-post_type menu-item-object-page menu-item-has-children menu-item-716\"><a href=\"https:\/\/visualreklama.pl\/index.php\/poligrafia-reklamowa\/kalendarze\/\" class=\"elementor-item\">Kalendarze<\/a>\n<ul class=\"sub-menu elementor-nav-menu--dropdown\">\n\t<li class=\"menu-item menu-item-type-post_type menu-item-object-page menu-item-717\"><a href=\"https:\/\/visualreklama.pl\/index.php\/poligrafia-reklamowa\/kalendarze\/kalendarze-ksiazkowe\/\" class=\"elementor-sub-item\">Kalendarze ksi\u0105\u017ckowe<\/a><\/li>\n\t<li class=\"menu-item menu-item-type-post_type menu-item-object-page menu-item-718\"><a href=\"https:\/\/visualreklama.pl\/index.php\/poligrafia-reklamowa\/kalendarze\/kalendarze-trojdzielne-jednodzielne-czterodzielne\/\" class=\"elementor-sub-item\">Kalendarze tr\u00f3jdzielne, jednodzielne i czterodzielne<\/a><\/li>\n\t<li class=\"menu-item menu-item-type-post_type menu-item-object-page menu-item-719\"><a href=\"https:\/\/visualreklama.pl\/index.php\/poligrafia-reklamowa\/kalendarze\/kalendarze-jednoplanszowe-i-wieloplaszowe\/\" class=\"elementor-sub-item\">Kalendarze jednoplanszowe i wieloplanszowe<\/a><\/li>\n\t<li class=\"menu-item menu-item-type-post_type menu-item-object-page menu-item-2217\"><a href=\"https:\/\/visualreklama.pl\/index.php\/poligrafia-reklamowa\/kalendarze\/kalendarze-na-biurko-domki\/\" class=\"elementor-sub-item\">Kalendarze na biurko \u2013 domki<\/a><\/li>\n\t<li class=\"menu-item menu-item-type-post_type menu-item-object-page menu-item-2216\"><a href=\"https:\/\/visualreklama.pl\/index.php\/poligrafia-reklamowa\/kalendarze\/podklady-na-biurko-planery\/\" class=\"elementor-sub-item\">Podk\u0142ady na biurko, planery<\/a><\/li>\n\t<li class=\"menu-item menu-item-type-post_type menu-item-object-page menu-item-2215\"><a href=\"https:\/\/visualreklama.pl\/index.php\/poligrafia-reklamowa\/kalendarze\/kalendarze-na-magnesie\/\" class=\"elementor-sub-item\">Kalendarze na magnesie<\/a><\/li>\n<\/ul>\n<\/li>\n<\/ul>\t\t\t<\/nav>\n\t\t\t\t\t\t<nav class=\"elementor-nav-menu--dropdown elementor-nav-menu__container\" aria-hidden=\"true\">\n\t\t\t\t<ul id=\"menu-2-7c5a4919\" class=\"elementor-nav-menu sm-vertical\"><li class=\"menu-item menu-item-type-post_type menu-item-object-page menu-item-714\"><a href=\"https:\/\/visualreklama.pl\/index.php\/poligrafia-reklamowa\/\" class=\"elementor-item\" tabindex=\"-1\">Poligrafia reklamowa<\/a><\/li>\n<li class=\"menu-item menu-item-type-post_type menu-item-object-page menu-item-has-children menu-item-716\"><a href=\"https:\/\/visualreklama.pl\/index.php\/poligrafia-reklamowa\/kalendarze\/\" class=\"elementor-item\" tabindex=\"-1\">Kalendarze<\/a>\n<ul class=\"sub-menu elementor-nav-menu--dropdown\">\n\t<li class=\"menu-item menu-item-type-post_type menu-item-object-page menu-item-717\"><a href=\"https:\/\/visualreklama.pl\/index.php\/poligrafia-reklamowa\/kalendarze\/kalendarze-ksiazkowe\/\" class=\"elementor-sub-item\" tabindex=\"-1\">Kalendarze ksi\u0105\u017ckowe<\/a><\/li>\n\t<li class=\"menu-item menu-item-type-post_type menu-item-object-page menu-item-718\"><a href=\"https:\/\/visualreklama.pl\/index.php\/poligrafia-reklamowa\/kalendarze\/kalendarze-trojdzielne-jednodzielne-czterodzielne\/\" class=\"elementor-sub-item\" tabindex=\"-1\">Kalendarze tr\u00f3jdzielne, jednodzielne i czterodzielne<\/a><\/li>\n\t<li class=\"menu-item menu-item-type-post_type menu-item-object-page menu-item-719\"><a href=\"https:\/\/visualreklama.pl\/index.php\/poligrafia-reklamowa\/kalendarze\/kalendarze-jednoplanszowe-i-wieloplaszowe\/\" class=\"elementor-sub-item\" tabindex=\"-1\">Kalendarze jednoplanszowe i wieloplanszowe<\/a><\/li>\n\t<li class=\"menu-item menu-item-type-post_type menu-item-object-page menu-item-2217\"><a href=\"https:\/\/visualreklama.pl\/index.php\/poligrafia-reklamowa\/kalendarze\/kalendarze-na-biurko-domki\/\" class=\"elementor-sub-item\" tabindex=\"-1\">Kalendarze na biurko \u2013 domki<\/a><\/li>\n\t<li class=\"menu-item menu-item-type-post_type menu-item-object-page menu-item-2216\"><a href=\"https:\/\/visualreklama.pl\/index.php\/poligrafia-reklamowa\/kalendarze\/podklady-na-biurko-planery\/\" class=\"elementor-sub-item\" tabindex=\"-1\">Podk\u0142ady na biurko, planery<\/a><\/li>\n\t<li class=\"menu-item menu-item-type-post_type menu-item-object-page menu-item-2215\"><a href=\"https:\/\/visualreklama.pl\/index.php\/poligrafia-reklamowa\/kalendarze\/kalendarze-na-magnesie\/\" class=\"elementor-sub-item\" tabindex=\"-1\">Kalendarze na magnesie<\/a><\/li>\n<\/ul>\n<\/li>\n<\/ul>\t\t\t<\/nav>\n\t\t\t\t\t\t<\/div>\n\t\t\t\t<\/div>\n\t\t\t\t\t<\/div>\n\t\t<\/div>\n\t\t\t\t\t<\/div>\n\t\t<\/section>\n\t\t\t\t<div class=\"elementor-section elementor-top-section elementor-element elementor-element-1d67b7a8 elementor-section-height-full elementor-section-items-stretch elementor-section-full_width elementor-hidden-phone elementor-section-height-default\" data-id=\"1d67b7a8\" data-element_type=\"section\" data-e-type=\"section\">\n\t\t\t\t\t\t<div class=\"elementor-container elementor-column-gap-default\">\n\t\t\t\t\t<div class=\"elementor-column elementor-col-50 elementor-top-column elementor-element elementor-element-561b87ac\" data-id=\"561b87ac\" data-element_type=\"column\" data-e-type=\"column\" data-settings=\"{&quot;background_background&quot;:&quot;classic&quot;}\">\n\t\t\t<div class=\"elementor-widget-wrap elementor-element-populated\">\n\t\t\t\t\t\t<div class=\"elementor-element elementor-element-57b21a50 elementor-nav-menu__align-start section-menu elementor-nav-menu__text-align-center elementor-nav-menu--dropdown-mobile elementor-nav-menu--toggle elementor-nav-menu--burger elementor-widget elementor-widget-nav-menu\" data-id=\"57b21a50\" data-element_type=\"widget\" data-e-type=\"widget\" data-settings=\"{&quot;layout&quot;:&quot;vertical&quot;,&quot;submenu_icon&quot;:{&quot;value&quot;:&quot;&lt;i class=\\&quot;fa fa-caret-down\\&quot; aria-hidden=\\&quot;true\\&quot;&gt;&lt;\\\/i&gt;&quot;,&quot;library&quot;:&quot;fa-solid&quot;},&quot;toggle&quot;:&quot;burger&quot;}\" data-widget_type=\"nav-menu.default\">\n\t\t\t\t<div class=\"elementor-widget-container\">\n\t\t\t\t\t\t\t\t<nav aria-label=\"Menu\" class=\"elementor-nav-menu--main elementor-nav-menu__container elementor-nav-menu--layout-vertical e--pointer-background e--animation-none\">\n\t\t\t\t<ul id=\"menu-1-57b21a50\" class=\"elementor-nav-menu sm-vertical\"><li class=\"menu-item menu-item-type-post_type menu-item-object-page menu-item-714\"><a href=\"https:\/\/visualreklama.pl\/index.php\/poligrafia-reklamowa\/\" class=\"elementor-item\">Poligrafia reklamowa<\/a><\/li>\n<li class=\"menu-item menu-item-type-post_type menu-item-object-page menu-item-has-children menu-item-716\"><a href=\"https:\/\/visualreklama.pl\/index.php\/poligrafia-reklamowa\/kalendarze\/\" class=\"elementor-item\">Kalendarze<\/a>\n<ul class=\"sub-menu elementor-nav-menu--dropdown\">\n\t<li class=\"menu-item menu-item-type-post_type menu-item-object-page menu-item-717\"><a href=\"https:\/\/visualreklama.pl\/index.php\/poligrafia-reklamowa\/kalendarze\/kalendarze-ksiazkowe\/\" class=\"elementor-sub-item\">Kalendarze ksi\u0105\u017ckowe<\/a><\/li>\n\t<li class=\"menu-item menu-item-type-post_type menu-item-object-page menu-item-718\"><a href=\"https:\/\/visualreklama.pl\/index.php\/poligrafia-reklamowa\/kalendarze\/kalendarze-trojdzielne-jednodzielne-czterodzielne\/\" class=\"elementor-sub-item\">Kalendarze tr\u00f3jdzielne, jednodzielne i czterodzielne<\/a><\/li>\n\t<li class=\"menu-item menu-item-type-post_type menu-item-object-page menu-item-719\"><a href=\"https:\/\/visualreklama.pl\/index.php\/poligrafia-reklamowa\/kalendarze\/kalendarze-jednoplanszowe-i-wieloplaszowe\/\" class=\"elementor-sub-item\">Kalendarze jednoplanszowe i wieloplanszowe<\/a><\/li>\n\t<li class=\"menu-item menu-item-type-post_type menu-item-object-page menu-item-2217\"><a href=\"https:\/\/visualreklama.pl\/index.php\/poligrafia-reklamowa\/kalendarze\/kalendarze-na-biurko-domki\/\" class=\"elementor-sub-item\">Kalendarze na biurko \u2013 domki<\/a><\/li>\n\t<li class=\"menu-item menu-item-type-post_type menu-item-object-page menu-item-2216\"><a href=\"https:\/\/visualreklama.pl\/index.php\/poligrafia-reklamowa\/kalendarze\/podklady-na-biurko-planery\/\" class=\"elementor-sub-item\">Podk\u0142ady na biurko, planery<\/a><\/li>\n\t<li class=\"menu-item menu-item-type-post_type menu-item-object-page menu-item-2215\"><a href=\"https:\/\/visualreklama.pl\/index.php\/poligrafia-reklamowa\/kalendarze\/kalendarze-na-magnesie\/\" class=\"elementor-sub-item\">Kalendarze na magnesie<\/a><\/li>\n<\/ul>\n<\/li>\n<\/ul>\t\t\t<\/nav>\n\t\t\t\t\t<div class=\"elementor-menu-toggle\" role=\"button\" tabindex=\"0\" aria-label=\"Menu Toggle\" aria-expanded=\"false\">\n\t\t\t<i aria-hidden=\"true\" role=\"presentation\" class=\"elementor-menu-toggle__icon--open eicon-menu-bar\"><\/i><i aria-hidden=\"true\" role=\"presentation\" class=\"elementor-menu-toggle__icon--close eicon-close\"><\/i>\t\t<\/div>\n\t\t\t\t\t<nav class=\"elementor-nav-menu--dropdown elementor-nav-menu__container\" aria-hidden=\"true\">\n\t\t\t\t<ul id=\"menu-2-57b21a50\" class=\"elementor-nav-menu sm-vertical\"><li class=\"menu-item menu-item-type-post_type menu-item-object-page menu-item-714\"><a href=\"https:\/\/visualreklama.pl\/index.php\/poligrafia-reklamowa\/\" class=\"elementor-item\" tabindex=\"-1\">Poligrafia reklamowa<\/a><\/li>\n<li class=\"menu-item menu-item-type-post_type menu-item-object-page menu-item-has-children menu-item-716\"><a href=\"https:\/\/visualreklama.pl\/index.php\/poligrafia-reklamowa\/kalendarze\/\" class=\"elementor-item\" tabindex=\"-1\">Kalendarze<\/a>\n<ul class=\"sub-menu elementor-nav-menu--dropdown\">\n\t<li class=\"menu-item menu-item-type-post_type menu-item-object-page menu-item-717\"><a href=\"https:\/\/visualreklama.pl\/index.php\/poligrafia-reklamowa\/kalendarze\/kalendarze-ksiazkowe\/\" class=\"elementor-sub-item\" tabindex=\"-1\">Kalendarze ksi\u0105\u017ckowe<\/a><\/li>\n\t<li class=\"menu-item menu-item-type-post_type menu-item-object-page menu-item-718\"><a href=\"https:\/\/visualreklama.pl\/index.php\/poligrafia-reklamowa\/kalendarze\/kalendarze-trojdzielne-jednodzielne-czterodzielne\/\" class=\"elementor-sub-item\" tabindex=\"-1\">Kalendarze tr\u00f3jdzielne, jednodzielne i czterodzielne<\/a><\/li>\n\t<li class=\"menu-item menu-item-type-post_type menu-item-object-page menu-item-719\"><a href=\"https:\/\/visualreklama.pl\/index.php\/poligrafia-reklamowa\/kalendarze\/kalendarze-jednoplanszowe-i-wieloplaszowe\/\" class=\"elementor-sub-item\" tabindex=\"-1\">Kalendarze jednoplanszowe i wieloplanszowe<\/a><\/li>\n\t<li class=\"menu-item menu-item-type-post_type menu-item-object-page menu-item-2217\"><a href=\"https:\/\/visualreklama.pl\/index.php\/poligrafia-reklamowa\/kalendarze\/kalendarze-na-biurko-domki\/\" class=\"elementor-sub-item\" tabindex=\"-1\">Kalendarze na biurko \u2013 domki<\/a><\/li>\n\t<li class=\"menu-item menu-item-type-post_type menu-item-object-page menu-item-2216\"><a href=\"https:\/\/visualreklama.pl\/index.php\/poligrafia-reklamowa\/kalendarze\/podklady-na-biurko-planery\/\" class=\"elementor-sub-item\" tabindex=\"-1\">Podk\u0142ady na biurko, planery<\/a><\/li>\n\t<li class=\"menu-item menu-item-type-post_type menu-item-object-page menu-item-2215\"><a href=\"https:\/\/visualreklama.pl\/index.php\/poligrafia-reklamowa\/kalendarze\/kalendarze-na-magnesie\/\" class=\"elementor-sub-item\" tabindex=\"-1\">Kalendarze na magnesie<\/a><\/li>\n<\/ul>\n<\/li>\n<\/ul>\t\t\t<\/nav>\n\t\t\t\t\t\t<\/div>\n\t\t\t\t<\/div>\n\t\t\t\t\t<\/div>\n\t\t<\/div>\n\t\t\t\t<div class=\"elementor-column elementor-col-50 elementor-top-column elementor-element elementor-element-1d8a2588\" data-id=\"1d8a2588\" data-element_type=\"column\" data-e-type=\"column\" data-settings=\"{&quot;background_background&quot;:&quot;classic&quot;}\">\n\t\t\t<div class=\"elementor-widget-wrap elementor-element-populated\">\n\t\t\t\t\t<div class=\"elementor-background-overlay\"><\/div>\n\t\t\t\t\t\t<section class=\"elementor-section elementor-inner-section elementor-element elementor-element-1860b5d2 elementor-section-boxed elementor-section-height-default elementor-section-height-default\" data-id=\"1860b5d2\" data-element_type=\"section\" data-e-type=\"section\">\n\t\t\t\t\t\t<div class=\"elementor-container elementor-column-gap-no\">\n\t\t\t\t\t<div class=\"elementor-column elementor-col-100 elementor-inner-column elementor-element elementor-element-5e8831f\" data-id=\"5e8831f\" data-element_type=\"column\" data-e-type=\"column\">\n\t\t\t<div class=\"elementor-widget-wrap elementor-element-populated\">\n\t\t\t\t\t\t<div class=\"elementor-element elementor-element-7165c0ad elementor-widget-divider--view-line elementor-widget elementor-widget-divider\" data-id=\"7165c0ad\" data-element_type=\"widget\" data-e-type=\"widget\" data-widget_type=\"divider.default\">\n\t\t\t\t<div class=\"elementor-widget-container\">\n\t\t\t\t\t\t\t<div class=\"elementor-divider\">\n\t\t\t<span class=\"elementor-divider-separator\">\n\t\t\t\t\t\t<\/span>\n\t\t<\/div>\n\t\t\t\t\t\t<\/div>\n\t\t\t\t<\/div>\n\t\t\t\t<div class=\"elementor-element elementor-element-62e59e7 section-about-services elementor-widget elementor-widget-text-editor\" data-id=\"62e59e7\" data-element_type=\"widget\" data-e-type=\"widget\" data-widget_type=\"text-editor.default\">\n\t\t\t\t<div class=\"elementor-widget-container\">\n\t\t\t\t\t\t\t\t\t<p>Poligrafia jest t\u0105 cz\u0119\u015bci\u0105 \u015bwiadczonych przez nas us\u0142ug, kt\u00f3ra dope\u0142nia ca\u0142o\u015bci produkcji. Klient, kt\u00f3remu przedstawiamy nasze projekty druk\u00f3w reklamowych ma mo\u017cliwo\u015b\u0107 zrealizowania ich do ko\u0144ca. Korzystaj\u0105c z us\u0142ug naszej firmy macie Pa\u0144stwo mo\u017cliwo\u015b\u0107 realizacji ca\u0142o\u015bci przedsi\u0119wzi\u0119cia \u2013 od projektu do druku. Wieloletnie do\u015bwiadczenie w zakresie poligrafii pozwala nam na zapewnienie Klientom wysokiej, gwarantowanej jako\u015bci. Poniewa\u017c wiemy doskonale, \u017ce ju\u017c pierwsze wra\u017cenie jest wa\u017cne z wielk\u0105 staranno\u015bci\u0105 podchodzimy do projektu i realizacji ka\u017cdej pozycji.<\/p>\t\t\t\t\t\t\t\t<\/div>\n\t\t\t\t<\/div>\n\t\t\t\t<div class=\"elementor-element elementor-element-e1f21b1 elementor-widget elementor-widget-heading\" data-id=\"e1f21b1\" data-element_type=\"widget\" data-e-type=\"widget\" data-widget_type=\"heading.default\">\n\t\t\t\t<div class=\"elementor-widget-container\">\n\t\t\t\t\t<h1 class=\"elementor-heading-title elementor-size-default\">Drukowane materia\u0142y reklamowe<\/h1>\t\t\t\t<\/div>\n\t\t\t\t<\/div>\n\t\t\t\t<div class=\"elementor-element elementor-element-aac7972 section-about-services elementor-widget elementor-widget-text-editor\" data-id=\"aac7972\" data-element_type=\"widget\" data-e-type=\"widget\" data-widget_type=\"text-editor.default\">\n\t\t\t\t<div class=\"elementor-widget-container\">\n\t\t\t\t\t\t\t\t\t<p>Z du\u017c\u0105 staranno\u015bci\u0105 zaprojektujemy i zrealizujemy wybrane materia\u0142y reklamowe zgodnie z oczekiwaniami klienta. <br \/>Wykonamy dla Pa\u0144stwa:<\/p>\t\t\t\t\t\t\t\t<\/div>\n\t\t\t\t<\/div>\n\t\t\t\t<div class=\"elementor-element elementor-element-47edc09 section-about-services elementor-widget elementor-widget-text-editor\" data-id=\"47edc09\" data-element_type=\"widget\" data-e-type=\"widget\" data-widget_type=\"text-editor.default\">\n\t\t\t\t<div class=\"elementor-widget-container\">\n\t\t\t\t\t\t\t\t\t<ul><li>wizyt\u00f3wki,<\/li><li>listowniki,<\/li><li>ulotki,<\/li><li>plakaty,<\/li><li>koperty z nadrukiem,<\/li><li>etykiety,<\/li><li>naklejki,<\/li><li>foldery, katalogi<\/li><li>notesy,<\/li><li>teczki ofertowe,<\/li><li>segregatory,<\/li><li>torby papierowe,<\/li><li>podk\u0142ady na biurko,<\/li><li>kalendarze (tr\u00f3jdzielne, na biurko, ksi\u0105\u017ckowe).<\/li><\/ul>\t\t\t\t\t\t\t\t<\/div>\n\t\t\t\t<\/div>\n\t\t\t\t\t<\/div>\n\t\t<\/div>\n\t\t\t\t\t<\/div>\n\t\t<\/section>\n\t\t\t\t\t<\/div>\n\t\t<\/div>\n\t\t\t\t\t<\/div>\n\t\t<\/div>\n\t\t\t\t<\/div>\n\t\t","protected":false},"excerpt":{"rendered":"<p>Poligrafia jest t\u0105 cz\u0119\u015bci\u0105 \u015bwiadczonych przez nas us\u0142ug, kt\u00f3ra dope\u0142nia ca\u0142o\u015bci produkcji. Klient, kt\u00f3remu przedstawiamy nasze projekty druk\u00f3w reklamowych ma mo\u017cliwo\u015b\u0107 zrealizowania ich do ko\u0144ca. Korzystaj\u0105c z us\u0142ug naszej firmy macie Pa\u0144stwo mo\u017cliwo\u015b\u0107 realizacji ca\u0142o\u015bci przedsi\u0119wzi\u0119cia \u2013 od projektu do druku. Wieloletnie do\u015bwiadczenie w zakresie poligrafii pozwala nam na zapewnienie Klientom wysokiej, gwarantowanej jako\u015bci. Poniewa\u017c [&hellip;]<\/p>\n","protected":false},"author":1,"featured_media":0,"parent":0,"menu_order":5,"comment_status":"closed","ping_status":"closed","template":"elementor_header_footer","meta":{"footnotes":""},"class_list":["post-566","page","type-page","status-publish","hentry"],"_links":{"self":[{"href":"https:\/\/visualreklama.pl\/index.php\/wp-json\/wp\/v2\/pages\/566","targetHints":{"allow":["GET"]}}],"collection":[{"href":"https:\/\/visualreklama.pl\/index.php\/wp-json\/wp\/v2\/pages"}],"about":[{"href":"https:\/\/visualreklama.pl\/index.php\/wp-json\/wp\/v2\/types\/page"}],"author":[{"embeddable":true,"href":"https:\/\/visualreklama.pl\/index.php\/wp-json\/wp\/v2\/users\/1"}],"replies":[{"embeddable":true,"href":"https:\/\/visualreklama.pl\/index.php\/wp-json\/wp\/v2\/comments?post=566"}],"version-history":[{"count":52,"href":"https:\/\/visualreklama.pl\/index.php\/wp-json\/wp\/v2\/pages\/566\/revisions"}],"predecessor-version":[{"id":2555,"href":"https:\/\/visualreklama.pl\/index.php\/wp-json\/wp\/v2\/pages\/566\/revisions\/2555"}],"wp:attachment":[{"href":"https:\/\/visualreklama.pl\/index.php\/wp-json\/wp\/v2\/media?parent=566"}],"curies":[{"name":"wp","href":"https:\/\/api.w.org\/{rel}","templated":true}]}}