{"id":583,"date":"2019-02-09T14:31:49","date_gmt":"2019-02-09T13:31:49","guid":{"rendered":"http:\/\/visualreklama.pl\/?page_id=583"},"modified":"2019-06-24T16:29:06","modified_gmt":"2019-06-24T14:29:06","slug":"obrazy-na-szkle-i-plexi","status":"publish","type":"page","link":"https:\/\/visualreklama.pl\/index.php\/elementy-aranzacji-wnetrz\/obrazy-na-szkle-i-plexi\/","title":{"rendered":"Obrazy na szkle i plexi"},"content":{"rendered":"\t\t<div data-elementor-type=\"wp-post\" data-elementor-id=\"583\" class=\"elementor elementor-583\" data-elementor-post-type=\"page\">\n\t\t\t\t\t\t<section class=\"elementor-section elementor-top-section elementor-element elementor-element-4f5ac4be elementor-section-full_width elementor-hidden-desktop elementor-hidden-tablet elementor-section-height-default elementor-section-height-default\" data-id=\"4f5ac4be\" data-element_type=\"section\" data-e-type=\"section\" data-settings=\"{&quot;background_background&quot;:&quot;classic&quot;}\">\n\t\t\t\t\t\t<div class=\"elementor-container elementor-column-gap-no\">\n\t\t\t\t\t<div class=\"elementor-column elementor-col-100 elementor-top-column elementor-element elementor-element-6a76c5d2\" data-id=\"6a76c5d2\" data-element_type=\"column\" data-e-type=\"column\">\n\t\t\t<div class=\"elementor-widget-wrap elementor-element-populated\">\n\t\t\t\t\t\t<div class=\"elementor-element elementor-element-506e546c elementor-widget elementor-widget-image\" data-id=\"506e546c\" data-element_type=\"widget\" data-e-type=\"widget\" data-widget_type=\"image.default\">\n\t\t\t\t<div class=\"elementor-widget-container\">\n\t\t\t\t\t\t\t\t\t\t\t\t\t\t\t<img fetchpriority=\"high\" decoding=\"async\" width=\"768\" height=\"576\" src=\"https:\/\/visualreklama.pl\/wp-content\/uploads\/2019\/06\/zdj\u0119cie-obrazy-na-szkle-pop-ostrzejsze-768x576.jpg\" class=\"attachment-medium_large size-medium_large wp-image-1784\" alt=\"\" srcset=\"https:\/\/visualreklama.pl\/wp-content\/uploads\/2019\/06\/zdj\u0119cie-obrazy-na-szkle-pop-ostrzejsze-768x576.jpg 768w, https:\/\/visualreklama.pl\/wp-content\/uploads\/2019\/06\/zdj\u0119cie-obrazy-na-szkle-pop-ostrzejsze-300x225.jpg 300w, https:\/\/visualreklama.pl\/wp-content\/uploads\/2019\/06\/zdj\u0119cie-obrazy-na-szkle-pop-ostrzejsze-1024x768.jpg 1024w, https:\/\/visualreklama.pl\/wp-content\/uploads\/2019\/06\/zdj\u0119cie-obrazy-na-szkle-pop-ostrzejsze-e1561194292528.jpg 1500w\" sizes=\"(max-width: 768px) 100vw, 768px\" \/>\t\t\t\t\t\t\t\t\t\t\t\t\t\t\t<\/div>\n\t\t\t\t<\/div>\n\t\t\t\t<div class=\"elementor-element elementor-element-5a05f887 section-about-services elementor-widget elementor-widget-text-editor\" data-id=\"5a05f887\" data-element_type=\"widget\" data-e-type=\"widget\" data-widget_type=\"text-editor.default\">\n\t\t\t\t<div class=\"elementor-widget-container\">\n\t\t\t\t\t\t\t\t\t<p>S\u0105 doskona\u0142\u0105 dekoracj\u0105 \u015bcian w salonie, kuchni, sypialni, biurze, restauracji itp. Na szk\u0142o lub plexi nanosimy nadruk fotograficznej jako\u015bci. Grafik\u0119 wykonujemy od spodu, co sprawia wra\u017cenie g\u0142\u0119bi poprzez grubo\u015b\u0107 materia\u0142u i nadaje elegancki po\u0142ysk. Taki obraz montowany jest na \u015bcianie najcz\u0119\u015bciej za pomoc\u0105 ozdobnych dystans\u00f3w. Jest to bardzo ciekawy efekt dekoracyjny. Mo\u017ce by\u0107 wykorzystany jako oryginalny prezent.<\/p>\t\t\t\t\t\t\t\t<\/div>\n\t\t\t\t<\/div>\n\t\t\t\t<div class=\"elementor-element elementor-element-68a93882 elementor-nav-menu__align-center elementor-nav-menu__text-align-center elementor-nav-menu--dropdown-mobile elementor-widget elementor-widget-nav-menu\" data-id=\"68a93882\" data-element_type=\"widget\" data-e-type=\"widget\" data-settings=\"{&quot;layout&quot;:&quot;vertical&quot;,&quot;submenu_icon&quot;:{&quot;value&quot;:&quot;&lt;i class=\\&quot;fa fa-caret-down\\&quot; aria-hidden=\\&quot;true\\&quot;&gt;&lt;\\\/i&gt;&quot;,&quot;library&quot;:&quot;fa-solid&quot;}}\" data-widget_type=\"nav-menu.default\">\n\t\t\t\t<div class=\"elementor-widget-container\">\n\t\t\t\t\t\t\t\t<nav aria-label=\"Menu\" class=\"elementor-nav-menu--main elementor-nav-menu__container elementor-nav-menu--layout-vertical e--pointer-background e--animation-none\">\n\t\t\t\t<ul id=\"menu-1-68a93882\" class=\"elementor-nav-menu sm-vertical\"><li class=\"menu-item menu-item-type-post_type menu-item-object-page menu-item-694\"><a href=\"https:\/\/visualreklama.pl\/index.php\/elementy-aranzacji-wnetrz\/\" class=\"elementor-item\">Elementy aran\u017cacji wn\u0119trz<\/a><\/li>\n<li class=\"menu-item menu-item-type-post_type menu-item-object-page menu-item-695\"><a href=\"https:\/\/visualreklama.pl\/index.php\/elementy-aranzacji-wnetrz\/projekty-graficzne-i-wizualizacje\/\" class=\"elementor-item\">Projekty graficzne i wizualizacje<\/a><\/li>\n<li class=\"menu-item menu-item-type-post_type menu-item-object-page menu-item-696\"><a href=\"https:\/\/visualreklama.pl\/index.php\/elementy-aranzacji-wnetrz\/fototapety-z-montazem\/\" class=\"elementor-item\">Fototapety z monta\u017cem<\/a><\/li>\n<li class=\"menu-item menu-item-type-post_type menu-item-object-page menu-item-697\"><a href=\"https:\/\/visualreklama.pl\/index.php\/elementy-aranzacji-wnetrz\/panele-szklane-lacobele\/\" class=\"elementor-item\">Panele szklane<\/a><\/li>\n<li class=\"menu-item menu-item-type-post_type menu-item-object-page menu-item-1654\"><a href=\"https:\/\/visualreklama.pl\/index.php\/elementy-aranzacji-wnetrz\/lacobele\/\" class=\"elementor-item\">Lacobele<\/a><\/li>\n<li class=\"menu-item menu-item-type-post_type menu-item-object-page menu-item-1653\"><a href=\"https:\/\/visualreklama.pl\/index.php\/elementy-aranzacji-wnetrz\/nadruki-na-plytach-meblowych\/\" class=\"elementor-item\">Nadruki na p\u0142ytach meblowych<\/a><\/li>\n<li class=\"menu-item menu-item-type-post_type menu-item-object-page menu-item-698\"><a href=\"https:\/\/visualreklama.pl\/index.php\/elementy-aranzacji-wnetrz\/obrazy-na-szkle-i-plexi\/\" class=\"elementor-item\">Obrazy na szkle i plexi<\/a><\/li>\n<li class=\"menu-item menu-item-type-post_type menu-item-object-page menu-item-699\"><a href=\"https:\/\/visualreklama.pl\/index.php\/elementy-aranzacji-wnetrz\/obrazy-na-plotnie\/\" class=\"elementor-item\">Obrazy na p\u0142\u00f3tnie<\/a><\/li>\n<li class=\"menu-item menu-item-type-post_type menu-item-object-page menu-item-700\"><a href=\"https:\/\/visualreklama.pl\/index.php\/elementy-aranzacji-wnetrz\/systemy-wystawiennicze\/\" class=\"elementor-item\">Systemy wystawiennicze<\/a><\/li>\n<li class=\"menu-item menu-item-type-post_type menu-item-object-page menu-item-701\"><a href=\"https:\/\/visualreklama.pl\/index.php\/elementy-aranzacji-wnetrz\/identyfikacja-wizualna\/\" class=\"elementor-item\">Identyfikacja wizualna<\/a><\/li>\n<li class=\"menu-item menu-item-type-post_type menu-item-object-page menu-item-702\"><a href=\"https:\/\/visualreklama.pl\/index.php\/elementy-aranzacji-wnetrz\/fotografia-uzytkowa\/\" class=\"elementor-item\">Fotografia u\u017cytkowa<\/a><\/li>\n<\/ul>\t\t\t<\/nav>\n\t\t\t\t\t\t<nav class=\"elementor-nav-menu--dropdown elementor-nav-menu__container\" aria-hidden=\"true\">\n\t\t\t\t<ul id=\"menu-2-68a93882\" class=\"elementor-nav-menu sm-vertical\"><li class=\"menu-item menu-item-type-post_type menu-item-object-page menu-item-694\"><a href=\"https:\/\/visualreklama.pl\/index.php\/elementy-aranzacji-wnetrz\/\" class=\"elementor-item\" tabindex=\"-1\">Elementy aran\u017cacji wn\u0119trz<\/a><\/li>\n<li class=\"menu-item menu-item-type-post_type menu-item-object-page menu-item-695\"><a href=\"https:\/\/visualreklama.pl\/index.php\/elementy-aranzacji-wnetrz\/projekty-graficzne-i-wizualizacje\/\" class=\"elementor-item\" tabindex=\"-1\">Projekty graficzne i wizualizacje<\/a><\/li>\n<li class=\"menu-item menu-item-type-post_type menu-item-object-page menu-item-696\"><a href=\"https:\/\/visualreklama.pl\/index.php\/elementy-aranzacji-wnetrz\/fototapety-z-montazem\/\" class=\"elementor-item\" tabindex=\"-1\">Fototapety z monta\u017cem<\/a><\/li>\n<li class=\"menu-item menu-item-type-post_type menu-item-object-page menu-item-697\"><a href=\"https:\/\/visualreklama.pl\/index.php\/elementy-aranzacji-wnetrz\/panele-szklane-lacobele\/\" class=\"elementor-item\" tabindex=\"-1\">Panele szklane<\/a><\/li>\n<li class=\"menu-item menu-item-type-post_type menu-item-object-page menu-item-1654\"><a href=\"https:\/\/visualreklama.pl\/index.php\/elementy-aranzacji-wnetrz\/lacobele\/\" class=\"elementor-item\" tabindex=\"-1\">Lacobele<\/a><\/li>\n<li class=\"menu-item menu-item-type-post_type menu-item-object-page menu-item-1653\"><a href=\"https:\/\/visualreklama.pl\/index.php\/elementy-aranzacji-wnetrz\/nadruki-na-plytach-meblowych\/\" class=\"elementor-item\" tabindex=\"-1\">Nadruki na p\u0142ytach meblowych<\/a><\/li>\n<li class=\"menu-item menu-item-type-post_type menu-item-object-page menu-item-698\"><a href=\"https:\/\/visualreklama.pl\/index.php\/elementy-aranzacji-wnetrz\/obrazy-na-szkle-i-plexi\/\" class=\"elementor-item\" tabindex=\"-1\">Obrazy na szkle i plexi<\/a><\/li>\n<li class=\"menu-item menu-item-type-post_type menu-item-object-page menu-item-699\"><a href=\"https:\/\/visualreklama.pl\/index.php\/elementy-aranzacji-wnetrz\/obrazy-na-plotnie\/\" class=\"elementor-item\" tabindex=\"-1\">Obrazy na p\u0142\u00f3tnie<\/a><\/li>\n<li class=\"menu-item menu-item-type-post_type menu-item-object-page menu-item-700\"><a href=\"https:\/\/visualreklama.pl\/index.php\/elementy-aranzacji-wnetrz\/systemy-wystawiennicze\/\" class=\"elementor-item\" tabindex=\"-1\">Systemy wystawiennicze<\/a><\/li>\n<li class=\"menu-item menu-item-type-post_type menu-item-object-page menu-item-701\"><a href=\"https:\/\/visualreklama.pl\/index.php\/elementy-aranzacji-wnetrz\/identyfikacja-wizualna\/\" class=\"elementor-item\" tabindex=\"-1\">Identyfikacja wizualna<\/a><\/li>\n<li class=\"menu-item menu-item-type-post_type menu-item-object-page menu-item-702\"><a href=\"https:\/\/visualreklama.pl\/index.php\/elementy-aranzacji-wnetrz\/fotografia-uzytkowa\/\" class=\"elementor-item\" tabindex=\"-1\">Fotografia u\u017cytkowa<\/a><\/li>\n<\/ul>\t\t\t<\/nav>\n\t\t\t\t\t\t<\/div>\n\t\t\t\t<\/div>\n\t\t\t\t\t<\/div>\n\t\t<\/div>\n\t\t\t\t\t<\/div>\n\t\t<\/section>\n\t\t\t\t<div class=\"elementor-section elementor-top-section elementor-element elementor-element-45f3f5c elementor-section-height-full elementor-section-items-stretch elementor-section-full_width elementor-hidden-phone elementor-section-height-default\" data-id=\"45f3f5c\" data-element_type=\"section\" data-e-type=\"section\">\n\t\t\t\t\t\t\t<div class=\"elementor-background-overlay\"><\/div>\n\t\t\t\t\t\t\t<div class=\"elementor-container elementor-column-gap-default\">\n\t\t\t\t\t<div class=\"elementor-column elementor-col-50 elementor-top-column elementor-element elementor-element-20d5cd5f\" data-id=\"20d5cd5f\" data-element_type=\"column\" data-e-type=\"column\" data-settings=\"{&quot;background_background&quot;:&quot;classic&quot;}\">\n\t\t\t<div class=\"elementor-widget-wrap elementor-element-populated\">\n\t\t\t\t\t\t<div class=\"elementor-element elementor-element-589353ce elementor-nav-menu__align-start section-menu elementor-nav-menu__text-align-center elementor-nav-menu--dropdown-tablet elementor-nav-menu--toggle elementor-nav-menu--burger elementor-widget elementor-widget-nav-menu\" data-id=\"589353ce\" data-element_type=\"widget\" data-e-type=\"widget\" data-settings=\"{&quot;layout&quot;:&quot;vertical&quot;,&quot;submenu_icon&quot;:{&quot;value&quot;:&quot;&lt;i class=\\&quot;fa fa-caret-down\\&quot; aria-hidden=\\&quot;true\\&quot;&gt;&lt;\\\/i&gt;&quot;,&quot;library&quot;:&quot;fa-solid&quot;},&quot;toggle&quot;:&quot;burger&quot;}\" data-widget_type=\"nav-menu.default\">\n\t\t\t\t<div class=\"elementor-widget-container\">\n\t\t\t\t\t\t\t\t<nav aria-label=\"Menu\" class=\"elementor-nav-menu--main elementor-nav-menu__container elementor-nav-menu--layout-vertical e--pointer-background e--animation-none\">\n\t\t\t\t<ul id=\"menu-1-589353ce\" class=\"elementor-nav-menu sm-vertical\"><li class=\"menu-item menu-item-type-post_type menu-item-object-page menu-item-694\"><a href=\"https:\/\/visualreklama.pl\/index.php\/elementy-aranzacji-wnetrz\/\" class=\"elementor-item\">Elementy aran\u017cacji wn\u0119trz<\/a><\/li>\n<li class=\"menu-item menu-item-type-post_type menu-item-object-page menu-item-695\"><a href=\"https:\/\/visualreklama.pl\/index.php\/elementy-aranzacji-wnetrz\/projekty-graficzne-i-wizualizacje\/\" class=\"elementor-item\">Projekty graficzne i wizualizacje<\/a><\/li>\n<li class=\"menu-item menu-item-type-post_type menu-item-object-page menu-item-696\"><a href=\"https:\/\/visualreklama.pl\/index.php\/elementy-aranzacji-wnetrz\/fototapety-z-montazem\/\" class=\"elementor-item\">Fototapety z monta\u017cem<\/a><\/li>\n<li class=\"menu-item menu-item-type-post_type menu-item-object-page menu-item-697\"><a href=\"https:\/\/visualreklama.pl\/index.php\/elementy-aranzacji-wnetrz\/panele-szklane-lacobele\/\" class=\"elementor-item\">Panele szklane<\/a><\/li>\n<li class=\"menu-item menu-item-type-post_type menu-item-object-page menu-item-1654\"><a href=\"https:\/\/visualreklama.pl\/index.php\/elementy-aranzacji-wnetrz\/lacobele\/\" class=\"elementor-item\">Lacobele<\/a><\/li>\n<li class=\"menu-item menu-item-type-post_type menu-item-object-page menu-item-1653\"><a href=\"https:\/\/visualreklama.pl\/index.php\/elementy-aranzacji-wnetrz\/nadruki-na-plytach-meblowych\/\" class=\"elementor-item\">Nadruki na p\u0142ytach meblowych<\/a><\/li>\n<li class=\"menu-item menu-item-type-post_type menu-item-object-page menu-item-698\"><a href=\"https:\/\/visualreklama.pl\/index.php\/elementy-aranzacji-wnetrz\/obrazy-na-szkle-i-plexi\/\" class=\"elementor-item\">Obrazy na szkle i plexi<\/a><\/li>\n<li class=\"menu-item menu-item-type-post_type menu-item-object-page menu-item-699\"><a href=\"https:\/\/visualreklama.pl\/index.php\/elementy-aranzacji-wnetrz\/obrazy-na-plotnie\/\" class=\"elementor-item\">Obrazy na p\u0142\u00f3tnie<\/a><\/li>\n<li class=\"menu-item menu-item-type-post_type menu-item-object-page menu-item-700\"><a href=\"https:\/\/visualreklama.pl\/index.php\/elementy-aranzacji-wnetrz\/systemy-wystawiennicze\/\" class=\"elementor-item\">Systemy wystawiennicze<\/a><\/li>\n<li class=\"menu-item menu-item-type-post_type menu-item-object-page menu-item-701\"><a href=\"https:\/\/visualreklama.pl\/index.php\/elementy-aranzacji-wnetrz\/identyfikacja-wizualna\/\" class=\"elementor-item\">Identyfikacja wizualna<\/a><\/li>\n<li class=\"menu-item menu-item-type-post_type menu-item-object-page menu-item-702\"><a href=\"https:\/\/visualreklama.pl\/index.php\/elementy-aranzacji-wnetrz\/fotografia-uzytkowa\/\" class=\"elementor-item\">Fotografia u\u017cytkowa<\/a><\/li>\n<\/ul>\t\t\t<\/nav>\n\t\t\t\t\t<div class=\"elementor-menu-toggle\" role=\"button\" tabindex=\"0\" aria-label=\"Menu Toggle\" aria-expanded=\"false\">\n\t\t\t<i aria-hidden=\"true\" role=\"presentation\" class=\"elementor-menu-toggle__icon--open eicon-menu-bar\"><\/i><i aria-hidden=\"true\" role=\"presentation\" class=\"elementor-menu-toggle__icon--close eicon-close\"><\/i>\t\t<\/div>\n\t\t\t\t\t<nav class=\"elementor-nav-menu--dropdown elementor-nav-menu__container\" aria-hidden=\"true\">\n\t\t\t\t<ul id=\"menu-2-589353ce\" class=\"elementor-nav-menu sm-vertical\"><li class=\"menu-item menu-item-type-post_type menu-item-object-page menu-item-694\"><a href=\"https:\/\/visualreklama.pl\/index.php\/elementy-aranzacji-wnetrz\/\" class=\"elementor-item\" tabindex=\"-1\">Elementy aran\u017cacji wn\u0119trz<\/a><\/li>\n<li class=\"menu-item menu-item-type-post_type menu-item-object-page menu-item-695\"><a href=\"https:\/\/visualreklama.pl\/index.php\/elementy-aranzacji-wnetrz\/projekty-graficzne-i-wizualizacje\/\" class=\"elementor-item\" tabindex=\"-1\">Projekty graficzne i wizualizacje<\/a><\/li>\n<li class=\"menu-item menu-item-type-post_type menu-item-object-page menu-item-696\"><a href=\"https:\/\/visualreklama.pl\/index.php\/elementy-aranzacji-wnetrz\/fototapety-z-montazem\/\" class=\"elementor-item\" tabindex=\"-1\">Fototapety z monta\u017cem<\/a><\/li>\n<li class=\"menu-item menu-item-type-post_type menu-item-object-page menu-item-697\"><a href=\"https:\/\/visualreklama.pl\/index.php\/elementy-aranzacji-wnetrz\/panele-szklane-lacobele\/\" class=\"elementor-item\" tabindex=\"-1\">Panele szklane<\/a><\/li>\n<li class=\"menu-item menu-item-type-post_type menu-item-object-page menu-item-1654\"><a href=\"https:\/\/visualreklama.pl\/index.php\/elementy-aranzacji-wnetrz\/lacobele\/\" class=\"elementor-item\" tabindex=\"-1\">Lacobele<\/a><\/li>\n<li class=\"menu-item menu-item-type-post_type menu-item-object-page menu-item-1653\"><a href=\"https:\/\/visualreklama.pl\/index.php\/elementy-aranzacji-wnetrz\/nadruki-na-plytach-meblowych\/\" class=\"elementor-item\" tabindex=\"-1\">Nadruki na p\u0142ytach meblowych<\/a><\/li>\n<li class=\"menu-item menu-item-type-post_type menu-item-object-page menu-item-698\"><a href=\"https:\/\/visualreklama.pl\/index.php\/elementy-aranzacji-wnetrz\/obrazy-na-szkle-i-plexi\/\" class=\"elementor-item\" tabindex=\"-1\">Obrazy na szkle i plexi<\/a><\/li>\n<li class=\"menu-item menu-item-type-post_type menu-item-object-page menu-item-699\"><a href=\"https:\/\/visualreklama.pl\/index.php\/elementy-aranzacji-wnetrz\/obrazy-na-plotnie\/\" class=\"elementor-item\" tabindex=\"-1\">Obrazy na p\u0142\u00f3tnie<\/a><\/li>\n<li class=\"menu-item menu-item-type-post_type menu-item-object-page menu-item-700\"><a href=\"https:\/\/visualreklama.pl\/index.php\/elementy-aranzacji-wnetrz\/systemy-wystawiennicze\/\" class=\"elementor-item\" tabindex=\"-1\">Systemy wystawiennicze<\/a><\/li>\n<li class=\"menu-item menu-item-type-post_type menu-item-object-page menu-item-701\"><a href=\"https:\/\/visualreklama.pl\/index.php\/elementy-aranzacji-wnetrz\/identyfikacja-wizualna\/\" class=\"elementor-item\" tabindex=\"-1\">Identyfikacja wizualna<\/a><\/li>\n<li class=\"menu-item menu-item-type-post_type menu-item-object-page menu-item-702\"><a href=\"https:\/\/visualreklama.pl\/index.php\/elementy-aranzacji-wnetrz\/fotografia-uzytkowa\/\" class=\"elementor-item\" tabindex=\"-1\">Fotografia u\u017cytkowa<\/a><\/li>\n<\/ul>\t\t\t<\/nav>\n\t\t\t\t\t\t<\/div>\n\t\t\t\t<\/div>\n\t\t\t\t\t<\/div>\n\t\t<\/div>\n\t\t\t\t<div class=\"elementor-column elementor-col-50 elementor-top-column elementor-element elementor-element-50a38f7e\" data-id=\"50a38f7e\" data-element_type=\"column\" data-e-type=\"column\" data-settings=\"{&quot;background_background&quot;:&quot;classic&quot;}\">\n\t\t\t<div class=\"elementor-widget-wrap elementor-element-populated\">\n\t\t\t\t\t<div class=\"elementor-background-overlay\"><\/div>\n\t\t\t\t\t\t<section class=\"elementor-section elementor-inner-section elementor-element elementor-element-6e17068 elementor-section-boxed elementor-section-height-default elementor-section-height-default\" data-id=\"6e17068\" data-element_type=\"section\" data-e-type=\"section\">\n\t\t\t\t\t\t<div class=\"elementor-container elementor-column-gap-no\">\n\t\t\t\t\t<div class=\"elementor-column elementor-col-100 elementor-inner-column elementor-element elementor-element-3c6c3314\" data-id=\"3c6c3314\" data-element_type=\"column\" data-e-type=\"column\">\n\t\t\t<div class=\"elementor-widget-wrap elementor-element-populated\">\n\t\t\t\t\t\t<div class=\"elementor-element elementor-element-a9f3d54 elementor-widget-divider--view-line elementor-widget elementor-widget-divider\" data-id=\"a9f3d54\" data-element_type=\"widget\" data-e-type=\"widget\" data-widget_type=\"divider.default\">\n\t\t\t\t<div class=\"elementor-widget-container\">\n\t\t\t\t\t\t\t<div class=\"elementor-divider\">\n\t\t\t<span class=\"elementor-divider-separator\">\n\t\t\t\t\t\t<\/span>\n\t\t<\/div>\n\t\t\t\t\t\t<\/div>\n\t\t\t\t<\/div>\n\t\t\t\t<div class=\"elementor-element elementor-element-458239f section-about-services elementor-widget elementor-widget-text-editor\" data-id=\"458239f\" data-element_type=\"widget\" data-e-type=\"widget\" data-widget_type=\"text-editor.default\">\n\t\t\t\t<div class=\"elementor-widget-container\">\n\t\t\t\t\t\t\t\t\t<p>S\u0105 doskona\u0142\u0105 dekoracj\u0105 \u015bcian w salonie, kuchni, sypialni, biurze, restauracji itp. Na szk\u0142o lub plexi nanosimy nadruk fotograficznej jako\u015bci. Grafik\u0119 wykonujemy od spodu, co sprawia wra\u017cenie g\u0142\u0119bi poprzez grubo\u015b\u0107 materia\u0142u i nadaje elegancki po\u0142ysk. Taki obraz montowany jest na \u015bcianie najcz\u0119\u015bciej za pomoc\u0105 ozdobnych dystans\u00f3w. Jest to bardzo ciekawy efekt dekoracyjny. Mo\u017ce by\u0107 wykorzystany jako oryginalny prezent.<\/p>\t\t\t\t\t\t\t\t<\/div>\n\t\t\t\t<\/div>\n\t\t\t\t\t<\/div>\n\t\t<\/div>\n\t\t\t\t\t<\/div>\n\t\t<\/section>\n\t\t\t\t\t<\/div>\n\t\t<\/div>\n\t\t\t\t\t<\/div>\n\t\t<\/div>\n\t\t\t\t<\/div>\n\t\t","protected":false},"excerpt":{"rendered":"<p>S\u0105 doskona\u0142\u0105 dekoracj\u0105 \u015bcian w salonie, kuchni, sypialni, biurze, restauracji itp. Na szk\u0142o lub plexi nanosimy nadruk fotograficznej jako\u015bci. Grafik\u0119 wykonujemy od spodu, co sprawia wra\u017cenie g\u0142\u0119bi poprzez grubo\u015b\u0107 materia\u0142u i nadaje elegancki po\u0142ysk. Taki obraz montowany jest na \u015bcianie najcz\u0119\u015bciej za pomoc\u0105 ozdobnych dystans\u00f3w. Jest to bardzo ciekawy efekt dekoracyjny. Mo\u017ce by\u0107 wykorzystany jako [&hellip;]<\/p>\n","protected":false},"author":1,"featured_media":0,"parent":377,"menu_order":4,"comment_status":"closed","ping_status":"closed","template":"elementor_header_footer","meta":{"footnotes":""},"class_list":["post-583","page","type-page","status-publish","hentry"],"_links":{"self":[{"href":"https:\/\/visualreklama.pl\/index.php\/wp-json\/wp\/v2\/pages\/583","targetHints":{"allow":["GET"]}}],"collection":[{"href":"https:\/\/visualreklama.pl\/index.php\/wp-json\/wp\/v2\/pages"}],"about":[{"href":"https:\/\/visualreklama.pl\/index.php\/wp-json\/wp\/v2\/types\/page"}],"author":[{"embeddable":true,"href":"https:\/\/visualreklama.pl\/index.php\/wp-json\/wp\/v2\/users\/1"}],"replies":[{"embeddable":true,"href":"https:\/\/visualreklama.pl\/index.php\/wp-json\/wp\/v2\/comments?post=583"}],"version-history":[{"count":18,"href":"https:\/\/visualreklama.pl\/index.php\/wp-json\/wp\/v2\/pages\/583\/revisions"}],"predecessor-version":[{"id":2515,"href":"https:\/\/visualreklama.pl\/index.php\/wp-json\/wp\/v2\/pages\/583\/revisions\/2515"}],"up":[{"embeddable":true,"href":"https:\/\/visualreklama.pl\/index.php\/wp-json\/wp\/v2\/pages\/377"}],"wp:attachment":[{"href":"https:\/\/visualreklama.pl\/index.php\/wp-json\/wp\/v2\/media?parent=583"}],"curies":[{"name":"wp","href":"https:\/\/api.w.org\/{rel}","templated":true}]}}