{"id":587,"date":"2019-02-09T14:34:17","date_gmt":"2019-02-09T13:34:17","guid":{"rendered":"http:\/\/visualreklama.pl\/?page_id=587"},"modified":"2019-06-24T16:30:53","modified_gmt":"2019-06-24T14:30:53","slug":"systemy-wystawiennicze","status":"publish","type":"page","link":"https:\/\/visualreklama.pl\/index.php\/elementy-aranzacji-wnetrz\/systemy-wystawiennicze\/","title":{"rendered":"Systemy wystawiennicze"},"content":{"rendered":"\t\t<div data-elementor-type=\"wp-post\" data-elementor-id=\"587\" class=\"elementor elementor-587\" data-elementor-post-type=\"page\">\n\t\t\t\t\t\t<section class=\"elementor-section elementor-top-section elementor-element elementor-element-7596f639 elementor-section-full_width elementor-hidden-desktop elementor-hidden-tablet elementor-section-height-default elementor-section-height-default\" data-id=\"7596f639\" data-element_type=\"section\" data-e-type=\"section\" data-settings=\"{&quot;background_background&quot;:&quot;classic&quot;}\">\n\t\t\t\t\t\t<div class=\"elementor-container elementor-column-gap-no\">\n\t\t\t\t\t<div class=\"elementor-column elementor-col-100 elementor-top-column elementor-element elementor-element-6601eb14\" data-id=\"6601eb14\" data-element_type=\"column\" data-e-type=\"column\">\n\t\t\t<div class=\"elementor-widget-wrap elementor-element-populated\">\n\t\t\t\t\t\t<div class=\"elementor-element elementor-element-1fb37f5d elementor-widget elementor-widget-image\" data-id=\"1fb37f5d\" data-element_type=\"widget\" data-e-type=\"widget\" data-widget_type=\"image.default\">\n\t\t\t\t<div class=\"elementor-widget-container\">\n\t\t\t\t\t\t\t\t\t\t\t\t\t\t\t<img fetchpriority=\"high\" decoding=\"async\" width=\"768\" height=\"552\" src=\"https:\/\/visualreklama.pl\/wp-content\/uploads\/2019\/04\/6-zdj\u0119cie-odniesienie-SYSTEMY-WYSTAWIENNICZE-768x552.jpg\" class=\"attachment-medium_large size-medium_large wp-image-1356\" alt=\"\" srcset=\"https:\/\/visualreklama.pl\/wp-content\/uploads\/2019\/04\/6-zdj\u0119cie-odniesienie-SYSTEMY-WYSTAWIENNICZE-768x552.jpg 768w, https:\/\/visualreklama.pl\/wp-content\/uploads\/2019\/04\/6-zdj\u0119cie-odniesienie-SYSTEMY-WYSTAWIENNICZE-300x216.jpg 300w, https:\/\/visualreklama.pl\/wp-content\/uploads\/2019\/04\/6-zdj\u0119cie-odniesienie-SYSTEMY-WYSTAWIENNICZE-1024x737.jpg 1024w, https:\/\/visualreklama.pl\/wp-content\/uploads\/2019\/04\/6-zdj\u0119cie-odniesienie-SYSTEMY-WYSTAWIENNICZE-e1560594177576.jpg 1000w\" sizes=\"(max-width: 768px) 100vw, 768px\" \/>\t\t\t\t\t\t\t\t\t\t\t\t\t\t\t<\/div>\n\t\t\t\t<\/div>\n\t\t\t\t<div class=\"elementor-element elementor-element-7219e125 section-about-services elementor-widget elementor-widget-text-editor\" data-id=\"7219e125\" data-element_type=\"widget\" data-e-type=\"widget\" data-widget_type=\"text-editor.default\">\n\t\t\t\t<div class=\"elementor-widget-container\">\n\t\t\t\t\t\t\t\t\t<p>Oferujemy szeroki wyb\u00f3r system\u00f3w ekspozycji wewn\u0119trznej gwarantuj\u0105cych jednocze\u015bnie wysoki poziom estetyki. Charakteryzuj\u0105 si\u0119 one uniwersalno\u015bci\u0105 i prostot\u0105 konstrukcji, \u0142atwo\u015bci\u0105 szybkiego monta\u017cu i demonta\u017cu. Tworz\u0105 je aluminiowe stela\u017ce, na kt\u00f3rych po roz\u0142o\u017ceniu i wysuni\u0119ciu z kasetki materia\u0142u pojawia si\u0119 grafika. Dodatkowym atutem jest integralna z produktem torba, u\u0142atwiaj\u0105ce wygodny transport takiej reklamy. <br \/>Poni\u017csze systemy s\u0105 niezast\u0105pionym narz\u0119dziem do wspomagania r\u00f3\u017cnego rodzaju dzia\u0142a\u0144 marketingowych. Doskonale nadaj\u0105 si\u0119 na targi, promocje, pokazy, szkolenia. Dzi\u0119ki niewielkiej wadze z powodzeniem wykorzystywane s\u0105 jako efektowna \u015bciana reklamowa czy t\u0142o do ekspozycji produkt\u00f3w lub us\u0142ug. Efektowny wygl\u0105d system\u00f3w tworzy wspania\u0142e miejsca spotka\u0144 z klientami. Istnieje mo\u017cliwo\u015b\u0107 zamawiania samych element\u00f3w graficznych, co umo\u017cliwia kilkukrotne wykorzystanie jednego systemu. Do najcz\u0119\u015bciej stosowanych system\u00f3w wystawienniczych zaliczaj\u0105 si\u0119:<\/p><ul><li>Roll-Up<\/li><li>\u015acianka wystawiennicza<\/li><li>L-baner<\/li><li>Lada promocyjna i degustacyjna<\/li><\/ul><p>\u00a0<\/p><p>Powy\u017csze propozycje wyst\u0119puj\u0105 w r\u00f3\u017cnych wariantach rozmiarowych, a co za tym idzie cenowych. Dlatego ka\u017cdy klient znajdzie dla siebie w\u0142a\u015bciwe rozwi\u0105zanie.<\/p>\t\t\t\t\t\t\t\t<\/div>\n\t\t\t\t<\/div>\n\t\t\t\t<div class=\"elementor-element elementor-element-55f54c70 elementor-nav-menu__align-center elementor-nav-menu__text-align-center elementor-nav-menu--dropdown-mobile elementor-widget elementor-widget-nav-menu\" data-id=\"55f54c70\" data-element_type=\"widget\" data-e-type=\"widget\" data-settings=\"{&quot;layout&quot;:&quot;vertical&quot;,&quot;submenu_icon&quot;:{&quot;value&quot;:&quot;&lt;i class=\\&quot;fa fa-caret-down\\&quot; aria-hidden=\\&quot;true\\&quot;&gt;&lt;\\\/i&gt;&quot;,&quot;library&quot;:&quot;fa-solid&quot;}}\" data-widget_type=\"nav-menu.default\">\n\t\t\t\t<div class=\"elementor-widget-container\">\n\t\t\t\t\t\t\t\t<nav aria-label=\"Menu\" class=\"elementor-nav-menu--main elementor-nav-menu__container elementor-nav-menu--layout-vertical e--pointer-background e--animation-none\">\n\t\t\t\t<ul id=\"menu-1-55f54c70\" class=\"elementor-nav-menu sm-vertical\"><li class=\"menu-item menu-item-type-post_type menu-item-object-page menu-item-694\"><a href=\"https:\/\/visualreklama.pl\/index.php\/elementy-aranzacji-wnetrz\/\" class=\"elementor-item\">Elementy aran\u017cacji wn\u0119trz<\/a><\/li>\n<li class=\"menu-item menu-item-type-post_type menu-item-object-page menu-item-695\"><a href=\"https:\/\/visualreklama.pl\/index.php\/elementy-aranzacji-wnetrz\/projekty-graficzne-i-wizualizacje\/\" class=\"elementor-item\">Projekty graficzne i wizualizacje<\/a><\/li>\n<li class=\"menu-item menu-item-type-post_type menu-item-object-page menu-item-696\"><a href=\"https:\/\/visualreklama.pl\/index.php\/elementy-aranzacji-wnetrz\/fototapety-z-montazem\/\" class=\"elementor-item\">Fototapety z monta\u017cem<\/a><\/li>\n<li class=\"menu-item menu-item-type-post_type menu-item-object-page menu-item-697\"><a href=\"https:\/\/visualreklama.pl\/index.php\/elementy-aranzacji-wnetrz\/panele-szklane-lacobele\/\" class=\"elementor-item\">Panele szklane<\/a><\/li>\n<li class=\"menu-item menu-item-type-post_type menu-item-object-page menu-item-1654\"><a href=\"https:\/\/visualreklama.pl\/index.php\/elementy-aranzacji-wnetrz\/lacobele\/\" class=\"elementor-item\">Lacobele<\/a><\/li>\n<li class=\"menu-item menu-item-type-post_type menu-item-object-page menu-item-1653\"><a href=\"https:\/\/visualreklama.pl\/index.php\/elementy-aranzacji-wnetrz\/nadruki-na-plytach-meblowych\/\" class=\"elementor-item\">Nadruki na p\u0142ytach meblowych<\/a><\/li>\n<li class=\"menu-item menu-item-type-post_type menu-item-object-page menu-item-698\"><a href=\"https:\/\/visualreklama.pl\/index.php\/elementy-aranzacji-wnetrz\/obrazy-na-szkle-i-plexi\/\" class=\"elementor-item\">Obrazy na szkle i plexi<\/a><\/li>\n<li class=\"menu-item menu-item-type-post_type menu-item-object-page menu-item-699\"><a href=\"https:\/\/visualreklama.pl\/index.php\/elementy-aranzacji-wnetrz\/obrazy-na-plotnie\/\" class=\"elementor-item\">Obrazy na p\u0142\u00f3tnie<\/a><\/li>\n<li class=\"menu-item menu-item-type-post_type menu-item-object-page menu-item-700\"><a href=\"https:\/\/visualreklama.pl\/index.php\/elementy-aranzacji-wnetrz\/systemy-wystawiennicze\/\" class=\"elementor-item\">Systemy wystawiennicze<\/a><\/li>\n<li class=\"menu-item menu-item-type-post_type menu-item-object-page menu-item-701\"><a href=\"https:\/\/visualreklama.pl\/index.php\/elementy-aranzacji-wnetrz\/identyfikacja-wizualna\/\" class=\"elementor-item\">Identyfikacja wizualna<\/a><\/li>\n<li class=\"menu-item menu-item-type-post_type menu-item-object-page menu-item-702\"><a href=\"https:\/\/visualreklama.pl\/index.php\/elementy-aranzacji-wnetrz\/fotografia-uzytkowa\/\" class=\"elementor-item\">Fotografia u\u017cytkowa<\/a><\/li>\n<\/ul>\t\t\t<\/nav>\n\t\t\t\t\t\t<nav class=\"elementor-nav-menu--dropdown elementor-nav-menu__container\" aria-hidden=\"true\">\n\t\t\t\t<ul id=\"menu-2-55f54c70\" class=\"elementor-nav-menu sm-vertical\"><li class=\"menu-item menu-item-type-post_type menu-item-object-page menu-item-694\"><a href=\"https:\/\/visualreklama.pl\/index.php\/elementy-aranzacji-wnetrz\/\" class=\"elementor-item\" tabindex=\"-1\">Elementy aran\u017cacji wn\u0119trz<\/a><\/li>\n<li class=\"menu-item menu-item-type-post_type menu-item-object-page menu-item-695\"><a href=\"https:\/\/visualreklama.pl\/index.php\/elementy-aranzacji-wnetrz\/projekty-graficzne-i-wizualizacje\/\" class=\"elementor-item\" tabindex=\"-1\">Projekty graficzne i wizualizacje<\/a><\/li>\n<li class=\"menu-item menu-item-type-post_type menu-item-object-page menu-item-696\"><a href=\"https:\/\/visualreklama.pl\/index.php\/elementy-aranzacji-wnetrz\/fototapety-z-montazem\/\" class=\"elementor-item\" tabindex=\"-1\">Fototapety z monta\u017cem<\/a><\/li>\n<li class=\"menu-item menu-item-type-post_type menu-item-object-page menu-item-697\"><a href=\"https:\/\/visualreklama.pl\/index.php\/elementy-aranzacji-wnetrz\/panele-szklane-lacobele\/\" class=\"elementor-item\" tabindex=\"-1\">Panele szklane<\/a><\/li>\n<li class=\"menu-item menu-item-type-post_type menu-item-object-page menu-item-1654\"><a href=\"https:\/\/visualreklama.pl\/index.php\/elementy-aranzacji-wnetrz\/lacobele\/\" class=\"elementor-item\" tabindex=\"-1\">Lacobele<\/a><\/li>\n<li class=\"menu-item menu-item-type-post_type menu-item-object-page menu-item-1653\"><a href=\"https:\/\/visualreklama.pl\/index.php\/elementy-aranzacji-wnetrz\/nadruki-na-plytach-meblowych\/\" class=\"elementor-item\" tabindex=\"-1\">Nadruki na p\u0142ytach meblowych<\/a><\/li>\n<li class=\"menu-item menu-item-type-post_type menu-item-object-page menu-item-698\"><a href=\"https:\/\/visualreklama.pl\/index.php\/elementy-aranzacji-wnetrz\/obrazy-na-szkle-i-plexi\/\" class=\"elementor-item\" tabindex=\"-1\">Obrazy na szkle i plexi<\/a><\/li>\n<li class=\"menu-item menu-item-type-post_type menu-item-object-page menu-item-699\"><a href=\"https:\/\/visualreklama.pl\/index.php\/elementy-aranzacji-wnetrz\/obrazy-na-plotnie\/\" class=\"elementor-item\" tabindex=\"-1\">Obrazy na p\u0142\u00f3tnie<\/a><\/li>\n<li class=\"menu-item menu-item-type-post_type menu-item-object-page menu-item-700\"><a href=\"https:\/\/visualreklama.pl\/index.php\/elementy-aranzacji-wnetrz\/systemy-wystawiennicze\/\" class=\"elementor-item\" tabindex=\"-1\">Systemy wystawiennicze<\/a><\/li>\n<li class=\"menu-item menu-item-type-post_type menu-item-object-page menu-item-701\"><a href=\"https:\/\/visualreklama.pl\/index.php\/elementy-aranzacji-wnetrz\/identyfikacja-wizualna\/\" class=\"elementor-item\" tabindex=\"-1\">Identyfikacja wizualna<\/a><\/li>\n<li class=\"menu-item menu-item-type-post_type menu-item-object-page menu-item-702\"><a href=\"https:\/\/visualreklama.pl\/index.php\/elementy-aranzacji-wnetrz\/fotografia-uzytkowa\/\" class=\"elementor-item\" tabindex=\"-1\">Fotografia u\u017cytkowa<\/a><\/li>\n<\/ul>\t\t\t<\/nav>\n\t\t\t\t\t\t<\/div>\n\t\t\t\t<\/div>\n\t\t\t\t\t<\/div>\n\t\t<\/div>\n\t\t\t\t\t<\/div>\n\t\t<\/section>\n\t\t\t\t<div class=\"elementor-section elementor-top-section elementor-element elementor-element-7b4a643 elementor-section-height-full elementor-section-items-stretch elementor-section-full_width elementor-hidden-phone elementor-section-height-default\" data-id=\"7b4a643\" data-element_type=\"section\" data-e-type=\"section\">\n\t\t\t\t\t\t\t<div class=\"elementor-background-overlay\"><\/div>\n\t\t\t\t\t\t\t<div class=\"elementor-container elementor-column-gap-default\">\n\t\t\t\t\t<div class=\"elementor-column elementor-col-50 elementor-top-column elementor-element elementor-element-1ee5cbb9\" data-id=\"1ee5cbb9\" data-element_type=\"column\" data-e-type=\"column\" data-settings=\"{&quot;background_background&quot;:&quot;classic&quot;}\">\n\t\t\t<div class=\"elementor-widget-wrap elementor-element-populated\">\n\t\t\t\t\t\t<div class=\"elementor-element elementor-element-2da5bd34 elementor-nav-menu__align-start section-menu elementor-nav-menu__text-align-center elementor-nav-menu--dropdown-mobile elementor-nav-menu--toggle elementor-nav-menu--burger elementor-widget elementor-widget-nav-menu\" data-id=\"2da5bd34\" data-element_type=\"widget\" data-e-type=\"widget\" data-settings=\"{&quot;layout&quot;:&quot;vertical&quot;,&quot;submenu_icon&quot;:{&quot;value&quot;:&quot;&lt;i class=\\&quot;fa fa-caret-down\\&quot; aria-hidden=\\&quot;true\\&quot;&gt;&lt;\\\/i&gt;&quot;,&quot;library&quot;:&quot;fa-solid&quot;},&quot;toggle&quot;:&quot;burger&quot;}\" data-widget_type=\"nav-menu.default\">\n\t\t\t\t<div class=\"elementor-widget-container\">\n\t\t\t\t\t\t\t\t<nav aria-label=\"Menu\" class=\"elementor-nav-menu--main elementor-nav-menu__container elementor-nav-menu--layout-vertical e--pointer-background e--animation-none\">\n\t\t\t\t<ul id=\"menu-1-2da5bd34\" class=\"elementor-nav-menu sm-vertical\"><li class=\"menu-item menu-item-type-post_type menu-item-object-page menu-item-694\"><a href=\"https:\/\/visualreklama.pl\/index.php\/elementy-aranzacji-wnetrz\/\" class=\"elementor-item\">Elementy aran\u017cacji wn\u0119trz<\/a><\/li>\n<li class=\"menu-item menu-item-type-post_type menu-item-object-page menu-item-695\"><a href=\"https:\/\/visualreklama.pl\/index.php\/elementy-aranzacji-wnetrz\/projekty-graficzne-i-wizualizacje\/\" class=\"elementor-item\">Projekty graficzne i wizualizacje<\/a><\/li>\n<li class=\"menu-item menu-item-type-post_type menu-item-object-page menu-item-696\"><a href=\"https:\/\/visualreklama.pl\/index.php\/elementy-aranzacji-wnetrz\/fototapety-z-montazem\/\" class=\"elementor-item\">Fototapety z monta\u017cem<\/a><\/li>\n<li class=\"menu-item menu-item-type-post_type menu-item-object-page menu-item-697\"><a href=\"https:\/\/visualreklama.pl\/index.php\/elementy-aranzacji-wnetrz\/panele-szklane-lacobele\/\" class=\"elementor-item\">Panele szklane<\/a><\/li>\n<li class=\"menu-item menu-item-type-post_type menu-item-object-page menu-item-1654\"><a href=\"https:\/\/visualreklama.pl\/index.php\/elementy-aranzacji-wnetrz\/lacobele\/\" class=\"elementor-item\">Lacobele<\/a><\/li>\n<li class=\"menu-item menu-item-type-post_type menu-item-object-page menu-item-1653\"><a href=\"https:\/\/visualreklama.pl\/index.php\/elementy-aranzacji-wnetrz\/nadruki-na-plytach-meblowych\/\" class=\"elementor-item\">Nadruki na p\u0142ytach meblowych<\/a><\/li>\n<li class=\"menu-item menu-item-type-post_type menu-item-object-page menu-item-698\"><a href=\"https:\/\/visualreklama.pl\/index.php\/elementy-aranzacji-wnetrz\/obrazy-na-szkle-i-plexi\/\" class=\"elementor-item\">Obrazy na szkle i plexi<\/a><\/li>\n<li class=\"menu-item menu-item-type-post_type menu-item-object-page menu-item-699\"><a href=\"https:\/\/visualreklama.pl\/index.php\/elementy-aranzacji-wnetrz\/obrazy-na-plotnie\/\" class=\"elementor-item\">Obrazy na p\u0142\u00f3tnie<\/a><\/li>\n<li class=\"menu-item menu-item-type-post_type menu-item-object-page menu-item-700\"><a href=\"https:\/\/visualreklama.pl\/index.php\/elementy-aranzacji-wnetrz\/systemy-wystawiennicze\/\" class=\"elementor-item\">Systemy wystawiennicze<\/a><\/li>\n<li class=\"menu-item menu-item-type-post_type menu-item-object-page menu-item-701\"><a href=\"https:\/\/visualreklama.pl\/index.php\/elementy-aranzacji-wnetrz\/identyfikacja-wizualna\/\" class=\"elementor-item\">Identyfikacja wizualna<\/a><\/li>\n<li class=\"menu-item menu-item-type-post_type menu-item-object-page menu-item-702\"><a href=\"https:\/\/visualreklama.pl\/index.php\/elementy-aranzacji-wnetrz\/fotografia-uzytkowa\/\" class=\"elementor-item\">Fotografia u\u017cytkowa<\/a><\/li>\n<\/ul>\t\t\t<\/nav>\n\t\t\t\t\t<div class=\"elementor-menu-toggle\" role=\"button\" tabindex=\"0\" aria-label=\"Menu Toggle\" aria-expanded=\"false\">\n\t\t\t<i aria-hidden=\"true\" role=\"presentation\" class=\"elementor-menu-toggle__icon--open eicon-menu-bar\"><\/i><i aria-hidden=\"true\" role=\"presentation\" class=\"elementor-menu-toggle__icon--close eicon-close\"><\/i>\t\t<\/div>\n\t\t\t\t\t<nav class=\"elementor-nav-menu--dropdown elementor-nav-menu__container\" aria-hidden=\"true\">\n\t\t\t\t<ul id=\"menu-2-2da5bd34\" class=\"elementor-nav-menu sm-vertical\"><li class=\"menu-item menu-item-type-post_type menu-item-object-page menu-item-694\"><a href=\"https:\/\/visualreklama.pl\/index.php\/elementy-aranzacji-wnetrz\/\" class=\"elementor-item\" tabindex=\"-1\">Elementy aran\u017cacji wn\u0119trz<\/a><\/li>\n<li class=\"menu-item menu-item-type-post_type menu-item-object-page menu-item-695\"><a href=\"https:\/\/visualreklama.pl\/index.php\/elementy-aranzacji-wnetrz\/projekty-graficzne-i-wizualizacje\/\" class=\"elementor-item\" tabindex=\"-1\">Projekty graficzne i wizualizacje<\/a><\/li>\n<li class=\"menu-item menu-item-type-post_type menu-item-object-page menu-item-696\"><a href=\"https:\/\/visualreklama.pl\/index.php\/elementy-aranzacji-wnetrz\/fototapety-z-montazem\/\" class=\"elementor-item\" tabindex=\"-1\">Fototapety z monta\u017cem<\/a><\/li>\n<li class=\"menu-item menu-item-type-post_type menu-item-object-page menu-item-697\"><a href=\"https:\/\/visualreklama.pl\/index.php\/elementy-aranzacji-wnetrz\/panele-szklane-lacobele\/\" class=\"elementor-item\" tabindex=\"-1\">Panele szklane<\/a><\/li>\n<li class=\"menu-item menu-item-type-post_type menu-item-object-page menu-item-1654\"><a href=\"https:\/\/visualreklama.pl\/index.php\/elementy-aranzacji-wnetrz\/lacobele\/\" class=\"elementor-item\" tabindex=\"-1\">Lacobele<\/a><\/li>\n<li class=\"menu-item menu-item-type-post_type menu-item-object-page menu-item-1653\"><a href=\"https:\/\/visualreklama.pl\/index.php\/elementy-aranzacji-wnetrz\/nadruki-na-plytach-meblowych\/\" class=\"elementor-item\" tabindex=\"-1\">Nadruki na p\u0142ytach meblowych<\/a><\/li>\n<li class=\"menu-item menu-item-type-post_type menu-item-object-page menu-item-698\"><a href=\"https:\/\/visualreklama.pl\/index.php\/elementy-aranzacji-wnetrz\/obrazy-na-szkle-i-plexi\/\" class=\"elementor-item\" tabindex=\"-1\">Obrazy na szkle i plexi<\/a><\/li>\n<li class=\"menu-item menu-item-type-post_type menu-item-object-page menu-item-699\"><a href=\"https:\/\/visualreklama.pl\/index.php\/elementy-aranzacji-wnetrz\/obrazy-na-plotnie\/\" class=\"elementor-item\" tabindex=\"-1\">Obrazy na p\u0142\u00f3tnie<\/a><\/li>\n<li class=\"menu-item menu-item-type-post_type menu-item-object-page menu-item-700\"><a href=\"https:\/\/visualreklama.pl\/index.php\/elementy-aranzacji-wnetrz\/systemy-wystawiennicze\/\" class=\"elementor-item\" tabindex=\"-1\">Systemy wystawiennicze<\/a><\/li>\n<li class=\"menu-item menu-item-type-post_type menu-item-object-page menu-item-701\"><a href=\"https:\/\/visualreklama.pl\/index.php\/elementy-aranzacji-wnetrz\/identyfikacja-wizualna\/\" class=\"elementor-item\" tabindex=\"-1\">Identyfikacja wizualna<\/a><\/li>\n<li class=\"menu-item menu-item-type-post_type menu-item-object-page menu-item-702\"><a href=\"https:\/\/visualreklama.pl\/index.php\/elementy-aranzacji-wnetrz\/fotografia-uzytkowa\/\" class=\"elementor-item\" tabindex=\"-1\">Fotografia u\u017cytkowa<\/a><\/li>\n<\/ul>\t\t\t<\/nav>\n\t\t\t\t\t\t<\/div>\n\t\t\t\t<\/div>\n\t\t\t\t\t<\/div>\n\t\t<\/div>\n\t\t\t\t<div class=\"elementor-column elementor-col-50 elementor-top-column elementor-element elementor-element-31177de6\" data-id=\"31177de6\" data-element_type=\"column\" data-e-type=\"column\" data-settings=\"{&quot;background_background&quot;:&quot;classic&quot;}\">\n\t\t\t<div class=\"elementor-widget-wrap elementor-element-populated\">\n\t\t\t\t\t<div class=\"elementor-background-overlay\"><\/div>\n\t\t\t\t\t\t<section class=\"elementor-section elementor-inner-section elementor-element elementor-element-71f1ae97 elementor-section-boxed elementor-section-height-default elementor-section-height-default\" data-id=\"71f1ae97\" data-element_type=\"section\" data-e-type=\"section\">\n\t\t\t\t\t\t<div class=\"elementor-container elementor-column-gap-no\">\n\t\t\t\t\t<div class=\"elementor-column elementor-col-100 elementor-inner-column elementor-element elementor-element-807265a\" data-id=\"807265a\" data-element_type=\"column\" data-e-type=\"column\">\n\t\t\t<div class=\"elementor-widget-wrap elementor-element-populated\">\n\t\t\t\t\t\t<div class=\"elementor-element elementor-element-770169d1 elementor-widget-divider--view-line elementor-widget elementor-widget-divider\" data-id=\"770169d1\" data-element_type=\"widget\" data-e-type=\"widget\" data-widget_type=\"divider.default\">\n\t\t\t\t<div class=\"elementor-widget-container\">\n\t\t\t\t\t\t\t<div class=\"elementor-divider\">\n\t\t\t<span class=\"elementor-divider-separator\">\n\t\t\t\t\t\t<\/span>\n\t\t<\/div>\n\t\t\t\t\t\t<\/div>\n\t\t\t\t<\/div>\n\t\t\t\t<div class=\"elementor-element elementor-element-6c22bea section-about-services elementor-widget elementor-widget-text-editor\" data-id=\"6c22bea\" data-element_type=\"widget\" data-e-type=\"widget\" data-widget_type=\"text-editor.default\">\n\t\t\t\t<div class=\"elementor-widget-container\">\n\t\t\t\t\t\t\t\t\t<p>Oferujemy szeroki wyb\u00f3r system\u00f3w ekspozycji wewn\u0119trznej gwarantuj\u0105cych jednocze\u015bnie wysoki poziom estetyki. Charakteryzuj\u0105 si\u0119 one uniwersalno\u015bci\u0105 i prostot\u0105 konstrukcji, \u0142atwo\u015bci\u0105 szybkiego monta\u017cu i demonta\u017cu. Tworz\u0105 je aluminiowe stela\u017ce, na kt\u00f3rych po roz\u0142o\u017ceniu i wysuni\u0119ciu z kasetki materia\u0142u pojawia si\u0119 grafika. Dodatkowym atutem jest integralna z produktem torba, u\u0142atwiaj\u0105ce wygodny transport takiej reklamy. <br \/>Poni\u017csze systemy s\u0105 niezast\u0105pionym narz\u0119dziem do wspomagania r\u00f3\u017cnego rodzaju dzia\u0142a\u0144 marketingowych. Doskonale nadaj\u0105 si\u0119 na targi, promocje, pokazy, szkolenia. Dzi\u0119ki niewielkiej wadze z powodzeniem wykorzystywane s\u0105 jako efektowna \u015bciana reklamowa czy t\u0142o do ekspozycji produkt\u00f3w lub us\u0142ug. Efektowny wygl\u0105d system\u00f3w tworzy wspania\u0142e miejsca spotka\u0144 z klientami. Istnieje mo\u017cliwo\u015b\u0107 zamawiania samych element\u00f3w graficznych, co umo\u017cliwia kilkukrotne wykorzystanie jednego systemu. Do najcz\u0119\u015bciej stosowanych system\u00f3w wystawienniczych zaliczaj\u0105 si\u0119:<\/p><ul><li>Roll-Up<\/li><li>\u015acianka wystawiennicza<\/li><li>L-baner<\/li><li>Lada promocyjna i degustacyjna<\/li><\/ul><p>\u00a0<\/p><p>Powy\u017csze propozycje wyst\u0119puj\u0105 w r\u00f3\u017cnych wariantach rozmiarowych, a co za tym idzie cenowych. Dlatego ka\u017cdy klient znajdzie dla siebie w\u0142a\u015bciwe rozwi\u0105zanie.<\/p>\t\t\t\t\t\t\t\t<\/div>\n\t\t\t\t<\/div>\n\t\t\t\t\t<\/div>\n\t\t<\/div>\n\t\t\t\t\t<\/div>\n\t\t<\/section>\n\t\t\t\t\t<\/div>\n\t\t<\/div>\n\t\t\t\t\t<\/div>\n\t\t<\/div>\n\t\t\t\t<\/div>\n\t\t","protected":false},"excerpt":{"rendered":"<p>Oferujemy szeroki wyb\u00f3r system\u00f3w ekspozycji wewn\u0119trznej gwarantuj\u0105cych jednocze\u015bnie wysoki poziom estetyki. Charakteryzuj\u0105 si\u0119 one uniwersalno\u015bci\u0105 i prostot\u0105 konstrukcji, \u0142atwo\u015bci\u0105 szybkiego monta\u017cu i demonta\u017cu. Tworz\u0105 je aluminiowe stela\u017ce, na kt\u00f3rych po roz\u0142o\u017ceniu i wysuni\u0119ciu z kasetki materia\u0142u pojawia si\u0119 grafika. Dodatkowym atutem jest integralna z produktem torba, u\u0142atwiaj\u0105ce wygodny transport takiej reklamy. Poni\u017csze systemy s\u0105 niezast\u0105pionym [&hellip;]<\/p>\n","protected":false},"author":1,"featured_media":0,"parent":377,"menu_order":6,"comment_status":"closed","ping_status":"closed","template":"elementor_header_footer","meta":{"footnotes":""},"class_list":["post-587","page","type-page","status-publish","hentry"],"_links":{"self":[{"href":"https:\/\/visualreklama.pl\/index.php\/wp-json\/wp\/v2\/pages\/587","targetHints":{"allow":["GET"]}}],"collection":[{"href":"https:\/\/visualreklama.pl\/index.php\/wp-json\/wp\/v2\/pages"}],"about":[{"href":"https:\/\/visualreklama.pl\/index.php\/wp-json\/wp\/v2\/types\/page"}],"author":[{"embeddable":true,"href":"https:\/\/visualreklama.pl\/index.php\/wp-json\/wp\/v2\/users\/1"}],"replies":[{"embeddable":true,"href":"https:\/\/visualreklama.pl\/index.php\/wp-json\/wp\/v2\/comments?post=587"}],"version-history":[{"count":33,"href":"https:\/\/visualreklama.pl\/index.php\/wp-json\/wp\/v2\/pages\/587\/revisions"}],"predecessor-version":[{"id":2526,"href":"https:\/\/visualreklama.pl\/index.php\/wp-json\/wp\/v2\/pages\/587\/revisions\/2526"}],"up":[{"embeddable":true,"href":"https:\/\/visualreklama.pl\/index.php\/wp-json\/wp\/v2\/pages\/377"}],"wp:attachment":[{"href":"https:\/\/visualreklama.pl\/index.php\/wp-json\/wp\/v2\/media?parent=587"}],"curies":[{"name":"wp","href":"https:\/\/api.w.org\/{rel}","templated":true}]}}