{"id":619,"date":"2019-02-09T14:48:38","date_gmt":"2019-02-09T13:48:38","guid":{"rendered":"http:\/\/visualreklama.pl\/?page_id=619"},"modified":"2019-06-24T16:35:57","modified_gmt":"2019-06-24T14:35:57","slug":"kalendarze-ksiazkowe","status":"publish","type":"page","link":"https:\/\/visualreklama.pl\/index.php\/poligrafia-reklamowa\/kalendarze\/kalendarze-ksiazkowe\/","title":{"rendered":"Kalendarze ksi\u0105\u017ckowe"},"content":{"rendered":"\t\t<div data-elementor-type=\"wp-post\" data-elementor-id=\"619\" class=\"elementor elementor-619\" data-elementor-post-type=\"page\">\n\t\t\t\t\t\t<section class=\"elementor-section elementor-top-section elementor-element elementor-element-1cf0cce4 elementor-section-full_width elementor-hidden-desktop elementor-hidden-tablet elementor-section-height-default elementor-section-height-default\" data-id=\"1cf0cce4\" data-element_type=\"section\" data-e-type=\"section\" data-settings=\"{&quot;background_background&quot;:&quot;classic&quot;}\">\n\t\t\t\t\t\t<div class=\"elementor-container elementor-column-gap-no\">\n\t\t\t\t\t<div class=\"elementor-column elementor-col-100 elementor-top-column elementor-element elementor-element-6afba60b\" data-id=\"6afba60b\" data-element_type=\"column\" data-e-type=\"column\">\n\t\t\t<div class=\"elementor-widget-wrap elementor-element-populated\">\n\t\t\t\t\t\t<div class=\"elementor-element elementor-element-4ffac430 elementor-widget elementor-widget-image\" data-id=\"4ffac430\" data-element_type=\"widget\" data-e-type=\"widget\" data-widget_type=\"image.default\">\n\t\t\t\t<div class=\"elementor-widget-container\">\n\t\t\t\t\t\t\t\t\t\t\t\t\t\t\t<img fetchpriority=\"high\" decoding=\"async\" width=\"768\" height=\"552\" src=\"https:\/\/visualreklama.pl\/wp-content\/uploads\/2019\/04\/12-zdj\u0119cie-odniesienie-POLIGRAFIA-768x552.jpg\" class=\"attachment-medium_large size-medium_large wp-image-1359\" alt=\"\" srcset=\"https:\/\/visualreklama.pl\/wp-content\/uploads\/2019\/04\/12-zdj\u0119cie-odniesienie-POLIGRAFIA-768x552.jpg 768w, https:\/\/visualreklama.pl\/wp-content\/uploads\/2019\/04\/12-zdj\u0119cie-odniesienie-POLIGRAFIA-300x216.jpg 300w, https:\/\/visualreklama.pl\/wp-content\/uploads\/2019\/04\/12-zdj\u0119cie-odniesienie-POLIGRAFIA-1024x737.jpg 1024w, https:\/\/visualreklama.pl\/wp-content\/uploads\/2019\/04\/12-zdj\u0119cie-odniesienie-POLIGRAFIA-e1560594206933.jpg 1000w\" sizes=\"(max-width: 768px) 100vw, 768px\" \/>\t\t\t\t\t\t\t\t\t\t\t\t\t\t\t<\/div>\n\t\t\t\t<\/div>\n\t\t\t\t<div class=\"elementor-element elementor-element-4275f304 section-about-services elementor-widget elementor-widget-text-editor\" data-id=\"4275f304\" data-element_type=\"widget\" data-e-type=\"widget\" data-widget_type=\"text-editor.default\">\n\t\t\t\t<div class=\"elementor-widget-container\">\n\t\t\t\t\t\t\t\t\t<p>s\u0105 praktyczne, wygodne w u\u017cytkowaniu i mo\u017cna je mie\u0107 zawsze przy sobie. Kalendarze ksi\u0105\u017ckowe posiadaj\u0105 kalendarium tygodniowe lub dzienne, nazwy miesi\u0119cy i dni tygodnia zapisane w czterech j\u0119zykach, zaznaczone niedziele i \u015bwi\u0119ta oraz ok\u0142adki w r\u00f3\u017cnych kolorach opraw. Mog\u0105 mie\u0107 przeszycia i \u0142\u0105czenia r\u00f3\u017cnych tkanin w dowolnie wybranej przez Klienta kompozycji. Dodatkowym atutem b\u0119dzie t\u0142oczone logo firmy. Wykonujemy tak\u017ce kalendarze w oprawie autorskiej z indywidualnym nadrukiem w pe\u0142nym kolorze z dodatkowymi uszlachetnieniami druku.<\/p>\t\t\t\t\t\t\t\t<\/div>\n\t\t\t\t<\/div>\n\t\t\t\t<div class=\"elementor-element elementor-element-44be9422 elementor-nav-menu__align-center elementor-nav-menu__text-align-center elementor-nav-menu--dropdown-mobile elementor-widget elementor-widget-nav-menu\" data-id=\"44be9422\" data-element_type=\"widget\" data-e-type=\"widget\" data-settings=\"{&quot;layout&quot;:&quot;vertical&quot;,&quot;submenu_icon&quot;:{&quot;value&quot;:&quot;&lt;i class=\\&quot;fa fa-caret-down\\&quot; aria-hidden=\\&quot;true\\&quot;&gt;&lt;\\\/i&gt;&quot;,&quot;library&quot;:&quot;fa-solid&quot;}}\" data-widget_type=\"nav-menu.default\">\n\t\t\t\t<div class=\"elementor-widget-container\">\n\t\t\t\t\t\t\t\t<nav aria-label=\"Menu\" class=\"elementor-nav-menu--main elementor-nav-menu__container elementor-nav-menu--layout-vertical e--pointer-background e--animation-none\">\n\t\t\t\t<ul id=\"menu-1-44be9422\" class=\"elementor-nav-menu sm-vertical\"><li class=\"menu-item menu-item-type-post_type menu-item-object-page menu-item-714\"><a href=\"https:\/\/visualreklama.pl\/index.php\/poligrafia-reklamowa\/\" class=\"elementor-item\">Poligrafia reklamowa<\/a><\/li>\n<li class=\"menu-item menu-item-type-post_type menu-item-object-page menu-item-has-children menu-item-716\"><a href=\"https:\/\/visualreklama.pl\/index.php\/poligrafia-reklamowa\/kalendarze\/\" class=\"elementor-item\">Kalendarze<\/a>\n<ul class=\"sub-menu elementor-nav-menu--dropdown\">\n\t<li class=\"menu-item menu-item-type-post_type menu-item-object-page menu-item-717\"><a href=\"https:\/\/visualreklama.pl\/index.php\/poligrafia-reklamowa\/kalendarze\/kalendarze-ksiazkowe\/\" class=\"elementor-sub-item\">Kalendarze ksi\u0105\u017ckowe<\/a><\/li>\n\t<li class=\"menu-item menu-item-type-post_type menu-item-object-page menu-item-718\"><a href=\"https:\/\/visualreklama.pl\/index.php\/poligrafia-reklamowa\/kalendarze\/kalendarze-trojdzielne-jednodzielne-czterodzielne\/\" class=\"elementor-sub-item\">Kalendarze tr\u00f3jdzielne, jednodzielne i czterodzielne<\/a><\/li>\n\t<li class=\"menu-item menu-item-type-post_type menu-item-object-page menu-item-719\"><a href=\"https:\/\/visualreklama.pl\/index.php\/poligrafia-reklamowa\/kalendarze\/kalendarze-jednoplanszowe-i-wieloplaszowe\/\" class=\"elementor-sub-item\">Kalendarze jednoplanszowe i wieloplanszowe<\/a><\/li>\n\t<li class=\"menu-item menu-item-type-post_type menu-item-object-page menu-item-2217\"><a href=\"https:\/\/visualreklama.pl\/index.php\/poligrafia-reklamowa\/kalendarze\/kalendarze-na-biurko-domki\/\" class=\"elementor-sub-item\">Kalendarze na biurko \u2013 domki<\/a><\/li>\n\t<li class=\"menu-item menu-item-type-post_type menu-item-object-page menu-item-2216\"><a href=\"https:\/\/visualreklama.pl\/index.php\/poligrafia-reklamowa\/kalendarze\/podklady-na-biurko-planery\/\" class=\"elementor-sub-item\">Podk\u0142ady na biurko, planery<\/a><\/li>\n\t<li class=\"menu-item menu-item-type-post_type menu-item-object-page menu-item-2215\"><a href=\"https:\/\/visualreklama.pl\/index.php\/poligrafia-reklamowa\/kalendarze\/kalendarze-na-magnesie\/\" class=\"elementor-sub-item\">Kalendarze na magnesie<\/a><\/li>\n<\/ul>\n<\/li>\n<\/ul>\t\t\t<\/nav>\n\t\t\t\t\t\t<nav class=\"elementor-nav-menu--dropdown elementor-nav-menu__container\" aria-hidden=\"true\">\n\t\t\t\t<ul id=\"menu-2-44be9422\" class=\"elementor-nav-menu sm-vertical\"><li class=\"menu-item menu-item-type-post_type menu-item-object-page menu-item-714\"><a href=\"https:\/\/visualreklama.pl\/index.php\/poligrafia-reklamowa\/\" class=\"elementor-item\" tabindex=\"-1\">Poligrafia reklamowa<\/a><\/li>\n<li class=\"menu-item menu-item-type-post_type menu-item-object-page menu-item-has-children menu-item-716\"><a href=\"https:\/\/visualreklama.pl\/index.php\/poligrafia-reklamowa\/kalendarze\/\" class=\"elementor-item\" tabindex=\"-1\">Kalendarze<\/a>\n<ul class=\"sub-menu elementor-nav-menu--dropdown\">\n\t<li class=\"menu-item menu-item-type-post_type menu-item-object-page menu-item-717\"><a href=\"https:\/\/visualreklama.pl\/index.php\/poligrafia-reklamowa\/kalendarze\/kalendarze-ksiazkowe\/\" class=\"elementor-sub-item\" tabindex=\"-1\">Kalendarze ksi\u0105\u017ckowe<\/a><\/li>\n\t<li class=\"menu-item menu-item-type-post_type menu-item-object-page menu-item-718\"><a href=\"https:\/\/visualreklama.pl\/index.php\/poligrafia-reklamowa\/kalendarze\/kalendarze-trojdzielne-jednodzielne-czterodzielne\/\" class=\"elementor-sub-item\" tabindex=\"-1\">Kalendarze tr\u00f3jdzielne, jednodzielne i czterodzielne<\/a><\/li>\n\t<li class=\"menu-item menu-item-type-post_type menu-item-object-page menu-item-719\"><a href=\"https:\/\/visualreklama.pl\/index.php\/poligrafia-reklamowa\/kalendarze\/kalendarze-jednoplanszowe-i-wieloplaszowe\/\" class=\"elementor-sub-item\" tabindex=\"-1\">Kalendarze jednoplanszowe i wieloplanszowe<\/a><\/li>\n\t<li class=\"menu-item menu-item-type-post_type menu-item-object-page menu-item-2217\"><a href=\"https:\/\/visualreklama.pl\/index.php\/poligrafia-reklamowa\/kalendarze\/kalendarze-na-biurko-domki\/\" class=\"elementor-sub-item\" tabindex=\"-1\">Kalendarze na biurko \u2013 domki<\/a><\/li>\n\t<li class=\"menu-item menu-item-type-post_type menu-item-object-page menu-item-2216\"><a href=\"https:\/\/visualreklama.pl\/index.php\/poligrafia-reklamowa\/kalendarze\/podklady-na-biurko-planery\/\" class=\"elementor-sub-item\" tabindex=\"-1\">Podk\u0142ady na biurko, planery<\/a><\/li>\n\t<li class=\"menu-item menu-item-type-post_type menu-item-object-page menu-item-2215\"><a href=\"https:\/\/visualreklama.pl\/index.php\/poligrafia-reklamowa\/kalendarze\/kalendarze-na-magnesie\/\" class=\"elementor-sub-item\" tabindex=\"-1\">Kalendarze na magnesie<\/a><\/li>\n<\/ul>\n<\/li>\n<\/ul>\t\t\t<\/nav>\n\t\t\t\t\t\t<\/div>\n\t\t\t\t<\/div>\n\t\t\t\t\t<\/div>\n\t\t<\/div>\n\t\t\t\t\t<\/div>\n\t\t<\/section>\n\t\t\t\t<div class=\"elementor-section elementor-top-section elementor-element elementor-element-578dfb50 elementor-section-height-full elementor-section-items-stretch elementor-section-full_width elementor-hidden-phone elementor-section-height-default\" data-id=\"578dfb50\" data-element_type=\"section\" data-e-type=\"section\">\n\t\t\t\t\t\t\t<div class=\"elementor-background-overlay\"><\/div>\n\t\t\t\t\t\t\t<div class=\"elementor-container elementor-column-gap-default\">\n\t\t\t\t\t<div class=\"elementor-column elementor-col-50 elementor-top-column elementor-element elementor-element-4b4cfe6c\" data-id=\"4b4cfe6c\" data-element_type=\"column\" data-e-type=\"column\" data-settings=\"{&quot;background_background&quot;:&quot;classic&quot;}\">\n\t\t\t<div class=\"elementor-widget-wrap elementor-element-populated\">\n\t\t\t\t\t\t<div class=\"elementor-element elementor-element-3a7ceae7 elementor-nav-menu__align-start section-menu elementor-nav-menu__text-align-center elementor-nav-menu--dropdown-tablet elementor-nav-menu--toggle elementor-nav-menu--burger elementor-widget elementor-widget-nav-menu\" data-id=\"3a7ceae7\" data-element_type=\"widget\" data-e-type=\"widget\" data-settings=\"{&quot;layout&quot;:&quot;vertical&quot;,&quot;submenu_icon&quot;:{&quot;value&quot;:&quot;&lt;i class=\\&quot;fa fa-caret-down\\&quot; aria-hidden=\\&quot;true\\&quot;&gt;&lt;\\\/i&gt;&quot;,&quot;library&quot;:&quot;fa-solid&quot;},&quot;toggle&quot;:&quot;burger&quot;}\" data-widget_type=\"nav-menu.default\">\n\t\t\t\t<div class=\"elementor-widget-container\">\n\t\t\t\t\t\t\t\t<nav aria-label=\"Menu\" class=\"elementor-nav-menu--main elementor-nav-menu__container elementor-nav-menu--layout-vertical e--pointer-background e--animation-none\">\n\t\t\t\t<ul id=\"menu-1-3a7ceae7\" class=\"elementor-nav-menu sm-vertical\"><li class=\"menu-item menu-item-type-post_type menu-item-object-page menu-item-714\"><a href=\"https:\/\/visualreklama.pl\/index.php\/poligrafia-reklamowa\/\" class=\"elementor-item\">Poligrafia reklamowa<\/a><\/li>\n<li class=\"menu-item menu-item-type-post_type menu-item-object-page menu-item-has-children menu-item-716\"><a href=\"https:\/\/visualreklama.pl\/index.php\/poligrafia-reklamowa\/kalendarze\/\" class=\"elementor-item\">Kalendarze<\/a>\n<ul class=\"sub-menu elementor-nav-menu--dropdown\">\n\t<li class=\"menu-item menu-item-type-post_type menu-item-object-page menu-item-717\"><a href=\"https:\/\/visualreklama.pl\/index.php\/poligrafia-reklamowa\/kalendarze\/kalendarze-ksiazkowe\/\" class=\"elementor-sub-item\">Kalendarze ksi\u0105\u017ckowe<\/a><\/li>\n\t<li class=\"menu-item menu-item-type-post_type menu-item-object-page menu-item-718\"><a href=\"https:\/\/visualreklama.pl\/index.php\/poligrafia-reklamowa\/kalendarze\/kalendarze-trojdzielne-jednodzielne-czterodzielne\/\" class=\"elementor-sub-item\">Kalendarze tr\u00f3jdzielne, jednodzielne i czterodzielne<\/a><\/li>\n\t<li class=\"menu-item menu-item-type-post_type menu-item-object-page menu-item-719\"><a href=\"https:\/\/visualreklama.pl\/index.php\/poligrafia-reklamowa\/kalendarze\/kalendarze-jednoplanszowe-i-wieloplaszowe\/\" class=\"elementor-sub-item\">Kalendarze jednoplanszowe i wieloplanszowe<\/a><\/li>\n\t<li class=\"menu-item menu-item-type-post_type menu-item-object-page menu-item-2217\"><a href=\"https:\/\/visualreklama.pl\/index.php\/poligrafia-reklamowa\/kalendarze\/kalendarze-na-biurko-domki\/\" class=\"elementor-sub-item\">Kalendarze na biurko \u2013 domki<\/a><\/li>\n\t<li class=\"menu-item menu-item-type-post_type menu-item-object-page menu-item-2216\"><a href=\"https:\/\/visualreklama.pl\/index.php\/poligrafia-reklamowa\/kalendarze\/podklady-na-biurko-planery\/\" class=\"elementor-sub-item\">Podk\u0142ady na biurko, planery<\/a><\/li>\n\t<li class=\"menu-item menu-item-type-post_type menu-item-object-page menu-item-2215\"><a href=\"https:\/\/visualreklama.pl\/index.php\/poligrafia-reklamowa\/kalendarze\/kalendarze-na-magnesie\/\" class=\"elementor-sub-item\">Kalendarze na magnesie<\/a><\/li>\n<\/ul>\n<\/li>\n<\/ul>\t\t\t<\/nav>\n\t\t\t\t\t<div class=\"elementor-menu-toggle\" role=\"button\" tabindex=\"0\" aria-label=\"Menu Toggle\" aria-expanded=\"false\">\n\t\t\t<i aria-hidden=\"true\" role=\"presentation\" class=\"elementor-menu-toggle__icon--open eicon-menu-bar\"><\/i><i aria-hidden=\"true\" role=\"presentation\" class=\"elementor-menu-toggle__icon--close eicon-close\"><\/i>\t\t<\/div>\n\t\t\t\t\t<nav class=\"elementor-nav-menu--dropdown elementor-nav-menu__container\" aria-hidden=\"true\">\n\t\t\t\t<ul id=\"menu-2-3a7ceae7\" class=\"elementor-nav-menu sm-vertical\"><li class=\"menu-item menu-item-type-post_type menu-item-object-page menu-item-714\"><a href=\"https:\/\/visualreklama.pl\/index.php\/poligrafia-reklamowa\/\" class=\"elementor-item\" tabindex=\"-1\">Poligrafia reklamowa<\/a><\/li>\n<li class=\"menu-item menu-item-type-post_type menu-item-object-page menu-item-has-children menu-item-716\"><a href=\"https:\/\/visualreklama.pl\/index.php\/poligrafia-reklamowa\/kalendarze\/\" class=\"elementor-item\" tabindex=\"-1\">Kalendarze<\/a>\n<ul class=\"sub-menu elementor-nav-menu--dropdown\">\n\t<li class=\"menu-item menu-item-type-post_type menu-item-object-page menu-item-717\"><a href=\"https:\/\/visualreklama.pl\/index.php\/poligrafia-reklamowa\/kalendarze\/kalendarze-ksiazkowe\/\" class=\"elementor-sub-item\" tabindex=\"-1\">Kalendarze ksi\u0105\u017ckowe<\/a><\/li>\n\t<li class=\"menu-item menu-item-type-post_type menu-item-object-page menu-item-718\"><a href=\"https:\/\/visualreklama.pl\/index.php\/poligrafia-reklamowa\/kalendarze\/kalendarze-trojdzielne-jednodzielne-czterodzielne\/\" class=\"elementor-sub-item\" tabindex=\"-1\">Kalendarze tr\u00f3jdzielne, jednodzielne i czterodzielne<\/a><\/li>\n\t<li class=\"menu-item menu-item-type-post_type menu-item-object-page menu-item-719\"><a href=\"https:\/\/visualreklama.pl\/index.php\/poligrafia-reklamowa\/kalendarze\/kalendarze-jednoplanszowe-i-wieloplaszowe\/\" class=\"elementor-sub-item\" tabindex=\"-1\">Kalendarze jednoplanszowe i wieloplanszowe<\/a><\/li>\n\t<li class=\"menu-item menu-item-type-post_type menu-item-object-page menu-item-2217\"><a href=\"https:\/\/visualreklama.pl\/index.php\/poligrafia-reklamowa\/kalendarze\/kalendarze-na-biurko-domki\/\" class=\"elementor-sub-item\" tabindex=\"-1\">Kalendarze na biurko \u2013 domki<\/a><\/li>\n\t<li class=\"menu-item menu-item-type-post_type menu-item-object-page menu-item-2216\"><a href=\"https:\/\/visualreklama.pl\/index.php\/poligrafia-reklamowa\/kalendarze\/podklady-na-biurko-planery\/\" class=\"elementor-sub-item\" tabindex=\"-1\">Podk\u0142ady na biurko, planery<\/a><\/li>\n\t<li class=\"menu-item menu-item-type-post_type menu-item-object-page menu-item-2215\"><a href=\"https:\/\/visualreklama.pl\/index.php\/poligrafia-reklamowa\/kalendarze\/kalendarze-na-magnesie\/\" class=\"elementor-sub-item\" tabindex=\"-1\">Kalendarze na magnesie<\/a><\/li>\n<\/ul>\n<\/li>\n<\/ul>\t\t\t<\/nav>\n\t\t\t\t\t\t<\/div>\n\t\t\t\t<\/div>\n\t\t\t\t\t<\/div>\n\t\t<\/div>\n\t\t\t\t<div class=\"elementor-column elementor-col-50 elementor-top-column elementor-element elementor-element-3d86433c\" data-id=\"3d86433c\" data-element_type=\"column\" data-e-type=\"column\" data-settings=\"{&quot;background_background&quot;:&quot;classic&quot;}\">\n\t\t\t<div class=\"elementor-widget-wrap elementor-element-populated\">\n\t\t\t\t\t<div class=\"elementor-background-overlay\"><\/div>\n\t\t\t\t\t\t<section class=\"elementor-section elementor-inner-section elementor-element elementor-element-190ccbae elementor-section-boxed elementor-section-height-default elementor-section-height-default\" data-id=\"190ccbae\" data-element_type=\"section\" data-e-type=\"section\">\n\t\t\t\t\t\t<div class=\"elementor-container elementor-column-gap-no\">\n\t\t\t\t\t<div class=\"elementor-column elementor-col-100 elementor-inner-column elementor-element elementor-element-1dda7208\" data-id=\"1dda7208\" data-element_type=\"column\" data-e-type=\"column\">\n\t\t\t<div class=\"elementor-widget-wrap elementor-element-populated\">\n\t\t\t\t\t\t<div class=\"elementor-element elementor-element-7e822020 elementor-widget-divider--view-line elementor-widget elementor-widget-divider\" data-id=\"7e822020\" data-element_type=\"widget\" data-e-type=\"widget\" data-widget_type=\"divider.default\">\n\t\t\t\t<div class=\"elementor-widget-container\">\n\t\t\t\t\t\t\t<div class=\"elementor-divider\">\n\t\t\t<span class=\"elementor-divider-separator\">\n\t\t\t\t\t\t<\/span>\n\t\t<\/div>\n\t\t\t\t\t\t<\/div>\n\t\t\t\t<\/div>\n\t\t\t\t<div class=\"elementor-element elementor-element-6e58a4ba section-about-services elementor-widget elementor-widget-text-editor\" data-id=\"6e58a4ba\" data-element_type=\"widget\" data-e-type=\"widget\" data-widget_type=\"text-editor.default\">\n\t\t\t\t<div class=\"elementor-widget-container\">\n\t\t\t\t\t\t\t\t\t<p>s\u0105 praktyczne, wygodne w u\u017cytkowaniu i mo\u017cna je mie\u0107 zawsze przy sobie. Kalendarze ksi\u0105\u017ckowe posiadaj\u0105 kalendarium tygodniowe lub dzienne, nazwy miesi\u0119cy i dni tygodnia zapisane w czterech j\u0119zykach, zaznaczone niedziele i \u015bwi\u0119ta oraz ok\u0142adki w r\u00f3\u017cnych kolorach opraw. Mog\u0105 mie\u0107 przeszycia i \u0142\u0105czenia r\u00f3\u017cnych tkanin w dowolnie wybranej przez Klienta kompozycji. Dodatkowym atutem b\u0119dzie t\u0142oczone logo firmy. Wykonujemy tak\u017ce kalendarze w oprawie autorskiej z indywidualnym nadrukiem w pe\u0142nym kolorze z dodatkowymi uszlachetnieniami druku.<\/p>\t\t\t\t\t\t\t\t<\/div>\n\t\t\t\t<\/div>\n\t\t\t\t\t<\/div>\n\t\t<\/div>\n\t\t\t\t\t<\/div>\n\t\t<\/section>\n\t\t\t\t\t<\/div>\n\t\t<\/div>\n\t\t\t\t\t<\/div>\n\t\t<\/div>\n\t\t\t\t<\/div>\n\t\t","protected":false},"excerpt":{"rendered":"<p>s\u0105 praktyczne, wygodne w u\u017cytkowaniu i mo\u017cna je mie\u0107 zawsze przy sobie. Kalendarze ksi\u0105\u017ckowe posiadaj\u0105 kalendarium tygodniowe lub dzienne, nazwy miesi\u0119cy i dni tygodnia zapisane w czterech j\u0119zykach, zaznaczone niedziele i \u015bwi\u0119ta oraz ok\u0142adki w r\u00f3\u017cnych kolorach opraw. Mog\u0105 mie\u0107 przeszycia i \u0142\u0105czenia r\u00f3\u017cnych tkanin w dowolnie wybranej przez Klienta kompozycji. Dodatkowym atutem b\u0119dzie t\u0142oczone [&hellip;]<\/p>\n","protected":false},"author":1,"featured_media":0,"parent":617,"menu_order":1,"comment_status":"closed","ping_status":"closed","template":"elementor_header_footer","meta":{"footnotes":""},"class_list":["post-619","page","type-page","status-publish","hentry"],"_links":{"self":[{"href":"https:\/\/visualreklama.pl\/index.php\/wp-json\/wp\/v2\/pages\/619","targetHints":{"allow":["GET"]}}],"collection":[{"href":"https:\/\/visualreklama.pl\/index.php\/wp-json\/wp\/v2\/pages"}],"about":[{"href":"https:\/\/visualreklama.pl\/index.php\/wp-json\/wp\/v2\/types\/page"}],"author":[{"embeddable":true,"href":"https:\/\/visualreklama.pl\/index.php\/wp-json\/wp\/v2\/users\/1"}],"replies":[{"embeddable":true,"href":"https:\/\/visualreklama.pl\/index.php\/wp-json\/wp\/v2\/comments?post=619"}],"version-history":[{"count":20,"href":"https:\/\/visualreklama.pl\/index.php\/wp-json\/wp\/v2\/pages\/619\/revisions"}],"predecessor-version":[{"id":2557,"href":"https:\/\/visualreklama.pl\/index.php\/wp-json\/wp\/v2\/pages\/619\/revisions\/2557"}],"up":[{"embeddable":true,"href":"https:\/\/visualreklama.pl\/index.php\/wp-json\/wp\/v2\/pages\/617"}],"wp:attachment":[{"href":"https:\/\/visualreklama.pl\/index.php\/wp-json\/wp\/v2\/media?parent=619"}],"curies":[{"name":"wp","href":"https:\/\/api.w.org\/{rel}","templated":true}]}}