{"id":635,"date":"2019-02-09T16:19:08","date_gmt":"2019-02-09T15:19:08","guid":{"rendered":"http:\/\/visualreklama.pl\/?page_id=635"},"modified":"2019-06-24T16:46:43","modified_gmt":"2019-06-24T14:46:43","slug":"reczniki-drukowane-i-z-haftem","status":"publish","type":"page","link":"https:\/\/visualreklama.pl\/index.php\/odziez-i-upominki\/reczniki-drukowane-i-z-haftem\/","title":{"rendered":"R\u0119czniki drukowane i z haftem"},"content":{"rendered":"\t\t<div data-elementor-type=\"wp-post\" data-elementor-id=\"635\" class=\"elementor elementor-635\" data-elementor-post-type=\"page\">\n\t\t\t\t\t\t<section class=\"elementor-section elementor-top-section elementor-element elementor-element-486819cd elementor-section-full_width elementor-hidden-desktop elementor-hidden-tablet elementor-section-height-default elementor-section-height-default\" data-id=\"486819cd\" data-element_type=\"section\" data-e-type=\"section\" data-settings=\"{&quot;background_background&quot;:&quot;classic&quot;}\">\n\t\t\t\t\t\t<div class=\"elementor-container elementor-column-gap-no\">\n\t\t\t\t\t<div class=\"elementor-column elementor-col-100 elementor-top-column elementor-element elementor-element-6ac96fa\" data-id=\"6ac96fa\" data-element_type=\"column\" data-e-type=\"column\">\n\t\t\t<div class=\"elementor-widget-wrap elementor-element-populated\">\n\t\t\t\t\t\t<div class=\"elementor-element elementor-element-2606b9c9 elementor-widget elementor-widget-image\" data-id=\"2606b9c9\" data-element_type=\"widget\" data-e-type=\"widget\" data-widget_type=\"image.default\">\n\t\t\t\t<div class=\"elementor-widget-container\">\n\t\t\t\t\t\t\t\t\t\t\t\t\t\t\t<img fetchpriority=\"high\" decoding=\"async\" width=\"768\" height=\"512\" src=\"https:\/\/visualreklama.pl\/wp-content\/uploads\/2019\/06\/r\u0119czniki-768x512.jpg\" class=\"attachment-medium_large size-medium_large wp-image-1996\" alt=\"\" srcset=\"https:\/\/visualreklama.pl\/wp-content\/uploads\/2019\/06\/r\u0119czniki-768x512.jpg 768w, https:\/\/visualreklama.pl\/wp-content\/uploads\/2019\/06\/r\u0119czniki-300x200.jpg 300w, https:\/\/visualreklama.pl\/wp-content\/uploads\/2019\/06\/r\u0119czniki-1024x683.jpg 1024w, https:\/\/visualreklama.pl\/wp-content\/uploads\/2019\/06\/r\u0119czniki-e1561194242168.jpg 1500w\" sizes=\"(max-width: 768px) 100vw, 768px\" \/>\t\t\t\t\t\t\t\t\t\t\t\t\t\t\t<\/div>\n\t\t\t\t<\/div>\n\t\t\t\t<div class=\"elementor-element elementor-element-27b2b6bc section-about-services elementor-widget elementor-widget-text-editor\" data-id=\"27b2b6bc\" data-element_type=\"widget\" data-e-type=\"widget\" data-widget_type=\"text-editor.default\">\n\t\t\t\t<div class=\"elementor-widget-container\">\n\t\t\t\t\t\t\t\t\t<p>Znakujemy wszelkiego rodzaju r\u0119czniki (frotte, sportowe &#8211; szybkoschn\u0105ce) za pomoc\u0105 bezpo\u015bredniego nadruku na ca\u0142ej powierzcni, lub na jej cz\u0119\u015bci, a tak\u017ce metod\u0105 termotransferu lub haftu. Oferujemy produkty kilkudzi\u0119sieciu marek w r\u00f3\u017cnych wariantach kolorystycznych i rozmiarach.<\/p>\t\t\t\t\t\t\t\t<\/div>\n\t\t\t\t<\/div>\n\t\t\t\t<div class=\"elementor-element elementor-element-9115798 elementor-nav-menu__align-center elementor-nav-menu__text-align-center elementor-nav-menu--dropdown-mobile elementor-widget elementor-widget-nav-menu\" data-id=\"9115798\" data-element_type=\"widget\" data-e-type=\"widget\" data-settings=\"{&quot;layout&quot;:&quot;vertical&quot;,&quot;submenu_icon&quot;:{&quot;value&quot;:&quot;&lt;i class=\\&quot;fa fa-caret-down\\&quot; aria-hidden=\\&quot;true\\&quot;&gt;&lt;\\\/i&gt;&quot;,&quot;library&quot;:&quot;fa-solid&quot;}}\" data-widget_type=\"nav-menu.default\">\n\t\t\t\t<div class=\"elementor-widget-container\">\n\t\t\t\t\t\t\t\t<nav aria-label=\"Menu\" class=\"elementor-nav-menu--main elementor-nav-menu__container elementor-nav-menu--layout-vertical e--pointer-background e--animation-none\">\n\t\t\t\t<ul id=\"menu-1-9115798\" class=\"elementor-nav-menu sm-vertical\"><li class=\"menu-item menu-item-type-post_type menu-item-object-page menu-item-720\"><a href=\"https:\/\/visualreklama.pl\/index.php\/odziez-i-upominki\/\" class=\"elementor-item\">Odzie\u017c i upominki<\/a><\/li>\n<li class=\"menu-item menu-item-type-post_type menu-item-object-page menu-item-721\"><a href=\"https:\/\/visualreklama.pl\/index.php\/odziez-i-upominki\/odziez-sportowa-biznesowa-robocza\/\" class=\"elementor-item\">Odzie\u017c sportowa, biznesowa, robocza<\/a><\/li>\n<li class=\"menu-item menu-item-type-post_type menu-item-object-page menu-item-722\"><a href=\"https:\/\/visualreklama.pl\/index.php\/odziez-i-upominki\/torby-plecaki-z-logo\/\" class=\"elementor-item\">Torby, plecaki z logo<\/a><\/li>\n<li class=\"menu-item menu-item-type-post_type menu-item-object-page menu-item-723\"><a href=\"https:\/\/visualreklama.pl\/index.php\/odziez-i-upominki\/reczniki-drukowane-i-z-haftem\/\" class=\"elementor-item\">R\u0119czniki drukowane i z haftem<\/a><\/li>\n<li class=\"menu-item menu-item-type-post_type menu-item-object-page menu-item-724\"><a href=\"https:\/\/visualreklama.pl\/index.php\/odziez-i-upominki\/odziez-bhp\/\" class=\"elementor-item\">Odzie\u017c BHP<\/a><\/li>\n<li class=\"menu-item menu-item-type-post_type menu-item-object-page menu-item-has-children menu-item-725\"><a href=\"https:\/\/visualreklama.pl\/index.php\/odziez-i-upominki\/upominki-z-logo\/\" class=\"elementor-item\">Upominki z logo<\/a>\n<ul class=\"sub-menu elementor-nav-menu--dropdown\">\n\t<li class=\"menu-item menu-item-type-custom menu-item-object-custom menu-item-2600\"><a href=\"http:\/\/pen4you.pl\/visualreklama\/oferta\/\" class=\"elementor-sub-item\">D\u0142ugopisy plastikowe<\/a><\/li>\n\t<li class=\"menu-item menu-item-type-custom menu-item-object-custom menu-item-2601\"><a href=\"http:\/\/www.kolekcja-millenium.pl\/pl\/dlugopis.php?s=1&#038;g=1\" class=\"elementor-sub-item\">D\u0142ugopisy metalowe<\/a><\/li>\n\t<li class=\"menu-item menu-item-type-custom menu-item-object-custom menu-item-2602\"><a href=\"https:\/\/www.royaldesign.pl\/products\" class=\"elementor-sub-item\">Upominki reklamowe<\/a><\/li>\n\t<li class=\"menu-item menu-item-type-custom menu-item-object-custom menu-item-2603\"><a href=\"http:\/\/www.its-easy-now.tiphost.net\/pl-123ce316d60d\/visual-anna-zelazek\" class=\"elementor-sub-item\">Katalog produkt\u00f3w reklamowych 1<\/a><\/li>\n\t<li class=\"menu-item menu-item-type-custom menu-item-object-custom menu-item-2604\"><a href=\"http:\/\/www.m-collection.tiphost.net\/index.php?lang=pl&#038;vkey=d6a692a7980d\" class=\"elementor-sub-item\">Katalog produkt\u00f3w reklamowych 2<\/a><\/li>\n<\/ul>\n<\/li>\n<li class=\"menu-item menu-item-type-post_type menu-item-object-page menu-item-726\"><a href=\"https:\/\/visualreklama.pl\/index.php\/odziez-i-upominki\/galanteria-skorzana\/\" class=\"elementor-item\">Galanteria sk\u00f3rzana<\/a><\/li>\n<li class=\"menu-item menu-item-type-post_type menu-item-object-page menu-item-727\"><a href=\"https:\/\/visualreklama.pl\/index.php\/odziez-i-upominki\/ceramika-z-logo\/\" class=\"elementor-item\">Ceramika z logo<\/a><\/li>\n<li class=\"menu-item menu-item-type-post_type menu-item-object-page menu-item-728\"><a href=\"https:\/\/visualreklama.pl\/index.php\/odziez-i-upominki\/usb-power-banki-pendrive\/\" class=\"elementor-item\">USB, power banki, pendrive<\/a><\/li>\n<li class=\"menu-item menu-item-type-post_type menu-item-object-page menu-item-729\"><a href=\"https:\/\/visualreklama.pl\/index.php\/odziez-i-upominki\/podziekowania-puchary-medale\/\" class=\"elementor-item\">Podzi\u0119kowania, puchary, medale<\/a><\/li>\n<\/ul>\t\t\t<\/nav>\n\t\t\t\t\t\t<nav class=\"elementor-nav-menu--dropdown elementor-nav-menu__container\" aria-hidden=\"true\">\n\t\t\t\t<ul id=\"menu-2-9115798\" class=\"elementor-nav-menu sm-vertical\"><li class=\"menu-item menu-item-type-post_type menu-item-object-page menu-item-720\"><a href=\"https:\/\/visualreklama.pl\/index.php\/odziez-i-upominki\/\" class=\"elementor-item\" tabindex=\"-1\">Odzie\u017c i upominki<\/a><\/li>\n<li class=\"menu-item menu-item-type-post_type menu-item-object-page menu-item-721\"><a href=\"https:\/\/visualreklama.pl\/index.php\/odziez-i-upominki\/odziez-sportowa-biznesowa-robocza\/\" class=\"elementor-item\" tabindex=\"-1\">Odzie\u017c sportowa, biznesowa, robocza<\/a><\/li>\n<li class=\"menu-item menu-item-type-post_type menu-item-object-page menu-item-722\"><a href=\"https:\/\/visualreklama.pl\/index.php\/odziez-i-upominki\/torby-plecaki-z-logo\/\" class=\"elementor-item\" tabindex=\"-1\">Torby, plecaki z logo<\/a><\/li>\n<li class=\"menu-item menu-item-type-post_type menu-item-object-page menu-item-723\"><a href=\"https:\/\/visualreklama.pl\/index.php\/odziez-i-upominki\/reczniki-drukowane-i-z-haftem\/\" class=\"elementor-item\" tabindex=\"-1\">R\u0119czniki drukowane i z haftem<\/a><\/li>\n<li class=\"menu-item menu-item-type-post_type menu-item-object-page menu-item-724\"><a href=\"https:\/\/visualreklama.pl\/index.php\/odziez-i-upominki\/odziez-bhp\/\" class=\"elementor-item\" tabindex=\"-1\">Odzie\u017c BHP<\/a><\/li>\n<li class=\"menu-item menu-item-type-post_type menu-item-object-page menu-item-has-children menu-item-725\"><a href=\"https:\/\/visualreklama.pl\/index.php\/odziez-i-upominki\/upominki-z-logo\/\" class=\"elementor-item\" tabindex=\"-1\">Upominki z logo<\/a>\n<ul class=\"sub-menu elementor-nav-menu--dropdown\">\n\t<li class=\"menu-item menu-item-type-custom menu-item-object-custom menu-item-2600\"><a href=\"http:\/\/pen4you.pl\/visualreklama\/oferta\/\" class=\"elementor-sub-item\" tabindex=\"-1\">D\u0142ugopisy plastikowe<\/a><\/li>\n\t<li class=\"menu-item menu-item-type-custom menu-item-object-custom menu-item-2601\"><a href=\"http:\/\/www.kolekcja-millenium.pl\/pl\/dlugopis.php?s=1&#038;g=1\" class=\"elementor-sub-item\" tabindex=\"-1\">D\u0142ugopisy metalowe<\/a><\/li>\n\t<li class=\"menu-item menu-item-type-custom menu-item-object-custom menu-item-2602\"><a href=\"https:\/\/www.royaldesign.pl\/products\" class=\"elementor-sub-item\" tabindex=\"-1\">Upominki reklamowe<\/a><\/li>\n\t<li class=\"menu-item menu-item-type-custom menu-item-object-custom menu-item-2603\"><a href=\"http:\/\/www.its-easy-now.tiphost.net\/pl-123ce316d60d\/visual-anna-zelazek\" class=\"elementor-sub-item\" tabindex=\"-1\">Katalog produkt\u00f3w reklamowych 1<\/a><\/li>\n\t<li class=\"menu-item menu-item-type-custom menu-item-object-custom menu-item-2604\"><a href=\"http:\/\/www.m-collection.tiphost.net\/index.php?lang=pl&#038;vkey=d6a692a7980d\" class=\"elementor-sub-item\" tabindex=\"-1\">Katalog produkt\u00f3w reklamowych 2<\/a><\/li>\n<\/ul>\n<\/li>\n<li class=\"menu-item menu-item-type-post_type menu-item-object-page menu-item-726\"><a href=\"https:\/\/visualreklama.pl\/index.php\/odziez-i-upominki\/galanteria-skorzana\/\" class=\"elementor-item\" tabindex=\"-1\">Galanteria sk\u00f3rzana<\/a><\/li>\n<li class=\"menu-item menu-item-type-post_type menu-item-object-page menu-item-727\"><a href=\"https:\/\/visualreklama.pl\/index.php\/odziez-i-upominki\/ceramika-z-logo\/\" class=\"elementor-item\" tabindex=\"-1\">Ceramika z logo<\/a><\/li>\n<li class=\"menu-item menu-item-type-post_type menu-item-object-page menu-item-728\"><a href=\"https:\/\/visualreklama.pl\/index.php\/odziez-i-upominki\/usb-power-banki-pendrive\/\" class=\"elementor-item\" tabindex=\"-1\">USB, power banki, pendrive<\/a><\/li>\n<li class=\"menu-item menu-item-type-post_type menu-item-object-page menu-item-729\"><a href=\"https:\/\/visualreklama.pl\/index.php\/odziez-i-upominki\/podziekowania-puchary-medale\/\" class=\"elementor-item\" tabindex=\"-1\">Podzi\u0119kowania, puchary, medale<\/a><\/li>\n<\/ul>\t\t\t<\/nav>\n\t\t\t\t\t\t<\/div>\n\t\t\t\t<\/div>\n\t\t\t\t\t<\/div>\n\t\t<\/div>\n\t\t\t\t\t<\/div>\n\t\t<\/section>\n\t\t\t\t<div class=\"elementor-section elementor-top-section elementor-element elementor-element-54787a9f elementor-section-height-full elementor-section-items-stretch elementor-section-full_width elementor-hidden-phone elementor-section-height-default\" data-id=\"54787a9f\" data-element_type=\"section\" data-e-type=\"section\">\n\t\t\t\t\t\t\t<div class=\"elementor-background-overlay\"><\/div>\n\t\t\t\t\t\t\t<div class=\"elementor-container elementor-column-gap-default\">\n\t\t\t\t\t<div class=\"elementor-column elementor-col-50 elementor-top-column elementor-element elementor-element-1844a7fc\" data-id=\"1844a7fc\" data-element_type=\"column\" data-e-type=\"column\" data-settings=\"{&quot;background_background&quot;:&quot;classic&quot;}\">\n\t\t\t<div class=\"elementor-widget-wrap elementor-element-populated\">\n\t\t\t\t\t\t<div class=\"elementor-element elementor-element-5aa1cd72 elementor-nav-menu__align-start section-menu elementor-nav-menu__text-align-center elementor-nav-menu--dropdown-tablet elementor-nav-menu--toggle elementor-nav-menu--burger elementor-widget elementor-widget-nav-menu\" data-id=\"5aa1cd72\" data-element_type=\"widget\" data-e-type=\"widget\" data-settings=\"{&quot;layout&quot;:&quot;vertical&quot;,&quot;submenu_icon&quot;:{&quot;value&quot;:&quot;&lt;i class=\\&quot;fa fa-caret-down\\&quot; aria-hidden=\\&quot;true\\&quot;&gt;&lt;\\\/i&gt;&quot;,&quot;library&quot;:&quot;fa-solid&quot;},&quot;toggle&quot;:&quot;burger&quot;}\" data-widget_type=\"nav-menu.default\">\n\t\t\t\t<div class=\"elementor-widget-container\">\n\t\t\t\t\t\t\t\t<nav aria-label=\"Menu\" class=\"elementor-nav-menu--main elementor-nav-menu__container elementor-nav-menu--layout-vertical e--pointer-background e--animation-none\">\n\t\t\t\t<ul id=\"menu-1-5aa1cd72\" class=\"elementor-nav-menu sm-vertical\"><li class=\"menu-item menu-item-type-post_type menu-item-object-page menu-item-720\"><a href=\"https:\/\/visualreklama.pl\/index.php\/odziez-i-upominki\/\" class=\"elementor-item\">Odzie\u017c i upominki<\/a><\/li>\n<li class=\"menu-item menu-item-type-post_type menu-item-object-page menu-item-721\"><a href=\"https:\/\/visualreklama.pl\/index.php\/odziez-i-upominki\/odziez-sportowa-biznesowa-robocza\/\" class=\"elementor-item\">Odzie\u017c sportowa, biznesowa, robocza<\/a><\/li>\n<li class=\"menu-item menu-item-type-post_type menu-item-object-page menu-item-722\"><a href=\"https:\/\/visualreklama.pl\/index.php\/odziez-i-upominki\/torby-plecaki-z-logo\/\" class=\"elementor-item\">Torby, plecaki z logo<\/a><\/li>\n<li class=\"menu-item menu-item-type-post_type menu-item-object-page menu-item-723\"><a href=\"https:\/\/visualreklama.pl\/index.php\/odziez-i-upominki\/reczniki-drukowane-i-z-haftem\/\" class=\"elementor-item\">R\u0119czniki drukowane i z haftem<\/a><\/li>\n<li class=\"menu-item menu-item-type-post_type menu-item-object-page menu-item-724\"><a href=\"https:\/\/visualreklama.pl\/index.php\/odziez-i-upominki\/odziez-bhp\/\" class=\"elementor-item\">Odzie\u017c BHP<\/a><\/li>\n<li class=\"menu-item menu-item-type-post_type menu-item-object-page menu-item-has-children menu-item-725\"><a href=\"https:\/\/visualreklama.pl\/index.php\/odziez-i-upominki\/upominki-z-logo\/\" class=\"elementor-item\">Upominki z logo<\/a>\n<ul class=\"sub-menu elementor-nav-menu--dropdown\">\n\t<li class=\"menu-item menu-item-type-custom menu-item-object-custom menu-item-2600\"><a href=\"http:\/\/pen4you.pl\/visualreklama\/oferta\/\" class=\"elementor-sub-item\">D\u0142ugopisy plastikowe<\/a><\/li>\n\t<li class=\"menu-item menu-item-type-custom menu-item-object-custom menu-item-2601\"><a href=\"http:\/\/www.kolekcja-millenium.pl\/pl\/dlugopis.php?s=1&#038;g=1\" class=\"elementor-sub-item\">D\u0142ugopisy metalowe<\/a><\/li>\n\t<li class=\"menu-item menu-item-type-custom menu-item-object-custom menu-item-2602\"><a href=\"https:\/\/www.royaldesign.pl\/products\" class=\"elementor-sub-item\">Upominki reklamowe<\/a><\/li>\n\t<li class=\"menu-item menu-item-type-custom menu-item-object-custom menu-item-2603\"><a href=\"http:\/\/www.its-easy-now.tiphost.net\/pl-123ce316d60d\/visual-anna-zelazek\" class=\"elementor-sub-item\">Katalog produkt\u00f3w reklamowych 1<\/a><\/li>\n\t<li class=\"menu-item menu-item-type-custom menu-item-object-custom menu-item-2604\"><a href=\"http:\/\/www.m-collection.tiphost.net\/index.php?lang=pl&#038;vkey=d6a692a7980d\" class=\"elementor-sub-item\">Katalog produkt\u00f3w reklamowych 2<\/a><\/li>\n<\/ul>\n<\/li>\n<li class=\"menu-item menu-item-type-post_type menu-item-object-page menu-item-726\"><a href=\"https:\/\/visualreklama.pl\/index.php\/odziez-i-upominki\/galanteria-skorzana\/\" class=\"elementor-item\">Galanteria sk\u00f3rzana<\/a><\/li>\n<li class=\"menu-item menu-item-type-post_type menu-item-object-page menu-item-727\"><a href=\"https:\/\/visualreklama.pl\/index.php\/odziez-i-upominki\/ceramika-z-logo\/\" class=\"elementor-item\">Ceramika z logo<\/a><\/li>\n<li class=\"menu-item menu-item-type-post_type menu-item-object-page menu-item-728\"><a href=\"https:\/\/visualreklama.pl\/index.php\/odziez-i-upominki\/usb-power-banki-pendrive\/\" class=\"elementor-item\">USB, power banki, pendrive<\/a><\/li>\n<li class=\"menu-item menu-item-type-post_type menu-item-object-page menu-item-729\"><a href=\"https:\/\/visualreklama.pl\/index.php\/odziez-i-upominki\/podziekowania-puchary-medale\/\" class=\"elementor-item\">Podzi\u0119kowania, puchary, medale<\/a><\/li>\n<\/ul>\t\t\t<\/nav>\n\t\t\t\t\t<div class=\"elementor-menu-toggle\" role=\"button\" tabindex=\"0\" aria-label=\"Menu Toggle\" aria-expanded=\"false\">\n\t\t\t<i aria-hidden=\"true\" role=\"presentation\" class=\"elementor-menu-toggle__icon--open eicon-menu-bar\"><\/i><i aria-hidden=\"true\" role=\"presentation\" class=\"elementor-menu-toggle__icon--close eicon-close\"><\/i>\t\t<\/div>\n\t\t\t\t\t<nav class=\"elementor-nav-menu--dropdown elementor-nav-menu__container\" aria-hidden=\"true\">\n\t\t\t\t<ul id=\"menu-2-5aa1cd72\" class=\"elementor-nav-menu sm-vertical\"><li class=\"menu-item menu-item-type-post_type menu-item-object-page menu-item-720\"><a href=\"https:\/\/visualreklama.pl\/index.php\/odziez-i-upominki\/\" class=\"elementor-item\" tabindex=\"-1\">Odzie\u017c i upominki<\/a><\/li>\n<li class=\"menu-item menu-item-type-post_type menu-item-object-page menu-item-721\"><a href=\"https:\/\/visualreklama.pl\/index.php\/odziez-i-upominki\/odziez-sportowa-biznesowa-robocza\/\" class=\"elementor-item\" tabindex=\"-1\">Odzie\u017c sportowa, biznesowa, robocza<\/a><\/li>\n<li class=\"menu-item menu-item-type-post_type menu-item-object-page menu-item-722\"><a href=\"https:\/\/visualreklama.pl\/index.php\/odziez-i-upominki\/torby-plecaki-z-logo\/\" class=\"elementor-item\" tabindex=\"-1\">Torby, plecaki z logo<\/a><\/li>\n<li class=\"menu-item menu-item-type-post_type menu-item-object-page menu-item-723\"><a href=\"https:\/\/visualreklama.pl\/index.php\/odziez-i-upominki\/reczniki-drukowane-i-z-haftem\/\" class=\"elementor-item\" tabindex=\"-1\">R\u0119czniki drukowane i z haftem<\/a><\/li>\n<li class=\"menu-item menu-item-type-post_type menu-item-object-page menu-item-724\"><a href=\"https:\/\/visualreklama.pl\/index.php\/odziez-i-upominki\/odziez-bhp\/\" class=\"elementor-item\" tabindex=\"-1\">Odzie\u017c BHP<\/a><\/li>\n<li class=\"menu-item menu-item-type-post_type menu-item-object-page menu-item-has-children menu-item-725\"><a href=\"https:\/\/visualreklama.pl\/index.php\/odziez-i-upominki\/upominki-z-logo\/\" class=\"elementor-item\" tabindex=\"-1\">Upominki z logo<\/a>\n<ul class=\"sub-menu elementor-nav-menu--dropdown\">\n\t<li class=\"menu-item menu-item-type-custom menu-item-object-custom menu-item-2600\"><a href=\"http:\/\/pen4you.pl\/visualreklama\/oferta\/\" class=\"elementor-sub-item\" tabindex=\"-1\">D\u0142ugopisy plastikowe<\/a><\/li>\n\t<li class=\"menu-item menu-item-type-custom menu-item-object-custom menu-item-2601\"><a href=\"http:\/\/www.kolekcja-millenium.pl\/pl\/dlugopis.php?s=1&#038;g=1\" class=\"elementor-sub-item\" tabindex=\"-1\">D\u0142ugopisy metalowe<\/a><\/li>\n\t<li class=\"menu-item menu-item-type-custom menu-item-object-custom menu-item-2602\"><a href=\"https:\/\/www.royaldesign.pl\/products\" class=\"elementor-sub-item\" tabindex=\"-1\">Upominki reklamowe<\/a><\/li>\n\t<li class=\"menu-item menu-item-type-custom menu-item-object-custom menu-item-2603\"><a href=\"http:\/\/www.its-easy-now.tiphost.net\/pl-123ce316d60d\/visual-anna-zelazek\" class=\"elementor-sub-item\" tabindex=\"-1\">Katalog produkt\u00f3w reklamowych 1<\/a><\/li>\n\t<li class=\"menu-item menu-item-type-custom menu-item-object-custom menu-item-2604\"><a href=\"http:\/\/www.m-collection.tiphost.net\/index.php?lang=pl&#038;vkey=d6a692a7980d\" class=\"elementor-sub-item\" tabindex=\"-1\">Katalog produkt\u00f3w reklamowych 2<\/a><\/li>\n<\/ul>\n<\/li>\n<li class=\"menu-item menu-item-type-post_type menu-item-object-page menu-item-726\"><a href=\"https:\/\/visualreklama.pl\/index.php\/odziez-i-upominki\/galanteria-skorzana\/\" class=\"elementor-item\" tabindex=\"-1\">Galanteria sk\u00f3rzana<\/a><\/li>\n<li class=\"menu-item menu-item-type-post_type menu-item-object-page menu-item-727\"><a href=\"https:\/\/visualreklama.pl\/index.php\/odziez-i-upominki\/ceramika-z-logo\/\" class=\"elementor-item\" tabindex=\"-1\">Ceramika z logo<\/a><\/li>\n<li class=\"menu-item menu-item-type-post_type menu-item-object-page menu-item-728\"><a href=\"https:\/\/visualreklama.pl\/index.php\/odziez-i-upominki\/usb-power-banki-pendrive\/\" class=\"elementor-item\" tabindex=\"-1\">USB, power banki, pendrive<\/a><\/li>\n<li class=\"menu-item menu-item-type-post_type menu-item-object-page menu-item-729\"><a href=\"https:\/\/visualreklama.pl\/index.php\/odziez-i-upominki\/podziekowania-puchary-medale\/\" class=\"elementor-item\" tabindex=\"-1\">Podzi\u0119kowania, puchary, medale<\/a><\/li>\n<\/ul>\t\t\t<\/nav>\n\t\t\t\t\t\t<\/div>\n\t\t\t\t<\/div>\n\t\t\t\t\t<\/div>\n\t\t<\/div>\n\t\t\t\t<div class=\"elementor-column elementor-col-50 elementor-top-column elementor-element elementor-element-66cde1d7\" data-id=\"66cde1d7\" data-element_type=\"column\" data-e-type=\"column\" data-settings=\"{&quot;background_background&quot;:&quot;classic&quot;}\">\n\t\t\t<div class=\"elementor-widget-wrap elementor-element-populated\">\n\t\t\t\t\t\t<section class=\"elementor-section elementor-inner-section elementor-element elementor-element-45bc449e elementor-section-boxed elementor-section-height-default elementor-section-height-default\" data-id=\"45bc449e\" data-element_type=\"section\" data-e-type=\"section\">\n\t\t\t\t\t\t<div class=\"elementor-container elementor-column-gap-no\">\n\t\t\t\t\t<div class=\"elementor-column elementor-col-100 elementor-inner-column elementor-element elementor-element-30361d61\" data-id=\"30361d61\" data-element_type=\"column\" data-e-type=\"column\">\n\t\t\t<div class=\"elementor-widget-wrap elementor-element-populated\">\n\t\t\t\t\t\t<div class=\"elementor-element elementor-element-42556c4d elementor-widget-divider--view-line elementor-widget elementor-widget-divider\" data-id=\"42556c4d\" data-element_type=\"widget\" data-e-type=\"widget\" data-widget_type=\"divider.default\">\n\t\t\t\t<div class=\"elementor-widget-container\">\n\t\t\t\t\t\t\t<div class=\"elementor-divider\">\n\t\t\t<span class=\"elementor-divider-separator\">\n\t\t\t\t\t\t<\/span>\n\t\t<\/div>\n\t\t\t\t\t\t<\/div>\n\t\t\t\t<\/div>\n\t\t\t\t<div class=\"elementor-element elementor-element-9a5a0a5 section-about-services elementor-widget elementor-widget-text-editor\" data-id=\"9a5a0a5\" data-element_type=\"widget\" data-e-type=\"widget\" data-widget_type=\"text-editor.default\">\n\t\t\t\t<div class=\"elementor-widget-container\">\n\t\t\t\t\t\t\t\t\t<p>Znakujemy wszelkiego rodzaju r\u0119czniki (frotte, sportowe &#8211; szybkoschn\u0105ce) za pomoc\u0105 bezpo\u015bredniego nadruku na ca\u0142ej powierzchni, lub na jej cz\u0119\u015bci, a tak\u017ce metod\u0105 termo-transferu lub haftu. Oferujemy produkty kilkudzi\u0119si\u0119ciu marek w r\u00f3\u017cnych wariantach kolorystycznych i rozmiarach.<\/p>\t\t\t\t\t\t\t\t<\/div>\n\t\t\t\t<\/div>\n\t\t\t\t\t<\/div>\n\t\t<\/div>\n\t\t\t\t\t<\/div>\n\t\t<\/section>\n\t\t\t\t\t<\/div>\n\t\t<\/div>\n\t\t\t\t\t<\/div>\n\t\t<\/div>\n\t\t\t\t<\/div>\n\t\t","protected":false},"excerpt":{"rendered":"<p>Znakujemy wszelkiego rodzaju r\u0119czniki (frotte, sportowe &#8211; szybkoschn\u0105ce) za pomoc\u0105 bezpo\u015bredniego nadruku na ca\u0142ej powierzcni, lub na jej cz\u0119\u015bci, a tak\u017ce metod\u0105 termotransferu lub haftu. Oferujemy produkty kilkudzi\u0119sieciu marek w r\u00f3\u017cnych wariantach kolorystycznych i rozmiarach. Znakujemy wszelkiego rodzaju r\u0119czniki (frotte, sportowe &#8211; szybkoschn\u0105ce) za pomoc\u0105 bezpo\u015bredniego nadruku na ca\u0142ej powierzchni, lub na jej cz\u0119\u015bci, a [&hellip;]<\/p>\n","protected":false},"author":1,"featured_media":0,"parent":569,"menu_order":3,"comment_status":"closed","ping_status":"closed","template":"elementor_header_footer","meta":{"footnotes":""},"class_list":["post-635","page","type-page","status-publish","hentry"],"_links":{"self":[{"href":"https:\/\/visualreklama.pl\/index.php\/wp-json\/wp\/v2\/pages\/635","targetHints":{"allow":["GET"]}}],"collection":[{"href":"https:\/\/visualreklama.pl\/index.php\/wp-json\/wp\/v2\/pages"}],"about":[{"href":"https:\/\/visualreklama.pl\/index.php\/wp-json\/wp\/v2\/types\/page"}],"author":[{"embeddable":true,"href":"https:\/\/visualreklama.pl\/index.php\/wp-json\/wp\/v2\/users\/1"}],"replies":[{"embeddable":true,"href":"https:\/\/visualreklama.pl\/index.php\/wp-json\/wp\/v2\/comments?post=635"}],"version-history":[{"count":21,"href":"https:\/\/visualreklama.pl\/index.php\/wp-json\/wp\/v2\/pages\/635\/revisions"}],"predecessor-version":[{"id":2565,"href":"https:\/\/visualreklama.pl\/index.php\/wp-json\/wp\/v2\/pages\/635\/revisions\/2565"}],"up":[{"embeddable":true,"href":"https:\/\/visualreklama.pl\/index.php\/wp-json\/wp\/v2\/pages\/569"}],"wp:attachment":[{"href":"https:\/\/visualreklama.pl\/index.php\/wp-json\/wp\/v2\/media?parent=635"}],"curies":[{"name":"wp","href":"https:\/\/api.w.org\/{rel}","templated":true}]}}